{"id":11019,"date":"2026-02-13T07:31:58","date_gmt":"2026-02-13T07:31:58","guid":{"rendered":"https:\/\/engitech.az\/?post_type=product&#038;p=11019"},"modified":"2026-02-13T07:31:58","modified_gmt":"2026-02-13T07:31:58","slug":"sealed-lithium-battery-power-smoke-alarm-i9010","status":"publish","type":"product","link":"https:\/\/engitech.az\/en\/product\/sealed-lithium-battery-power-smoke-alarm-i9010\/","title":{"rendered":"Sealed Lithium Battery Power Smoke Alarm i9010"},"content":{"rendered":"<p>\u2022 <strong data-start=\"107\" data-end=\"115\">Type:<\/strong> Smoke Alarm<br data-start=\"127\" data-end=\"130\" \/>\u2022 <strong data-start=\"132\" data-end=\"142\" data-is-only-node=\"\">Smart:<\/strong> No<br data-start=\"147\" data-end=\"150\" \/>\u2022 <strong data-start=\"152\" data-end=\"162\">Wi-Fi:<\/strong> None<br data-start=\"169\" data-end=\"172\" \/>\u2022 <strong data-start=\"174\" data-end=\"182\">Power:<\/strong> Sealed Lithium batareya (10 il)<br data-start=\"214\" data-end=\"217\" \/>\u2022 <strong data-start=\"219\" data-end=\"230\">Assembly:<\/strong> Ceiling or wall<br data-start=\"248\" data-end=\"251\" \/>\u2022 <strong data-start=\"253\" data-end=\"264\">Sensor:<\/strong> \u0130onizasiya tipli duman<br data-start=\"287\" data-end=\"290\" \/>\u2022 <strong data-start=\"292\" data-end=\"303\">Signal:<\/strong> 85 dB<br data-start=\"309\" data-end=\"312\" \/>\u2022 <strong data-start=\"314\" data-end=\"324\">Additional:<\/strong> Batareya d\u0259yi\u015fimi t\u0259l\u0259b etmir, z\u0259if batareya x\u0259b\u0259rdarl\u0131\u011f\u0131, test\/reset d\u00fcym\u0259si, <strong data-start=\"404\" data-end=\"445\"><span class=\"hover:entity-accent entity-underline inline cursor-pointer align-baseline\"><span class=\"whitespace-normal\">Kidde<\/span><\/span><\/strong> uy\u011funlu\u011fu<\/p>","protected":false},"excerpt":{"rendered":"<p>\u2022 N\u00f6v: Smoke Alarm\u2022 Smart: Xeyr\u2022 Wi-Fi: Yoxdur\u2022 G\u00fcc: Sealed  [&#8230;]<\/p>","protected":false},"featured_media":11020,"comment_status":"open","ping_status":"closed","template":"","meta":[],"product_brand":[],"product_cat":[336],"product_tag":[],"class_list":{"0":"post-11019","1":"product","2":"type-product","3":"status-publish","4":"has-post-thumbnail","6":"product_cat-kidde","7":"pa_mehsul-tipi-smoke-alarms","9":"first","10":"instock","11":"sold-individually","12":"shipping-taxable","13":"purchasable","14":"product-type-simple"},"_links":{"self":[{"href":"https:\/\/engitech.az\/en\/wp-json\/wp\/v2\/product\/11019","targetHints":{"allow":["GET"]}}],"collection":[{"href":"https:\/\/engitech.az\/en\/wp-json\/wp\/v2\/product"}],"about":[{"href":"https:\/\/engitech.az\/en\/wp-json\/wp\/v2\/types\/product"}],"replies":[{"embeddable":true,"href":"https:\/\/engitech.az\/en\/wp-json\/wp\/v2\/comments?post=11019"}],"wp:featuredmedia":[{"embeddable":true,"href":"https:\/\/engitech.az\/en\/wp-json\/wp\/v2\/media\/11020"}],"wp:attachment":[{"href":"https:\/\/engitech.az\/en\/wp-json\/wp\/v2\/media?parent=11019"}],"wp:term":[{"taxonomy":"product_brand","embeddable":true,"href":"https:\/\/engitech.az\/en\/wp-json\/wp\/v2\/product_brand?post=11019"},{"taxonomy":"product_cat","embeddable":true,"href":"https:\/\/engitech.az\/en\/wp-json\/wp\/v2\/product_cat?post=11019"},{"taxonomy":"product_tag","embeddable":true,"href":"https:\/\/engitech.az\/en\/wp-json\/wp\/v2\/product_tag?post=11019"}],"curies":[{"name":"wp","href":"https:\/\/api.w.org\/{rel}","templated":true}]}}