{"id":11023,"date":"2026-02-13T07:43:29","date_gmt":"2026-02-13T07:43:29","guid":{"rendered":"https:\/\/engitech.az\/?post_type=product&#038;p=11023"},"modified":"2026-02-13T07:43:29","modified_gmt":"2026-02-13T07:43:29","slug":"hallway-battery-operated-smoke-alarm-i9080","status":"publish","type":"product","link":"https:\/\/engitech.az\/en\/product\/hallway-battery-operated-smoke-alarm-i9080\/","title":{"rendered":"Hallway Battery Operated Smoke Alarm i9080"},"content":{"rendered":"<p>\u2022 <strong data-start=\"103\" data-end=\"111\">Type:<\/strong> Smoke Alarm<br data-start=\"123\" data-end=\"126\" \/>\u2022 <strong data-start=\"128\" data-end=\"138\" data-is-only-node=\"\">Smart:<\/strong> No<br data-start=\"143\" data-end=\"146\" \/>\u2022 <strong data-start=\"148\" data-end=\"158\">Wi-Fi:<\/strong> None<br data-start=\"165\" data-end=\"168\" \/>\u2022 <strong data-start=\"170\" data-end=\"178\">Power:<\/strong> Batareya il\u0259 i\u015fl\u0259yir (AA)<br data-start=\"204\" data-end=\"207\" \/>\u2022 <strong data-start=\"209\" data-end=\"220\">Assembly:<\/strong> Tavan v\u0259 ya divar (koridor \u00fc\u00e7\u00fcn uy\u011fun)<br data-start=\"259\" data-end=\"262\" \/>\u2022 <strong data-start=\"264\" data-end=\"275\">Sensor:<\/strong> \u0130onizasiya tipli duman<br data-start=\"298\" data-end=\"301\" \/>\u2022 <strong data-start=\"303\" data-end=\"314\">Signal:<\/strong> 85 dB<br data-start=\"320\" data-end=\"323\" \/>\u2022 <strong data-start=\"325\" data-end=\"335\">Additional:<\/strong> Z\u0259if batareya x\u0259b\u0259rdarl\u0131\u011f\u0131, test\/reset d\u00fcym\u0259si, <strong data-start=\"384\" data-end=\"425\"><span class=\"hover:entity-accent entity-underline inline cursor-pointer align-baseline\"><span class=\"whitespace-normal\">Kidde<\/span><\/span><\/strong> uy\u011funlu\u011fu<\/p>","protected":false},"excerpt":{"rendered":"<p>\u2022 N\u00f6v: Smoke Alarm\u2022 Smart: Xeyr\u2022 Wi-Fi: Yoxdur\u2022 G\u00fcc: Batareya  [&#8230;]<\/p>","protected":false},"featured_media":11024,"comment_status":"open","ping_status":"closed","template":"","meta":[],"product_brand":[],"product_cat":[336],"product_tag":[],"class_list":{"0":"post-11023","1":"product","2":"type-product","3":"status-publish","4":"has-post-thumbnail","6":"product_cat-kidde","7":"pa_mehsul-tipi-smoke-alarms","9":"first","10":"instock","11":"sold-individually","12":"shipping-taxable","13":"purchasable","14":"product-type-simple"},"_links":{"self":[{"href":"https:\/\/engitech.az\/en\/wp-json\/wp\/v2\/product\/11023","targetHints":{"allow":["GET"]}}],"collection":[{"href":"https:\/\/engitech.az\/en\/wp-json\/wp\/v2\/product"}],"about":[{"href":"https:\/\/engitech.az\/en\/wp-json\/wp\/v2\/types\/product"}],"replies":[{"embeddable":true,"href":"https:\/\/engitech.az\/en\/wp-json\/wp\/v2\/comments?post=11023"}],"wp:featuredmedia":[{"embeddable":true,"href":"https:\/\/engitech.az\/en\/wp-json\/wp\/v2\/media\/11024"}],"wp:attachment":[{"href":"https:\/\/engitech.az\/en\/wp-json\/wp\/v2\/media?parent=11023"}],"wp:term":[{"taxonomy":"product_brand","embeddable":true,"href":"https:\/\/engitech.az\/en\/wp-json\/wp\/v2\/product_brand?post=11023"},{"taxonomy":"product_cat","embeddable":true,"href":"https:\/\/engitech.az\/en\/wp-json\/wp\/v2\/product_cat?post=11023"},{"taxonomy":"product_tag","embeddable":true,"href":"https:\/\/engitech.az\/en\/wp-json\/wp\/v2\/product_tag?post=11023"}],"curies":[{"name":"wp","href":"https:\/\/api.w.org\/{rel}","templated":true}]}}