{"id":11025,"date":"2026-02-13T07:46:54","date_gmt":"2026-02-13T07:46:54","guid":{"rendered":"https:\/\/engitech.az\/?post_type=product&#038;p=11025"},"modified":"2026-02-13T07:46:55","modified_gmt":"2026-02-13T07:46:55","slug":"worry-free-hardwired-interconnect-smoke-alarm-sealed-lithium-battery-backup-i12010s","status":"publish","type":"product","link":"https:\/\/engitech.az\/en\/product\/worry-free-hardwired-interconnect-smoke-alarm-sealed-lithium-battery-backup-i12010s\/","title":{"rendered":"Worry-Free Hardwired Interconnect Smoke Alarm Sealed Lithium Battery Backup i12010S"},"content":{"rendered":"<p>\u2022 <strong data-start=\"114\" data-end=\"122\">Type:<\/strong> Smoke Alarm<br data-start=\"134\" data-end=\"137\" \/>\u2022 <strong data-start=\"139\" data-end=\"149\" data-is-only-node=\"\">Smart:<\/strong> No<br data-start=\"154\" data-end=\"157\" \/>\u2022 <strong data-start=\"159\" data-end=\"169\">Wi-Fi:<\/strong> None<br data-start=\"176\" data-end=\"179\" \/>\u2022 <strong data-start=\"181\" data-end=\"189\">Power:<\/strong> 120 V AC (hardwired) + sealed lithium ehtiyat batareya (10 il)<br data-start=\"252\" data-end=\"255\" \/>\u2022 <strong data-start=\"257\" data-end=\"268\">Assembly:<\/strong> Ceiling or wall<br data-start=\"286\" data-end=\"289\" \/>\u2022 <strong data-start=\"291\" data-end=\"302\">Sensor:<\/strong> \u0130onizasiya tipli duman<br data-start=\"325\" data-end=\"328\" \/>\u2022 <strong data-start=\"330\" data-end=\"341\">Signal:<\/strong> 85 dB<br data-start=\"347\" data-end=\"350\" \/>\u2022 <strong data-start=\"352\" data-end=\"362\">Additional:<\/strong> Batareya d\u0259yi\u015fimi t\u0259l\u0259b etmir, interconnect d\u0259st\u0259yi, z\u0259if batareya x\u0259b\u0259rdarl\u0131\u011f\u0131, test\/reset d\u00fcym\u0259si, <strong data-start=\"464\" data-end=\"505\"><span class=\"hover:entity-accent entity-underline inline cursor-pointer align-baseline\"><span class=\"whitespace-normal\">Kidde<\/span><\/span><\/strong> Worry-Free seriyas\u0131<\/p>","protected":false},"excerpt":{"rendered":"<p>\u2022 N\u00f6v: Smoke Alarm\u2022 Smart: Xeyr\u2022 Wi-Fi: Yoxdur\u2022 G\u00fcc: 120  [&#8230;]<\/p>","protected":false},"featured_media":11026,"comment_status":"open","ping_status":"closed","template":"","meta":[],"product_brand":[],"product_cat":[336],"product_tag":[],"class_list":{"0":"post-11025","1":"product","2":"type-product","3":"status-publish","4":"has-post-thumbnail","6":"product_cat-kidde","7":"pa_mehsul-tipi-smoke-alarms","9":"first","10":"instock","11":"sold-individually","12":"shipping-taxable","13":"purchasable","14":"product-type-simple"},"_links":{"self":[{"href":"https:\/\/engitech.az\/en\/wp-json\/wp\/v2\/product\/11025","targetHints":{"allow":["GET"]}}],"collection":[{"href":"https:\/\/engitech.az\/en\/wp-json\/wp\/v2\/product"}],"about":[{"href":"https:\/\/engitech.az\/en\/wp-json\/wp\/v2\/types\/product"}],"replies":[{"embeddable":true,"href":"https:\/\/engitech.az\/en\/wp-json\/wp\/v2\/comments?post=11025"}],"wp:featuredmedia":[{"embeddable":true,"href":"https:\/\/engitech.az\/en\/wp-json\/wp\/v2\/media\/11026"}],"wp:attachment":[{"href":"https:\/\/engitech.az\/en\/wp-json\/wp\/v2\/media?parent=11025"}],"wp:term":[{"taxonomy":"product_brand","embeddable":true,"href":"https:\/\/engitech.az\/en\/wp-json\/wp\/v2\/product_brand?post=11025"},{"taxonomy":"product_cat","embeddable":true,"href":"https:\/\/engitech.az\/en\/wp-json\/wp\/v2\/product_cat?post=11025"},{"taxonomy":"product_tag","embeddable":true,"href":"https:\/\/engitech.az\/en\/wp-json\/wp\/v2\/product_tag?post=11025"}],"curies":[{"name":"wp","href":"https:\/\/api.w.org\/{rel}","templated":true}]}}