{"id":11027,"date":"2026-02-13T08:00:47","date_gmt":"2026-02-13T08:00:47","guid":{"rendered":"https:\/\/engitech.az\/?post_type=product&#038;p=11027"},"modified":"2026-02-13T08:00:47","modified_gmt":"2026-02-13T08:00:47","slug":"dual-sensor-ac-hardwired-interconnect-smoke-alarm-pi2010","status":"publish","type":"product","link":"https:\/\/engitech.az\/en\/product\/dual-sensor-ac-hardwired-interconnect-smoke-alarm-pi2010\/","title":{"rendered":"Dual Sensor AC Hardwired Interconnect Smoke Alarm PI2010"},"content":{"rendered":"<p>\u2022 <strong data-start=\"117\" data-end=\"125\">Type:<\/strong> Smoke Alarm<br data-start=\"137\" data-end=\"140\" \/>\u2022 <strong data-start=\"142\" data-end=\"152\" data-is-only-node=\"\">Smart:<\/strong> No<br data-start=\"157\" data-end=\"160\" \/>\u2022 <strong data-start=\"162\" data-end=\"172\">Wi-Fi:<\/strong> None<br data-start=\"179\" data-end=\"182\" \/>\u2022 <strong data-start=\"184\" data-end=\"192\">Power:<\/strong> 120 V AC (hardwired)<br data-start=\"213\" data-end=\"216\" \/>\u2022 <strong data-start=\"218\" data-end=\"229\">Assembly:<\/strong> Ceiling or wall<br data-start=\"247\" data-end=\"250\" \/>\u2022 <strong data-start=\"252\" data-end=\"263\">Sensor:<\/strong> Dual sensor (Fotoelektrik + \u0130onizasiya)<br data-start=\"303\" data-end=\"306\" \/>\u2022 <strong data-start=\"308\" data-end=\"319\">Signal:<\/strong> 85 dB<br data-start=\"325\" data-end=\"328\" \/>\u2022 <strong data-start=\"330\" data-end=\"340\">Additional:<\/strong> \u0130nterconnect d\u0259st\u0259yi, test\/reset d\u00fcym\u0259si, daha s\u00fcr\u0259tli v\u0259 geni\u015f t\u00fcst\u00fc a\u015fkarlanmas\u0131, <strong data-start=\"425\" data-end=\"466\"><span class=\"hover:entity-accent entity-underline inline cursor-pointer align-baseline\"><span class=\"whitespace-normal\">Kidde<\/span><\/span><\/strong> uy\u011funlu\u011fu<\/p>","protected":false},"excerpt":{"rendered":"<p>\u2022 N\u00f6v: Smoke Alarm\u2022 Smart: Xeyr\u2022 Wi-Fi: Yoxdur\u2022 G\u00fcc: 120  [&#8230;]<\/p>","protected":false},"featured_media":11028,"comment_status":"open","ping_status":"closed","template":"","meta":[],"product_brand":[],"product_cat":[336],"product_tag":[],"class_list":{"0":"post-11027","1":"product","2":"type-product","3":"status-publish","4":"has-post-thumbnail","6":"product_cat-kidde","7":"pa_mehsul-tipi-smoke-alarms","9":"first","10":"instock","11":"sold-individually","12":"shipping-taxable","13":"purchasable","14":"product-type-simple"},"_links":{"self":[{"href":"https:\/\/engitech.az\/en\/wp-json\/wp\/v2\/product\/11027","targetHints":{"allow":["GET"]}}],"collection":[{"href":"https:\/\/engitech.az\/en\/wp-json\/wp\/v2\/product"}],"about":[{"href":"https:\/\/engitech.az\/en\/wp-json\/wp\/v2\/types\/product"}],"replies":[{"embeddable":true,"href":"https:\/\/engitech.az\/en\/wp-json\/wp\/v2\/comments?post=11027"}],"wp:featuredmedia":[{"embeddable":true,"href":"https:\/\/engitech.az\/en\/wp-json\/wp\/v2\/media\/11028"}],"wp:attachment":[{"href":"https:\/\/engitech.az\/en\/wp-json\/wp\/v2\/media?parent=11027"}],"wp:term":[{"taxonomy":"product_brand","embeddable":true,"href":"https:\/\/engitech.az\/en\/wp-json\/wp\/v2\/product_brand?post=11027"},{"taxonomy":"product_cat","embeddable":true,"href":"https:\/\/engitech.az\/en\/wp-json\/wp\/v2\/product_cat?post=11027"},{"taxonomy":"product_tag","embeddable":true,"href":"https:\/\/engitech.az\/en\/wp-json\/wp\/v2\/product_tag?post=11027"}],"curies":[{"name":"wp","href":"https:\/\/api.w.org\/{rel}","templated":true}]}}