{"id":11029,"date":"2026-02-13T08:04:36","date_gmt":"2026-02-13T08:04:36","guid":{"rendered":"https:\/\/engitech.az\/?post_type=product&#038;p=11029"},"modified":"2026-02-13T08:04:37","modified_gmt":"2026-02-13T08:04:37","slug":"dual-sensor-battery-operated-smoke-alarm-pi9010","status":"publish","type":"product","link":"https:\/\/engitech.az\/en\/product\/dual-sensor-battery-operated-smoke-alarm-pi9010\/","title":{"rendered":"Dual Sensor Battery Operated Smoke Alarm PI9010"},"content":{"rendered":"<p>\u2022 <strong data-start=\"108\" data-end=\"116\">Type:<\/strong> Smoke Alarm<br data-start=\"128\" data-end=\"131\" \/>\u2022 <strong data-start=\"133\" data-end=\"143\" data-is-only-node=\"\">Smart:<\/strong> No<br data-start=\"148\" data-end=\"151\" \/>\u2022 <strong data-start=\"153\" data-end=\"163\">Wi-Fi:<\/strong> None<br data-start=\"170\" data-end=\"173\" \/>\u2022 <strong data-start=\"175\" data-end=\"183\">Power:<\/strong> Batareya il\u0259 i\u015fl\u0259yir<br data-start=\"204\" data-end=\"207\" \/>\u2022 <strong data-start=\"209\" data-end=\"220\">Assembly:<\/strong> Ceiling or wall<br data-start=\"238\" data-end=\"241\" \/>\u2022 <strong data-start=\"243\" data-end=\"254\">Sensor:<\/strong> Dual sensor (Fotoelektrik + \u0130onizasiya)<br data-start=\"294\" data-end=\"297\" \/>\u2022 <strong data-start=\"299\" data-end=\"310\">Signal:<\/strong> 85 dB<br data-start=\"316\" data-end=\"319\" \/>\u2022 <strong data-start=\"321\" data-end=\"331\">Additional:<\/strong> Geni\u015f t\u00fcst\u00fc a\u015fkarlanmas\u0131, z\u0259if batareya x\u0259b\u0259rdarl\u0131\u011f\u0131, test\/reset d\u00fcym\u0259si, <strong data-start=\"406\" data-end=\"447\"><span class=\"hover:entity-accent entity-underline inline cursor-pointer align-baseline\"><span class=\"whitespace-normal\">Kidde<\/span><\/span><\/strong> uy\u011funlu\u011fu<\/p>","protected":false},"excerpt":{"rendered":"<p>\u2022 N\u00f6v: Smoke Alarm\u2022 Smart: Xeyr\u2022 Wi-Fi: Yoxdur\u2022 G\u00fcc: Batareya  [&#8230;]<\/p>","protected":false},"featured_media":11030,"comment_status":"open","ping_status":"closed","template":"","meta":[],"product_brand":[],"product_cat":[336],"product_tag":[],"class_list":{"0":"post-11029","1":"product","2":"type-product","3":"status-publish","4":"has-post-thumbnail","6":"product_cat-kidde","7":"pa_mehsul-tipi-smoke-alarms","9":"first","10":"instock","11":"sold-individually","12":"shipping-taxable","13":"purchasable","14":"product-type-simple"},"_links":{"self":[{"href":"https:\/\/engitech.az\/en\/wp-json\/wp\/v2\/product\/11029","targetHints":{"allow":["GET"]}}],"collection":[{"href":"https:\/\/engitech.az\/en\/wp-json\/wp\/v2\/product"}],"about":[{"href":"https:\/\/engitech.az\/en\/wp-json\/wp\/v2\/types\/product"}],"replies":[{"embeddable":true,"href":"https:\/\/engitech.az\/en\/wp-json\/wp\/v2\/comments?post=11029"}],"wp:featuredmedia":[{"embeddable":true,"href":"https:\/\/engitech.az\/en\/wp-json\/wp\/v2\/media\/11030"}],"wp:attachment":[{"href":"https:\/\/engitech.az\/en\/wp-json\/wp\/v2\/media?parent=11029"}],"wp:term":[{"taxonomy":"product_brand","embeddable":true,"href":"https:\/\/engitech.az\/en\/wp-json\/wp\/v2\/product_brand?post=11029"},{"taxonomy":"product_cat","embeddable":true,"href":"https:\/\/engitech.az\/en\/wp-json\/wp\/v2\/product_cat?post=11029"},{"taxonomy":"product_tag","embeddable":true,"href":"https:\/\/engitech.az\/en\/wp-json\/wp\/v2\/product_tag?post=11029"}],"curies":[{"name":"wp","href":"https:\/\/api.w.org\/{rel}","templated":true}]}}