{"id":11031,"date":"2026-02-13T08:09:08","date_gmt":"2026-02-13T08:09:08","guid":{"rendered":"https:\/\/engitech.az\/?post_type=product&#038;p=11031"},"modified":"2026-02-13T08:09:08","modified_gmt":"2026-02-13T08:09:08","slug":"photoelectric-battery-operated-4-smoke-alarm-p9040","status":"publish","type":"product","link":"https:\/\/engitech.az\/en\/product\/photoelectric-battery-operated-4-smoke-alarm-p9040\/","title":{"rendered":"Photoelectric Battery Operated 4&#8243; Smoke Alarm P9040"},"content":{"rendered":"<p>\u2022 <strong data-start=\"112\" data-end=\"120\">Type:<\/strong> Smoke Alarm<br data-start=\"132\" data-end=\"135\" \/>\u2022 <strong data-start=\"137\" data-end=\"147\" data-is-only-node=\"\">Smart:<\/strong> No<br data-start=\"152\" data-end=\"155\" \/>\u2022 <strong data-start=\"157\" data-end=\"167\">Wi-Fi:<\/strong> None<br data-start=\"174\" data-end=\"177\" \/>\u2022 <strong data-start=\"179\" data-end=\"187\">Power:<\/strong> Batareya il\u0259 i\u015fl\u0259yir<br data-start=\"208\" data-end=\"211\" \/>\u2022 <strong data-start=\"213\" data-end=\"224\">Assembly:<\/strong> Ceiling or wall<br data-start=\"242\" data-end=\"245\" \/>\u2022 <strong data-start=\"247\" data-end=\"258\">Sensor:<\/strong> Fotoelektrik duman<br data-start=\"277\" data-end=\"280\" \/>\u2022 <strong data-start=\"282\" data-end=\"291\">Size:<\/strong> 4&#8243;<br data-start=\"294\" data-end=\"297\" \/>\u2022 <strong data-start=\"299\" data-end=\"310\">Signal:<\/strong> 85 dB<br data-start=\"316\" data-end=\"319\" \/>\u2022 <strong data-start=\"321\" data-end=\"331\">Additional:<\/strong> Z\u0259if batareya x\u0259b\u0259rdarl\u0131\u011f\u0131, test\/reset d\u00fcym\u0259si, <strong data-start=\"380\" data-end=\"421\"><span class=\"hover:entity-accent entity-underline inline cursor-pointer align-baseline\"><span class=\"whitespace-normal\">Kidde<\/span><\/span><\/strong> uy\u011funlu\u011fu<\/p>","protected":false},"excerpt":{"rendered":"<p>\u2022 N\u00f6v: Smoke Alarm\u2022 Smart: Xeyr\u2022 Wi-Fi: Yoxdur\u2022 G\u00fcc: Batareya  [&#8230;]<\/p>","protected":false},"featured_media":11032,"comment_status":"open","ping_status":"closed","template":"","meta":[],"product_brand":[],"product_cat":[336],"product_tag":[],"class_list":{"0":"post-11031","1":"product","2":"type-product","3":"status-publish","4":"has-post-thumbnail","6":"product_cat-kidde","7":"pa_mehsul-tipi-smoke-alarms","9":"first","10":"instock","11":"sold-individually","12":"shipping-taxable","13":"purchasable","14":"product-type-simple"},"_links":{"self":[{"href":"https:\/\/engitech.az\/en\/wp-json\/wp\/v2\/product\/11031","targetHints":{"allow":["GET"]}}],"collection":[{"href":"https:\/\/engitech.az\/en\/wp-json\/wp\/v2\/product"}],"about":[{"href":"https:\/\/engitech.az\/en\/wp-json\/wp\/v2\/types\/product"}],"replies":[{"embeddable":true,"href":"https:\/\/engitech.az\/en\/wp-json\/wp\/v2\/comments?post=11031"}],"wp:featuredmedia":[{"embeddable":true,"href":"https:\/\/engitech.az\/en\/wp-json\/wp\/v2\/media\/11032"}],"wp:attachment":[{"href":"https:\/\/engitech.az\/en\/wp-json\/wp\/v2\/media?parent=11031"}],"wp:term":[{"taxonomy":"product_brand","embeddable":true,"href":"https:\/\/engitech.az\/en\/wp-json\/wp\/v2\/product_brand?post=11031"},{"taxonomy":"product_cat","embeddable":true,"href":"https:\/\/engitech.az\/en\/wp-json\/wp\/v2\/product_cat?post=11031"},{"taxonomy":"product_tag","embeddable":true,"href":"https:\/\/engitech.az\/en\/wp-json\/wp\/v2\/product_tag?post=11031"}],"curies":[{"name":"wp","href":"https:\/\/api.w.org\/{rel}","templated":true}]}}