{"id":11033,"date":"2026-02-13T08:11:20","date_gmt":"2026-02-13T08:11:20","guid":{"rendered":"https:\/\/engitech.az\/?post_type=product&#038;p=11033"},"modified":"2026-02-13T08:11:20","modified_gmt":"2026-02-13T08:11:20","slug":"smoke-alarm-with-strobe-p4010acleds-2","status":"publish","type":"product","link":"https:\/\/engitech.az\/en\/product\/smoke-alarm-with-strobe-p4010acleds-2\/","title":{"rendered":"Smoke Alarm with Strobe P4010ACLEDS-2"},"content":{"rendered":"<p>\u2022 <strong data-start=\"98\" data-end=\"106\">Type:<\/strong> Smoke Alarm + Strobe<br data-start=\"127\" data-end=\"130\" \/>\u2022 <strong data-start=\"132\" data-end=\"142\" data-is-only-node=\"\">Smart:<\/strong> No<br data-start=\"147\" data-end=\"150\" \/>\u2022 <strong data-start=\"152\" data-end=\"162\">Wi-Fi:<\/strong> None<br data-start=\"169\" data-end=\"172\" \/>\u2022 <strong data-start=\"174\" data-end=\"182\">Power:<\/strong> 120 V AC (hardwired) + ehtiyat batareya<br data-start=\"222\" data-end=\"225\" \/>\u2022 <strong data-start=\"227\" data-end=\"238\">Assembly:<\/strong> Ceiling or wall<br data-start=\"256\" data-end=\"259\" \/>\u2022 <strong data-start=\"261\" data-end=\"272\">Sensor:<\/strong> Fotoelektrik duman<br data-start=\"291\" data-end=\"294\" \/>\u2022 <strong data-start=\"296\" data-end=\"307\">Signal:<\/strong> 85 dB + LED strobe i\u015f\u0131q<br data-start=\"331\" data-end=\"334\" \/>\u2022 <strong data-start=\"336\" data-end=\"346\">Additional:<\/strong> E\u015fitm\u0259 m\u0259hdudiyy\u0259tli \u015f\u0259xsl\u0259r \u00fc\u00e7\u00fcn uy\u011fun, interconnect d\u0259st\u0259yi, test\/reset d\u00fcym\u0259si, <strong data-start=\"430\" data-end=\"471\"><span class=\"hover:entity-accent entity-underline inline cursor-pointer align-baseline\"><span class=\"whitespace-normal\">Kidde<\/span><\/span><\/strong> uy\u011funlu\u011fu<\/p>","protected":false},"excerpt":{"rendered":"<p>\u2022 N\u00f6v: Smoke Alarm + Strobe\u2022 Smart: Xeyr\u2022 Wi-Fi: Yoxdur\u2022  [&#8230;]<\/p>","protected":false},"featured_media":11034,"comment_status":"open","ping_status":"closed","template":"","meta":[],"product_brand":[],"product_cat":[336],"product_tag":[],"class_list":{"0":"post-11033","1":"product","2":"type-product","3":"status-publish","4":"has-post-thumbnail","6":"product_cat-kidde","7":"pa_mehsul-tipi-smoke-alarms","9":"first","10":"instock","11":"sold-individually","12":"shipping-taxable","13":"purchasable","14":"product-type-simple"},"_links":{"self":[{"href":"https:\/\/engitech.az\/en\/wp-json\/wp\/v2\/product\/11033","targetHints":{"allow":["GET"]}}],"collection":[{"href":"https:\/\/engitech.az\/en\/wp-json\/wp\/v2\/product"}],"about":[{"href":"https:\/\/engitech.az\/en\/wp-json\/wp\/v2\/types\/product"}],"replies":[{"embeddable":true,"href":"https:\/\/engitech.az\/en\/wp-json\/wp\/v2\/comments?post=11033"}],"wp:featuredmedia":[{"embeddable":true,"href":"https:\/\/engitech.az\/en\/wp-json\/wp\/v2\/media\/11034"}],"wp:attachment":[{"href":"https:\/\/engitech.az\/en\/wp-json\/wp\/v2\/media?parent=11033"}],"wp:term":[{"taxonomy":"product_brand","embeddable":true,"href":"https:\/\/engitech.az\/en\/wp-json\/wp\/v2\/product_brand?post=11033"},{"taxonomy":"product_cat","embeddable":true,"href":"https:\/\/engitech.az\/en\/wp-json\/wp\/v2\/product_cat?post=11033"},{"taxonomy":"product_tag","embeddable":true,"href":"https:\/\/engitech.az\/en\/wp-json\/wp\/v2\/product_tag?post=11033"}],"curies":[{"name":"wp","href":"https:\/\/api.w.org\/{rel}","templated":true}]}}