{"id":11043,"date":"2026-02-13T08:21:14","date_gmt":"2026-02-13T08:21:14","guid":{"rendered":"https:\/\/engitech.az\/?post_type=product&#038;p=11043"},"modified":"2026-02-13T08:21:14","modified_gmt":"2026-02-13T08:21:14","slug":"c3010","status":"publish","type":"product","link":"https:\/\/engitech.az\/en\/product\/c3010\/","title":{"rendered":"C3010"},"content":{"rendered":"<p>\u2022 <strong data-start=\"52\" data-end=\"60\">Type:<\/strong> Smoke + CO kombin\u0259<br data-start=\"79\" data-end=\"82\" \/>\u2022 <strong data-start=\"84\" data-end=\"94\" data-is-only-node=\"\">Smart:<\/strong> No<br data-start=\"99\" data-end=\"102\" \/>\u2022 <strong data-start=\"104\" data-end=\"114\">Wi-Fi:<\/strong> None<br data-start=\"121\" data-end=\"124\" \/>\u2022 <strong data-start=\"126\" data-end=\"134\">Power:<\/strong> Sealed lithium batareya (10 il)<br data-start=\"166\" data-end=\"169\" \/>\u2022 <strong data-start=\"171\" data-end=\"182\">Sensor:<\/strong> Fotoelektrik duman + CO<br data-start=\"206\" data-end=\"209\" \/>\u2022 <strong data-start=\"211\" data-end=\"222\">Signal:<\/strong> 85 dB<br data-start=\"228\" data-end=\"231\" \/>\u2022 <strong data-start=\"233\" data-end=\"243\">Additional:<\/strong> S\u0259sli x\u0259b\u0259rdarl\u0131qlar, z\u0259if batareya x\u0259b\u0259rdarl\u0131\u011f\u0131, <strong data-start=\"294\" data-end=\"335\"><span class=\"hover:entity-accent entity-underline inline cursor-pointer align-baseline\"><span class=\"whitespace-normal\">Kidde<\/span><\/span><\/strong> uy\u011funlu\u011fu<\/p>","protected":false},"excerpt":{"rendered":"<p>\u2022 N\u00f6v: Smoke + CO kombin\u0259\u2022 Smart: Xeyr\u2022 Wi-Fi: Yoxdur\u2022  [&#8230;]<\/p>","protected":false},"featured_media":11044,"comment_status":"open","ping_status":"closed","template":"","meta":[],"product_brand":[],"product_cat":[336],"product_tag":[],"class_list":{"0":"post-11043","1":"product","2":"type-product","3":"status-publish","4":"has-post-thumbnail","6":"product_cat-kidde","7":"pa_mehsul-tipi-carbon-monoxide-alarms","9":"first","10":"instock","11":"sold-individually","12":"shipping-taxable","13":"purchasable","14":"product-type-simple"},"_links":{"self":[{"href":"https:\/\/engitech.az\/en\/wp-json\/wp\/v2\/product\/11043","targetHints":{"allow":["GET"]}}],"collection":[{"href":"https:\/\/engitech.az\/en\/wp-json\/wp\/v2\/product"}],"about":[{"href":"https:\/\/engitech.az\/en\/wp-json\/wp\/v2\/types\/product"}],"replies":[{"embeddable":true,"href":"https:\/\/engitech.az\/en\/wp-json\/wp\/v2\/comments?post=11043"}],"wp:featuredmedia":[{"embeddable":true,"href":"https:\/\/engitech.az\/en\/wp-json\/wp\/v2\/media\/11044"}],"wp:attachment":[{"href":"https:\/\/engitech.az\/en\/wp-json\/wp\/v2\/media?parent=11043"}],"wp:term":[{"taxonomy":"product_brand","embeddable":true,"href":"https:\/\/engitech.az\/en\/wp-json\/wp\/v2\/product_brand?post=11043"},{"taxonomy":"product_cat","embeddable":true,"href":"https:\/\/engitech.az\/en\/wp-json\/wp\/v2\/product_cat?post=11043"},{"taxonomy":"product_tag","embeddable":true,"href":"https:\/\/engitech.az\/en\/wp-json\/wp\/v2\/product_tag?post=11043"}],"curies":[{"name":"wp","href":"https:\/\/api.w.org\/{rel}","templated":true}]}}