{"id":11047,"date":"2026-02-13T08:27:38","date_gmt":"2026-02-13T08:27:38","guid":{"rendered":"https:\/\/engitech.az\/?post_type=product&#038;p=11047"},"modified":"2026-02-13T08:27:38","modified_gmt":"2026-02-13T08:27:38","slug":"kn-cob-dp2","status":"publish","type":"product","link":"https:\/\/engitech.az\/en\/product\/kn-cob-dp2\/","title":{"rendered":"KN-COB-DP2"},"content":{"rendered":"<p>\u2022 <strong data-start=\"57\" data-end=\"65\">Type:<\/strong> CO (Carbon Monoxide) Alarm<br data-start=\"92\" data-end=\"95\" \/>\u2022 <strong data-start=\"97\" data-end=\"107\">Smart:<\/strong> No<br data-start=\"112\" data-end=\"115\" \/>\u2022 <strong data-start=\"117\" data-end=\"127\">Wi-Fi:<\/strong> None<br data-start=\"134\" data-end=\"137\" \/>\u2022 <strong data-start=\"139\" data-end=\"147\">Power:<\/strong> Sealed lithium batareya (10 il)<br data-start=\"179\" data-end=\"182\" \/>\u2022 <strong data-start=\"184\" data-end=\"195\">Sensor:<\/strong> CO detector<br data-start=\"207\" data-end=\"210\" \/>\u2022 <strong data-start=\"212\" data-end=\"223\">Signal:<\/strong> 85 dB<br data-start=\"229\" data-end=\"232\" \/>\u2022 <strong data-start=\"234\" data-end=\"244\">Additional:<\/strong> Z\u0259if batareya x\u0259b\u0259rdarl\u0131\u011f\u0131, <strong data-start=\"273\" data-end=\"314\"><span class=\"hover:entity-accent entity-underline inline cursor-pointer align-baseline\"><span class=\"whitespace-normal\">Kidde<\/span><\/span><\/strong> uy\u011funlu\u011fu<\/p>","protected":false},"excerpt":{"rendered":"<p>\u2022 N\u00f6v: CO (Carbon Monoxide) Alarm\u2022 Smart: Xeyr\u2022 Wi-Fi: Yoxdur\u2022  [&#8230;]<\/p>","protected":false},"featured_media":11048,"comment_status":"open","ping_status":"closed","template":"","meta":[],"product_brand":[],"product_cat":[336],"product_tag":[],"class_list":{"0":"post-11047","1":"product","2":"type-product","3":"status-publish","4":"has-post-thumbnail","6":"product_cat-kidde","7":"pa_mehsul-tipi-carbon-monoxide-alarms","9":"first","10":"instock","11":"sold-individually","12":"shipping-taxable","13":"purchasable","14":"product-type-simple"},"_links":{"self":[{"href":"https:\/\/engitech.az\/en\/wp-json\/wp\/v2\/product\/11047","targetHints":{"allow":["GET"]}}],"collection":[{"href":"https:\/\/engitech.az\/en\/wp-json\/wp\/v2\/product"}],"about":[{"href":"https:\/\/engitech.az\/en\/wp-json\/wp\/v2\/types\/product"}],"replies":[{"embeddable":true,"href":"https:\/\/engitech.az\/en\/wp-json\/wp\/v2\/comments?post=11047"}],"wp:featuredmedia":[{"embeddable":true,"href":"https:\/\/engitech.az\/en\/wp-json\/wp\/v2\/media\/11048"}],"wp:attachment":[{"href":"https:\/\/engitech.az\/en\/wp-json\/wp\/v2\/media?parent=11047"}],"wp:term":[{"taxonomy":"product_brand","embeddable":true,"href":"https:\/\/engitech.az\/en\/wp-json\/wp\/v2\/product_brand?post=11047"},{"taxonomy":"product_cat","embeddable":true,"href":"https:\/\/engitech.az\/en\/wp-json\/wp\/v2\/product_cat?post=11047"},{"taxonomy":"product_tag","embeddable":true,"href":"https:\/\/engitech.az\/en\/wp-json\/wp\/v2\/product_tag?post=11047"}],"curies":[{"name":"wp","href":"https:\/\/api.w.org\/{rel}","templated":true}]}}