{"id":11049,"date":"2026-02-13T08:34:15","date_gmt":"2026-02-13T08:34:15","guid":{"rendered":"https:\/\/engitech.az\/?post_type=product&#038;p=11049"},"modified":"2026-02-13T08:34:15","modified_gmt":"2026-02-13T08:34:15","slug":"kn-cob-lcb-a","status":"publish","type":"product","link":"https:\/\/engitech.az\/en\/product\/kn-cob-lcb-a\/","title":{"rendered":"KN-COB-LCB-A"},"content":{"rendered":"<p data-start=\"57\" data-end=\"320\">\u2022 <strong data-start=\"59\" data-end=\"67\">Type:<\/strong> CO (Carbon Monoxide) Alarm<br data-start=\"94\" data-end=\"97\" \/>\u2022 <strong data-start=\"99\" data-end=\"109\">Smart:<\/strong> No<br data-start=\"114\" data-end=\"117\" data-is-only-node=\"\" \/>\u2022 <strong data-start=\"119\" data-end=\"129\">Wi-Fi:<\/strong> None<br data-start=\"136\" data-end=\"139\" \/>\u2022 <strong data-start=\"141\" data-end=\"149\">Power:<\/strong> Sealed lithium batareya<br data-start=\"173\" data-end=\"176\" \/>\u2022 <strong data-start=\"178\" data-end=\"189\">Sensor:<\/strong> CO detector<br data-start=\"201\" data-end=\"204\" \/>\u2022 <strong data-start=\"206\" data-end=\"217\">Signal:<\/strong> 85 dB<br data-start=\"223\" data-end=\"226\" \/>\u2022 <strong data-start=\"228\" data-end=\"238\">Additional:<\/strong> Z\u0259if batareya x\u0259b\u0259rdarl\u0131\u011f\u0131, <strong data-start=\"267\" data-end=\"308\"><span class=\"hover:entity-accent entity-underline inline cursor-pointer align-baseline\"><span class=\"whitespace-normal\">Kidde<\/span><\/span><\/strong> uy\u011funlu\u011fu<\/p>","protected":false},"excerpt":{"rendered":"<p>\u2022 N\u00f6v: CO (Carbon Monoxide) Alarm\u2022 Smart: Xeyr\u2022 Wi-Fi: Yoxdur\u2022  [&#8230;]<\/p>","protected":false},"featured_media":11050,"comment_status":"open","ping_status":"closed","template":"","meta":[],"product_brand":[],"product_cat":[336],"product_tag":[],"class_list":{"0":"post-11049","1":"product","2":"type-product","3":"status-publish","4":"has-post-thumbnail","6":"product_cat-kidde","7":"pa_mehsul-tipi-carbon-monoxide-alarms","9":"first","10":"instock","11":"sold-individually","12":"shipping-taxable","13":"purchasable","14":"product-type-simple"},"_links":{"self":[{"href":"https:\/\/engitech.az\/en\/wp-json\/wp\/v2\/product\/11049","targetHints":{"allow":["GET"]}}],"collection":[{"href":"https:\/\/engitech.az\/en\/wp-json\/wp\/v2\/product"}],"about":[{"href":"https:\/\/engitech.az\/en\/wp-json\/wp\/v2\/types\/product"}],"replies":[{"embeddable":true,"href":"https:\/\/engitech.az\/en\/wp-json\/wp\/v2\/comments?post=11049"}],"wp:featuredmedia":[{"embeddable":true,"href":"https:\/\/engitech.az\/en\/wp-json\/wp\/v2\/media\/11050"}],"wp:attachment":[{"href":"https:\/\/engitech.az\/en\/wp-json\/wp\/v2\/media?parent=11049"}],"wp:term":[{"taxonomy":"product_brand","embeddable":true,"href":"https:\/\/engitech.az\/en\/wp-json\/wp\/v2\/product_brand?post=11049"},{"taxonomy":"product_cat","embeddable":true,"href":"https:\/\/engitech.az\/en\/wp-json\/wp\/v2\/product_cat?post=11049"},{"taxonomy":"product_tag","embeddable":true,"href":"https:\/\/engitech.az\/en\/wp-json\/wp\/v2\/product_tag?post=11049"}],"curies":[{"name":"wp","href":"https:\/\/api.w.org\/{rel}","templated":true}]}}