{"id":11053,"date":"2026-02-13T08:43:49","date_gmt":"2026-02-13T08:43:49","guid":{"rendered":"https:\/\/engitech.az\/?post_type=product&#038;p=11053"},"modified":"2026-02-13T08:43:49","modified_gmt":"2026-02-13T08:43:49","slug":"kn-cop-ic","status":"publish","type":"product","link":"https:\/\/engitech.az\/en\/product\/kn-cop-ic\/","title":{"rendered":"KN-COP-IC"},"content":{"rendered":"<p>\u2022 <strong data-start=\"56\" data-end=\"64\">Type:<\/strong> CO (Carbon Monoxide) Alarm<br data-start=\"91\" data-end=\"94\" \/>\u2022 <strong data-start=\"96\" data-end=\"106\">Smart:<\/strong> No<br data-start=\"111\" data-end=\"114\" data-is-only-node=\"\" \/>\u2022 <strong data-start=\"116\" data-end=\"126\">Wi-Fi:<\/strong> None<br data-start=\"133\" data-end=\"136\" \/>\u2022 <strong data-start=\"138\" data-end=\"146\">Power:<\/strong> 120 V AC (hardwired) + batareya ehtiyat\u0131<br data-start=\"187\" data-end=\"190\" \/>\u2022 <strong data-start=\"192\" data-end=\"203\">Sensor:<\/strong> CO detektoru<br data-start=\"216\" data-end=\"219\" \/>\u2022 <strong data-start=\"221\" data-end=\"232\">Signal:<\/strong> 85 dB<br data-start=\"238\" data-end=\"241\" \/>\u2022 <strong data-start=\"243\" data-end=\"253\">Additional:<\/strong> Z\u0259if batareya x\u0259b\u0259rdarl\u0131\u011f\u0131, interconnect d\u0259st\u0259yi, <strong data-start=\"304\" data-end=\"345\"><span class=\"hover:entity-accent entity-underline inline cursor-pointer align-baseline\"><span class=\"whitespace-normal\">Kidde<\/span><\/span><\/strong> uy\u011funlu\u011fu<\/p>","protected":false},"excerpt":{"rendered":"<p>\u2022 N\u00f6v: CO (Carbon Monoxide) Alarm\u2022 Smart: Xeyr\u2022 Wi-Fi: Yoxdur\u2022  [&#8230;]<\/p>","protected":false},"featured_media":11054,"comment_status":"open","ping_status":"closed","template":"","meta":[],"product_brand":[],"product_cat":[336],"product_tag":[],"class_list":{"0":"post-11053","1":"product","2":"type-product","3":"status-publish","4":"has-post-thumbnail","6":"product_cat-kidde","7":"pa_mehsul-tipi-carbon-monoxide-alarms","9":"first","10":"instock","11":"sold-individually","12":"shipping-taxable","13":"purchasable","14":"product-type-simple"},"_links":{"self":[{"href":"https:\/\/engitech.az\/en\/wp-json\/wp\/v2\/product\/11053","targetHints":{"allow":["GET"]}}],"collection":[{"href":"https:\/\/engitech.az\/en\/wp-json\/wp\/v2\/product"}],"about":[{"href":"https:\/\/engitech.az\/en\/wp-json\/wp\/v2\/types\/product"}],"replies":[{"embeddable":true,"href":"https:\/\/engitech.az\/en\/wp-json\/wp\/v2\/comments?post=11053"}],"wp:featuredmedia":[{"embeddable":true,"href":"https:\/\/engitech.az\/en\/wp-json\/wp\/v2\/media\/11054"}],"wp:attachment":[{"href":"https:\/\/engitech.az\/en\/wp-json\/wp\/v2\/media?parent=11053"}],"wp:term":[{"taxonomy":"product_brand","embeddable":true,"href":"https:\/\/engitech.az\/en\/wp-json\/wp\/v2\/product_brand?post=11053"},{"taxonomy":"product_cat","embeddable":true,"href":"https:\/\/engitech.az\/en\/wp-json\/wp\/v2\/product_cat?post=11053"},{"taxonomy":"product_tag","embeddable":true,"href":"https:\/\/engitech.az\/en\/wp-json\/wp\/v2\/product_tag?post=11053"}],"curies":[{"name":"wp","href":"https:\/\/api.w.org\/{rel}","templated":true}]}}