{"id":11055,"date":"2026-02-13T10:33:14","date_gmt":"2026-02-13T10:33:14","guid":{"rendered":"https:\/\/engitech.az\/?post_type=product&#038;p=11055"},"modified":"2026-02-13T10:33:14","modified_gmt":"2026-02-13T10:33:14","slug":"kitchen-fire-extinguisher-ressp","status":"publish","type":"product","link":"https:\/\/engitech.az\/en\/product\/kitchen-fire-extinguisher-ressp\/","title":{"rendered":"Kitchen Fire Extinguisher RESSP"},"content":{"rendered":"<p>\u2022 <strong data-start=\"39\" data-end=\"47\">Type:<\/strong> Kitchen Fire Extinguisher<br data-start=\"73\" data-end=\"76\" \/>\u2022 <strong data-start=\"78\" data-end=\"88\" data-is-only-node=\"\">Model:<\/strong> RESSP<br data-start=\"94\" data-end=\"97\" \/>\u2022 <strong data-start=\"99\" data-end=\"112\">Usage:<\/strong> M\u0259tb\u0259x yan\u011f\u0131nlar\u0131 (ya\u011f\/elektrik)<br data-start=\"145\" data-end=\"148\" \/>\u2022 <strong data-start=\"150\" data-end=\"161\">Assembly:<\/strong> Divar \u00fc\u00e7\u00fcn braket<br data-start=\"179\" data-end=\"182\" \/>\u2022 <strong data-start=\"184\" data-end=\"194\">Additional:<\/strong> Asan istifad\u0259, t\u0259hl\u00fck\u0259sizlik etiketi<\/p>","protected":false},"excerpt":{"rendered":"<p>\u2022 N\u00f6v: Kitchen Fire Extinguisher\u2022 Model: RESSP\u2022 \u0130stifad\u0259: M\u0259tb\u0259x yan\u011f\u0131nlar\u0131  [&#8230;]<\/p>","protected":false},"featured_media":11061,"comment_status":"open","ping_status":"closed","template":"","meta":[],"product_brand":[],"product_cat":[336],"product_tag":[],"class_list":{"0":"post-11055","1":"product","2":"type-product","3":"status-publish","4":"has-post-thumbnail","6":"product_cat-kidde","7":"pa_mehsul-tipi-fire-extinguishers-sprays","9":"first","10":"instock","11":"sold-individually","12":"shipping-taxable","13":"purchasable","14":"product-type-simple"},"_links":{"self":[{"href":"https:\/\/engitech.az\/en\/wp-json\/wp\/v2\/product\/11055","targetHints":{"allow":["GET"]}}],"collection":[{"href":"https:\/\/engitech.az\/en\/wp-json\/wp\/v2\/product"}],"about":[{"href":"https:\/\/engitech.az\/en\/wp-json\/wp\/v2\/types\/product"}],"replies":[{"embeddable":true,"href":"https:\/\/engitech.az\/en\/wp-json\/wp\/v2\/comments?post=11055"}],"wp:featuredmedia":[{"embeddable":true,"href":"https:\/\/engitech.az\/en\/wp-json\/wp\/v2\/media\/11061"}],"wp:attachment":[{"href":"https:\/\/engitech.az\/en\/wp-json\/wp\/v2\/media?parent=11055"}],"wp:term":[{"taxonomy":"product_brand","embeddable":true,"href":"https:\/\/engitech.az\/en\/wp-json\/wp\/v2\/product_brand?post=11055"},{"taxonomy":"product_cat","embeddable":true,"href":"https:\/\/engitech.az\/en\/wp-json\/wp\/v2\/product_cat?post=11055"},{"taxonomy":"product_tag","embeddable":true,"href":"https:\/\/engitech.az\/en\/wp-json\/wp\/v2\/product_tag?post=11055"}],"curies":[{"name":"wp","href":"https:\/\/api.w.org\/{rel}","templated":true}]}}