{"id":11062,"date":"2026-02-13T10:34:24","date_gmt":"2026-02-13T10:34:24","guid":{"rendered":"https:\/\/engitech.az\/?post_type=product&#038;p=11062"},"modified":"2026-02-13T10:34:25","modified_gmt":"2026-02-13T10:34:25","slug":"basic-basic-110-fire-extinguisher-fa110g","status":"publish","type":"product","link":"https:\/\/engitech.az\/en\/product\/basic-basic-110-fire-extinguisher-fa110g\/","title":{"rendered":"Basic Basic 110 Fire Extinguisher FA110G"},"content":{"rendered":"<p>\u2022 <strong data-start=\"81\" data-end=\"89\">Type:<\/strong> Basic Fire Extinguisher<br data-start=\"113\" data-end=\"116\" \/>\u2022 <strong data-start=\"118\" data-end=\"128\">Model:<\/strong> FA110G<br data-start=\"135\" data-end=\"138\" \/>\u2022 <strong data-start=\"140\" data-end=\"150\">Capacity:<\/strong> ~1.10 kg (t\u0259xmini)<br data-start=\"169\" data-end=\"172\" \/>\u2022 <strong data-start=\"174\" data-end=\"187\">Sinifl\u0259r:<\/strong> A, B, C yan\u011f\u0131nlar\u0131<br data-start=\"206\" data-end=\"209\" \/>\u2022 <strong data-start=\"211\" data-end=\"222\">Assembly:<\/strong> Divar braket daxil<br data-start=\"241\" data-end=\"244\" \/>\u2022 <strong data-start=\"246\" data-end=\"256\">Additional:<\/strong> Asan istifad\u0259, t\u0259hl\u00fck\u0259sizlik etiketl\u0259ri<\/p>","protected":false},"excerpt":{"rendered":"<p>\u2022 N\u00f6v: Basic Fire Extinguisher\u2022 Model: FA110G\u2022 Tutum: ~1.10 kg  [&#8230;]<\/p>","protected":false},"featured_media":11063,"comment_status":"open","ping_status":"closed","template":"","meta":[],"product_brand":[],"product_cat":[336],"product_tag":[],"class_list":{"0":"post-11062","1":"product","2":"type-product","3":"status-publish","4":"has-post-thumbnail","6":"product_cat-kidde","7":"pa_mehsul-tipi-fire-extinguishers-sprays","9":"first","10":"instock","11":"sold-individually","12":"shipping-taxable","13":"purchasable","14":"product-type-simple"},"_links":{"self":[{"href":"https:\/\/engitech.az\/en\/wp-json\/wp\/v2\/product\/11062","targetHints":{"allow":["GET"]}}],"collection":[{"href":"https:\/\/engitech.az\/en\/wp-json\/wp\/v2\/product"}],"about":[{"href":"https:\/\/engitech.az\/en\/wp-json\/wp\/v2\/types\/product"}],"replies":[{"embeddable":true,"href":"https:\/\/engitech.az\/en\/wp-json\/wp\/v2\/comments?post=11062"}],"wp:featuredmedia":[{"embeddable":true,"href":"https:\/\/engitech.az\/en\/wp-json\/wp\/v2\/media\/11063"}],"wp:attachment":[{"href":"https:\/\/engitech.az\/en\/wp-json\/wp\/v2\/media?parent=11062"}],"wp:term":[{"taxonomy":"product_brand","embeddable":true,"href":"https:\/\/engitech.az\/en\/wp-json\/wp\/v2\/product_brand?post=11062"},{"taxonomy":"product_cat","embeddable":true,"href":"https:\/\/engitech.az\/en\/wp-json\/wp\/v2\/product_cat?post=11062"},{"taxonomy":"product_tag","embeddable":true,"href":"https:\/\/engitech.az\/en\/wp-json\/wp\/v2\/product_tag?post=11062"}],"curies":[{"name":"wp","href":"https:\/\/api.w.org\/{rel}","templated":true}]}}