{"id":11064,"date":"2026-02-16T06:05:00","date_gmt":"2026-02-16T06:05:00","guid":{"rendered":"https:\/\/engitech.az\/?post_type=product&#038;p=11064"},"modified":"2026-02-16T06:05:00","modified_gmt":"2026-02-16T06:05:00","slug":"red-living-area-fire-extinguisher-fx210r","status":"publish","type":"product","link":"https:\/\/engitech.az\/en\/product\/red-living-area-fire-extinguisher-fx210r\/","title":{"rendered":"Red Living Area Fire Extinguisher FX210R"},"content":{"rendered":"<p>\u2022 <strong data-start=\"87\" data-end=\"95\">Type:<\/strong> Fire Extinguisher<br data-start=\"113\" data-end=\"116\" \/>\u2022 <strong data-start=\"118\" data-end=\"128\">Model:<\/strong> FX210R<br data-start=\"135\" data-end=\"138\" \/>\u2022 <strong data-start=\"140\" data-end=\"149\">Color:<\/strong> Q\u0131rm\u0131z\u0131<br data-start=\"157\" data-end=\"160\" \/>\u2022 <strong data-start=\"162\" data-end=\"175\">Usage:<\/strong> Ya\u015fay\u0131\u015f sah\u0259l\u0259ri (A, B, C yan\u011f\u0131nlar\u0131)<br data-start=\"213\" data-end=\"216\" \/>\u2022 <strong data-start=\"218\" data-end=\"229\">Assembly:<\/strong> Divar braket daxil<br data-start=\"248\" data-end=\"251\" \/>\u2022 <strong data-start=\"253\" data-end=\"263\">Additional:<\/strong> Asan istifad\u0259, t\u0259hl\u00fck\u0259sizlik etiketl\u0259ri<\/p>","protected":false},"excerpt":{"rendered":"<p>\u2022 N\u00f6v: Fire Extinguisher\u2022 Model: FX210R\u2022 R\u0259ng: Q\u0131rm\u0131z\u0131\u2022 \u0130stifad\u0259: Ya\u015fay\u0131\u015f  [&#8230;]<\/p>","protected":false},"featured_media":11065,"comment_status":"open","ping_status":"closed","template":"","meta":[],"product_brand":[],"product_cat":[336],"product_tag":[],"class_list":{"0":"post-11064","1":"product","2":"type-product","3":"status-publish","4":"has-post-thumbnail","6":"product_cat-kidde","7":"pa_mehsul-tipi-fire-extinguishers-sprays","9":"first","10":"instock","11":"sold-individually","12":"shipping-taxable","13":"product-type-simple"},"_links":{"self":[{"href":"https:\/\/engitech.az\/en\/wp-json\/wp\/v2\/product\/11064","targetHints":{"allow":["GET"]}}],"collection":[{"href":"https:\/\/engitech.az\/en\/wp-json\/wp\/v2\/product"}],"about":[{"href":"https:\/\/engitech.az\/en\/wp-json\/wp\/v2\/types\/product"}],"replies":[{"embeddable":true,"href":"https:\/\/engitech.az\/en\/wp-json\/wp\/v2\/comments?post=11064"}],"wp:featuredmedia":[{"embeddable":true,"href":"https:\/\/engitech.az\/en\/wp-json\/wp\/v2\/media\/11065"}],"wp:attachment":[{"href":"https:\/\/engitech.az\/en\/wp-json\/wp\/v2\/media?parent=11064"}],"wp:term":[{"taxonomy":"product_brand","embeddable":true,"href":"https:\/\/engitech.az\/en\/wp-json\/wp\/v2\/product_brand?post=11064"},{"taxonomy":"product_cat","embeddable":true,"href":"https:\/\/engitech.az\/en\/wp-json\/wp\/v2\/product_cat?post=11064"},{"taxonomy":"product_tag","embeddable":true,"href":"https:\/\/engitech.az\/en\/wp-json\/wp\/v2\/product_tag?post=11064"}],"curies":[{"name":"wp","href":"https:\/\/api.w.org\/{rel}","templated":true}]}}