{"id":11082,"date":"2026-02-16T06:14:10","date_gmt":"2026-02-16T06:14:10","guid":{"rendered":"https:\/\/engitech.az\/?post_type=product&#038;p=11082"},"modified":"2026-02-16T06:14:11","modified_gmt":"2026-02-16T06:14:11","slug":"kidde-pro-line-pro-5-cdm-4-co2-fire-extinguisher-pro-5-cdm-4","status":"publish","type":"product","link":"https:\/\/engitech.az\/en\/product\/kidde-pro-line-pro-5-cdm-4-co2-fire-extinguisher-pro-5-cdm-4\/","title":{"rendered":"Kidde Pro Line Pro 5 CDM-4 CO2 Fire Extinguisher Pro 5 CDM-4"},"content":{"rendered":"<p>\u2022 <strong data-start=\"109\" data-end=\"117\">Type:<\/strong> CO\u2082 Fire Extinguisher<br data-start=\"139\" data-end=\"142\" \/>\u2022 <strong data-start=\"144\" data-end=\"154\">Model:<\/strong> Pro 5 CDM-4<br data-start=\"166\" data-end=\"169\" \/>\u2022 <strong data-start=\"171\" data-end=\"182\">Seriya:<\/strong> Kidde Pro Line<br data-start=\"197\" data-end=\"200\" \/>\u2022 <strong data-start=\"202\" data-end=\"215\">Usage:<\/strong> B (s\u00fcrtk\u00fc ya\u011flar\u0131\/benzin) v\u0259 C (elektrik) yan\u011f\u0131nlar<br data-start=\"267\" data-end=\"270\" \/>\u2022 <strong data-start=\"272\" data-end=\"282\">Agent:<\/strong> CO\u2082 (karbon dioksid)<br data-start=\"303\" data-end=\"306\" \/>\u2022 <strong data-start=\"308\" data-end=\"319\">Assembly:<\/strong> Divar braket daxil<br data-start=\"338\" data-end=\"341\" \/>\u2022 <strong data-start=\"343\" data-end=\"353\">Additional:<\/strong> Asan istifad\u0259, t\u0259hl\u00fck\u0259sizlik etiketi, <strong data-start=\"392\" data-end=\"433\"><span class=\"hover:entity-accent entity-underline inline cursor-pointer align-baseline\"><span class=\"whitespace-normal\">Kidde<\/span><\/span><\/strong> keyfiyy\u0259ti<\/p>","protected":false},"excerpt":{"rendered":"<p>\u2022 N\u00f6v: CO\u2082 Fire Extinguisher\u2022 Model: Pro 5 CDM-4\u2022 Seriya:  [&#8230;]<\/p>","protected":false},"featured_media":11083,"comment_status":"open","ping_status":"closed","template":"","meta":[],"product_brand":[],"product_cat":[336],"product_tag":[],"class_list":{"0":"post-11082","1":"product","2":"type-product","3":"status-publish","4":"has-post-thumbnail","6":"product_cat-kidde","7":"pa_mehsul-tipi-fire-extinguishers-sprays","9":"first","10":"instock","11":"sold-individually","12":"shipping-taxable","13":"purchasable","14":"product-type-simple"},"_links":{"self":[{"href":"https:\/\/engitech.az\/en\/wp-json\/wp\/v2\/product\/11082","targetHints":{"allow":["GET"]}}],"collection":[{"href":"https:\/\/engitech.az\/en\/wp-json\/wp\/v2\/product"}],"about":[{"href":"https:\/\/engitech.az\/en\/wp-json\/wp\/v2\/types\/product"}],"replies":[{"embeddable":true,"href":"https:\/\/engitech.az\/en\/wp-json\/wp\/v2\/comments?post=11082"}],"wp:featuredmedia":[{"embeddable":true,"href":"https:\/\/engitech.az\/en\/wp-json\/wp\/v2\/media\/11083"}],"wp:attachment":[{"href":"https:\/\/engitech.az\/en\/wp-json\/wp\/v2\/media?parent=11082"}],"wp:term":[{"taxonomy":"product_brand","embeddable":true,"href":"https:\/\/engitech.az\/en\/wp-json\/wp\/v2\/product_brand?post=11082"},{"taxonomy":"product_cat","embeddable":true,"href":"https:\/\/engitech.az\/en\/wp-json\/wp\/v2\/product_cat?post=11082"},{"taxonomy":"product_tag","embeddable":true,"href":"https:\/\/engitech.az\/en\/wp-json\/wp\/v2\/product_tag?post=11082"}],"curies":[{"name":"wp","href":"https:\/\/api.w.org\/{rel}","templated":true}]}}