{"id":11084,"date":"2026-02-16T06:16:58","date_gmt":"2026-02-16T06:16:58","guid":{"rendered":"https:\/\/engitech.az\/?post_type=product&#038;p=11084"},"modified":"2026-02-16T06:16:58","modified_gmt":"2026-02-16T06:16:58","slug":"kidde-pro-line-pro-2-5-wm-2-water-fire-extinguisher-pro-2-5-wm-2","status":"publish","type":"product","link":"https:\/\/engitech.az\/en\/product\/kidde-pro-line-pro-2-5-wm-2-water-fire-extinguisher-pro-2-5-wm-2\/","title":{"rendered":"Kidde Pro Line PRO 2.5 WM-2 Water Fire Extinguisher PRO 2.5 WM-2"},"content":{"rendered":"<p>\u2022 <strong data-start=\"113\" data-end=\"121\">Type:<\/strong> Water Fire Extinguisher<br data-start=\"145\" data-end=\"148\" \/>\u2022 <strong data-start=\"150\" data-end=\"160\">Model:<\/strong> PRO 2.5 WM-2<br data-start=\"173\" data-end=\"176\" \/>\u2022 <strong data-start=\"178\" data-end=\"189\">Seriya:<\/strong> Kidde Pro Line<br data-start=\"204\" data-end=\"207\" \/>\u2022 <strong data-start=\"209\" data-end=\"222\">Usage:<\/strong> A tipli yan\u011f\u0131nlar (taxta, ka\u011f\u0131z, par\u00e7a v\u0259 s.)<br data-start=\"268\" data-end=\"271\" \/>\u2022 <strong data-start=\"273\" data-end=\"283\">Agent:<\/strong> Su<br data-start=\"286\" data-end=\"289\" \/>\u2022 <strong data-start=\"291\" data-end=\"302\">Assembly:<\/strong> Divar braket daxil<br data-start=\"321\" data-end=\"324\" \/>\u2022 <strong data-start=\"326\" data-end=\"336\">Additional:<\/strong> Asan istifad\u0259, t\u0259hl\u00fck\u0259sizlik etiketi, <strong data-start=\"375\" data-end=\"416\"><span class=\"hover:entity-accent entity-underline inline cursor-pointer align-baseline\"><span class=\"whitespace-normal\">Kidde<\/span><\/span><\/strong> keyfiyy\u0259ti<\/p>","protected":false},"excerpt":{"rendered":"<p>\u2022 N\u00f6v: Water Fire Extinguisher\u2022 Model: PRO 2.5 WM-2\u2022 Seriya:  [&#8230;]<\/p>","protected":false},"featured_media":11085,"comment_status":"open","ping_status":"closed","template":"","meta":[],"product_brand":[],"product_cat":[336],"product_tag":[],"class_list":{"0":"post-11084","1":"product","2":"type-product","3":"status-publish","4":"has-post-thumbnail","6":"product_cat-kidde","7":"pa_mehsul-tipi-fire-extinguishers-sprays","9":"first","10":"instock","11":"sold-individually","12":"shipping-taxable","13":"purchasable","14":"product-type-simple"},"_links":{"self":[{"href":"https:\/\/engitech.az\/en\/wp-json\/wp\/v2\/product\/11084","targetHints":{"allow":["GET"]}}],"collection":[{"href":"https:\/\/engitech.az\/en\/wp-json\/wp\/v2\/product"}],"about":[{"href":"https:\/\/engitech.az\/en\/wp-json\/wp\/v2\/types\/product"}],"replies":[{"embeddable":true,"href":"https:\/\/engitech.az\/en\/wp-json\/wp\/v2\/comments?post=11084"}],"wp:featuredmedia":[{"embeddable":true,"href":"https:\/\/engitech.az\/en\/wp-json\/wp\/v2\/media\/11085"}],"wp:attachment":[{"href":"https:\/\/engitech.az\/en\/wp-json\/wp\/v2\/media?parent=11084"}],"wp:term":[{"taxonomy":"product_brand","embeddable":true,"href":"https:\/\/engitech.az\/en\/wp-json\/wp\/v2\/product_brand?post=11084"},{"taxonomy":"product_cat","embeddable":true,"href":"https:\/\/engitech.az\/en\/wp-json\/wp\/v2\/product_cat?post=11084"},{"taxonomy":"product_tag","embeddable":true,"href":"https:\/\/engitech.az\/en\/wp-json\/wp\/v2\/product_tag?post=11084"}],"curies":[{"name":"wp","href":"https:\/\/api.w.org\/{rel}","templated":true}]}}