{"id":11086,"date":"2026-02-16T06:18:48","date_gmt":"2026-02-16T06:18:48","guid":{"rendered":"https:\/\/engitech.az\/?post_type=product&#038;p=11086"},"modified":"2026-02-16T06:18:48","modified_gmt":"2026-02-16T06:18:48","slug":"kidde-pro-line-wheeled-extinguisher-125lb-abc-dry-chemical-pro-plus-150-mp","status":"publish","type":"product","link":"https:\/\/engitech.az\/en\/product\/kidde-pro-line-wheeled-extinguisher-125lb-abc-dry-chemical-pro-plus-150-mp\/","title":{"rendered":"Kidde Pro Line Wheeled Extinguisher 125lb ABC Dry Chemical Pro Plus 150 MP"},"content":{"rendered":"<p>\u2022 <strong data-start=\"124\" data-end=\"132\">Type:<\/strong> Wheeled Fire Extinguisher<br data-start=\"158\" data-end=\"161\" \/>\u2022 <strong data-start=\"163\" data-end=\"173\">Model:<\/strong> Pro Plus 150 MP<br data-start=\"189\" data-end=\"192\" \/>\u2022 <strong data-start=\"194\" data-end=\"205\">Seriya:<\/strong> Kidde Pro Line<br data-start=\"220\" data-end=\"223\" \/>\u2022 <strong data-start=\"225\" data-end=\"233\">Power:<\/strong> 125 lb (ABC quru kimy\u0259vi)<br data-start=\"259\" data-end=\"262\" \/>\u2022 <strong data-start=\"264\" data-end=\"277\">Usage:<\/strong> A, B, C tipli yan\u011f\u0131nlar<br data-start=\"301\" data-end=\"304\" \/>\u2022 <strong data-start=\"306\" data-end=\"316\">Agent:<\/strong> Quru kimy\u0259vi toz (ABC)<br data-start=\"339\" data-end=\"342\" \/>\u2022 <strong data-start=\"344\" data-end=\"355\">Assembly:<\/strong> T\u0259k\u0259rli \u2013 asan h\u0259r\u0259k\u0259t<br data-start=\"378\" data-end=\"381\" \/>\u2022 <strong data-start=\"383\" data-end=\"393\">Additional:<\/strong> B\u00f6y\u00fck obyektl\u0259r \u00fc\u00e7\u00fcn uy\u011fundur, <strong data-start=\"425\" data-end=\"434\">Kidde<\/strong> keyfiyy\u0259ti<\/p>","protected":false},"excerpt":{"rendered":"<p>\u2022 N\u00f6v: Wheeled Fire Extinguisher\u2022 Model: Pro Plus 150 MP\u2022  [&#8230;]<\/p>","protected":false},"featured_media":11087,"comment_status":"open","ping_status":"closed","template":"","meta":[],"product_brand":[],"product_cat":[336],"product_tag":[],"class_list":{"0":"post-11086","1":"product","2":"type-product","3":"status-publish","4":"has-post-thumbnail","6":"product_cat-kidde","7":"pa_mehsul-tipi-fire-extinguishers-sprays","9":"first","10":"instock","11":"sold-individually","12":"shipping-taxable","13":"purchasable","14":"product-type-simple"},"_links":{"self":[{"href":"https:\/\/engitech.az\/en\/wp-json\/wp\/v2\/product\/11086","targetHints":{"allow":["GET"]}}],"collection":[{"href":"https:\/\/engitech.az\/en\/wp-json\/wp\/v2\/product"}],"about":[{"href":"https:\/\/engitech.az\/en\/wp-json\/wp\/v2\/types\/product"}],"replies":[{"embeddable":true,"href":"https:\/\/engitech.az\/en\/wp-json\/wp\/v2\/comments?post=11086"}],"wp:featuredmedia":[{"embeddable":true,"href":"https:\/\/engitech.az\/en\/wp-json\/wp\/v2\/media\/11087"}],"wp:attachment":[{"href":"https:\/\/engitech.az\/en\/wp-json\/wp\/v2\/media?parent=11086"}],"wp:term":[{"taxonomy":"product_brand","embeddable":true,"href":"https:\/\/engitech.az\/en\/wp-json\/wp\/v2\/product_brand?post=11086"},{"taxonomy":"product_cat","embeddable":true,"href":"https:\/\/engitech.az\/en\/wp-json\/wp\/v2\/product_cat?post=11086"},{"taxonomy":"product_tag","embeddable":true,"href":"https:\/\/engitech.az\/en\/wp-json\/wp\/v2\/product_tag?post=11086"}],"curies":[{"name":"wp","href":"https:\/\/api.w.org\/{rel}","templated":true}]}}