{"id":11095,"date":"2026-02-16T06:25:48","date_gmt":"2026-02-16T06:25:48","guid":{"rendered":"https:\/\/engitech.az\/?post_type=product&#038;p=11095"},"modified":"2026-02-16T06:25:49","modified_gmt":"2026-02-16T06:25:49","slug":"accesspoint-keysafe-portable-3-key-pushbutton-titanium-001166","status":"publish","type":"product","link":"https:\/\/engitech.az\/en\/product\/accesspoint-keysafe-portable-3-key-pushbutton-titanium-001166\/","title":{"rendered":"AccessPoint Keysafe Portable 3-Key, Pushbutton, Titanium 001166"},"content":{"rendered":"<p>\u2022 <strong data-start=\"112\" data-end=\"120\">Type:<\/strong> Portable Keysafe<br data-start=\"137\" data-end=\"140\" \/>\u2022 <strong data-start=\"142\" data-end=\"152\">Model:<\/strong> 001166<br data-start=\"159\" data-end=\"162\" \/>\u2022 <strong data-start=\"164\" data-end=\"174\">Marka:<\/strong> AccessPoint<br data-start=\"186\" data-end=\"189\" \/>\u2022 <strong data-start=\"191\" data-end=\"209\">R\u0259ng\/Material:<\/strong> Titanium<br data-start=\"218\" data-end=\"221\" \/>\u2022 <strong data-start=\"223\" data-end=\"233\">Capacity:<\/strong> 3 a\u00e7ar saxlaya bilir<br data-start=\"254\" data-end=\"257\" \/>\u2022 <strong data-start=\"259\" data-end=\"268\">A\u00e7ma:<\/strong> Pushbutton (d\u00fcym\u0259li kod)<br data-start=\"293\" data-end=\"296\" \/>\u2022 <strong data-start=\"298\" data-end=\"309\">Assembly:<\/strong> Qap\u0131\/raflar \u00fcz\u0259rind\u0259 yerl\u0259\u015fdiril\u0259 bil\u0259r<br data-start=\"349\" data-end=\"352\" \/>\u2022 <strong data-start=\"354\" data-end=\"364\">Additional:<\/strong> Portativ, a\u00e7ar qorunmas\u0131 \u00fc\u00e7\u00fcn t\u0259hl\u00fck\u0259siz<\/p>","protected":false},"excerpt":{"rendered":"<p>\u2022 N\u00f6v: Portable Keysafe\u2022 Model: 001166\u2022 Marka: AccessPoint\u2022 R\u0259ng\/Material: Titanium\u2022  [&#8230;]<\/p>","protected":false},"featured_media":11096,"comment_status":"open","ping_status":"closed","template":"","meta":[],"product_brand":[],"product_cat":[336],"product_tag":[],"class_list":{"0":"post-11095","1":"product","2":"type-product","3":"status-publish","4":"has-post-thumbnail","6":"product_cat-kidde","7":"pa_mehsul-tipi-key-security","9":"first","10":"instock","11":"sold-individually","12":"shipping-taxable","13":"purchasable","14":"product-type-simple"},"_links":{"self":[{"href":"https:\/\/engitech.az\/en\/wp-json\/wp\/v2\/product\/11095","targetHints":{"allow":["GET"]}}],"collection":[{"href":"https:\/\/engitech.az\/en\/wp-json\/wp\/v2\/product"}],"about":[{"href":"https:\/\/engitech.az\/en\/wp-json\/wp\/v2\/types\/product"}],"replies":[{"embeddable":true,"href":"https:\/\/engitech.az\/en\/wp-json\/wp\/v2\/comments?post=11095"}],"wp:featuredmedia":[{"embeddable":true,"href":"https:\/\/engitech.az\/en\/wp-json\/wp\/v2\/media\/11096"}],"wp:attachment":[{"href":"https:\/\/engitech.az\/en\/wp-json\/wp\/v2\/media?parent=11095"}],"wp:term":[{"taxonomy":"product_brand","embeddable":true,"href":"https:\/\/engitech.az\/en\/wp-json\/wp\/v2\/product_brand?post=11095"},{"taxonomy":"product_cat","embeddable":true,"href":"https:\/\/engitech.az\/en\/wp-json\/wp\/v2\/product_cat?post=11095"},{"taxonomy":"product_tag","embeddable":true,"href":"https:\/\/engitech.az\/en\/wp-json\/wp\/v2\/product_tag?post=11095"}],"curies":[{"name":"wp","href":"https:\/\/api.w.org\/{rel}","templated":true}]}}