{"id":11099,"date":"2026-02-16T06:28:28","date_gmt":"2026-02-16T06:28:28","guid":{"rendered":"https:\/\/engitech.az\/?post_type=product&#038;p=11099"},"modified":"2026-02-16T06:28:28","modified_gmt":"2026-02-16T06:28:28","slug":"stor-a-key-stor-a-key-locking-key-case-001859","status":"publish","type":"product","link":"https:\/\/engitech.az\/en\/product\/stor-a-key-stor-a-key-locking-key-case-001859\/","title":{"rendered":"Stor-A-Key Stor-A-Key Locking Key Case 001859"},"content":{"rendered":"<p>\u2022 <strong data-start=\"83\" data-end=\"91\">Type:<\/strong> Locking Key Case<br data-start=\"108\" data-end=\"111\" \/>\u2022 <strong data-start=\"113\" data-end=\"123\">Model:<\/strong> 001859<br data-start=\"130\" data-end=\"133\" \/>\u2022 <strong data-start=\"135\" data-end=\"145\">Marka:<\/strong> Stor-A-Key<br data-start=\"156\" data-end=\"159\" \/>\u2022 <strong data-start=\"161\" data-end=\"171\">Capacity:<\/strong> \u00c7oxlu a\u00e7ar saxlama<br data-start=\"190\" data-end=\"193\" \/>\u2022 <strong data-start=\"195\" data-end=\"204\">A\u00e7ma:<\/strong> Kilidli qutu (\u015fifr\u0259li\/\u0259l il\u0259)<br data-start=\"234\" data-end=\"237\" \/>\u2022 <strong data-start=\"239\" data-end=\"250\">Assembly:<\/strong> Portativ \/ da\u015f\u0131maq \u00fc\u00e7\u00fcn uy\u011fundur<br data-start=\"283\" data-end=\"286\" \/>\u2022 <strong data-start=\"288\" data-end=\"298\">Additional:<\/strong> A\u00e7arlar\u0131n t\u0259hl\u00fck\u0259siz saxlanmas\u0131<\/p>","protected":false},"excerpt":{"rendered":"<p>\u2022 N\u00f6v: Locking Key Case\u2022 Model: 001859\u2022 Marka: Stor-A-Key\u2022 Tutum:  [&#8230;]<\/p>","protected":false},"featured_media":11100,"comment_status":"open","ping_status":"closed","template":"","meta":[],"product_brand":[],"product_cat":[336],"product_tag":[],"class_list":{"0":"post-11099","1":"product","2":"type-product","3":"status-publish","4":"has-post-thumbnail","6":"product_cat-kidde","7":"pa_mehsul-tipi-key-security","9":"first","10":"instock","11":"sold-individually","12":"shipping-taxable","13":"purchasable","14":"product-type-simple"},"_links":{"self":[{"href":"https:\/\/engitech.az\/en\/wp-json\/wp\/v2\/product\/11099","targetHints":{"allow":["GET"]}}],"collection":[{"href":"https:\/\/engitech.az\/en\/wp-json\/wp\/v2\/product"}],"about":[{"href":"https:\/\/engitech.az\/en\/wp-json\/wp\/v2\/types\/product"}],"replies":[{"embeddable":true,"href":"https:\/\/engitech.az\/en\/wp-json\/wp\/v2\/comments?post=11099"}],"wp:featuredmedia":[{"embeddable":true,"href":"https:\/\/engitech.az\/en\/wp-json\/wp\/v2\/media\/11100"}],"wp:attachment":[{"href":"https:\/\/engitech.az\/en\/wp-json\/wp\/v2\/media?parent=11099"}],"wp:term":[{"taxonomy":"product_brand","embeddable":true,"href":"https:\/\/engitech.az\/en\/wp-json\/wp\/v2\/product_brand?post=11099"},{"taxonomy":"product_cat","embeddable":true,"href":"https:\/\/engitech.az\/en\/wp-json\/wp\/v2\/product_cat?post=11099"},{"taxonomy":"product_tag","embeddable":true,"href":"https:\/\/engitech.az\/en\/wp-json\/wp\/v2\/product_tag?post=11099"}],"curies":[{"name":"wp","href":"https:\/\/api.w.org\/{rel}","templated":true}]}}