{"id":11101,"date":"2026-02-16T06:30:16","date_gmt":"2026-02-16T06:30:16","guid":{"rendered":"https:\/\/engitech.az\/?post_type=product&#038;p=11101"},"modified":"2026-02-16T06:30:17","modified_gmt":"2026-02-16T06:30:17","slug":"accesspoint-30-key-cabinet-clay-001801","status":"publish","type":"product","link":"https:\/\/engitech.az\/en\/product\/accesspoint-30-key-cabinet-clay-001801\/","title":{"rendered":"AccessPoint 30-Key Cabinet, Clay 001801"},"content":{"rendered":"<p>\u2022 <strong data-start=\"88\" data-end=\"96\">Type:<\/strong> Key Cabinet<br data-start=\"108\" data-end=\"111\" \/>\u2022 <strong data-start=\"113\" data-end=\"123\">Model:<\/strong> 001801<br data-start=\"130\" data-end=\"133\" \/>\u2022 <strong data-start=\"135\" data-end=\"145\">Marka:<\/strong> AccessPoint<br data-start=\"157\" data-end=\"160\" \/>\u2022 <strong data-start=\"162\" data-end=\"172\">Capacity:<\/strong> 30 a\u00e7ar<br data-start=\"180\" data-end=\"183\" \/>\u2022 <strong data-start=\"185\" data-end=\"194\">Color:<\/strong> Clay (gil r\u0259ngi)<br data-start=\"211\" data-end=\"214\" \/>\u2022 <strong data-start=\"216\" data-end=\"227\">Assembly:<\/strong> Divar \u00fcz\u0259rin\u0259<br data-start=\"241\" data-end=\"244\" \/>\u2022 <strong data-start=\"246\" data-end=\"255\">A\u00e7ma:<\/strong> Kilidli qap\u0131<br data-start=\"268\" data-end=\"271\" \/>\u2022 <strong data-start=\"273\" data-end=\"283\">Additional:<\/strong> T\u0259\u015fkilatl\u0131 a\u00e7ar saxlanmas\u0131<\/p>","protected":false},"excerpt":{"rendered":"<p>\u2022 N\u00f6v: Key Cabinet\u2022 Model: 001801\u2022 Marka: AccessPoint\u2022 Tutum: 30  [&#8230;]<\/p>","protected":false},"featured_media":11102,"comment_status":"open","ping_status":"closed","template":"","meta":[],"product_brand":[],"product_cat":[336],"product_tag":[],"class_list":{"0":"post-11101","1":"product","2":"type-product","3":"status-publish","4":"has-post-thumbnail","6":"product_cat-kidde","7":"pa_mehsul-tipi-key-security","9":"first","10":"instock","11":"sold-individually","12":"shipping-taxable","13":"purchasable","14":"product-type-simple"},"_links":{"self":[{"href":"https:\/\/engitech.az\/en\/wp-json\/wp\/v2\/product\/11101","targetHints":{"allow":["GET"]}}],"collection":[{"href":"https:\/\/engitech.az\/en\/wp-json\/wp\/v2\/product"}],"about":[{"href":"https:\/\/engitech.az\/en\/wp-json\/wp\/v2\/types\/product"}],"replies":[{"embeddable":true,"href":"https:\/\/engitech.az\/en\/wp-json\/wp\/v2\/comments?post=11101"}],"wp:featuredmedia":[{"embeddable":true,"href":"https:\/\/engitech.az\/en\/wp-json\/wp\/v2\/media\/11102"}],"wp:attachment":[{"href":"https:\/\/engitech.az\/en\/wp-json\/wp\/v2\/media?parent=11101"}],"wp:term":[{"taxonomy":"product_brand","embeddable":true,"href":"https:\/\/engitech.az\/en\/wp-json\/wp\/v2\/product_brand?post=11101"},{"taxonomy":"product_cat","embeddable":true,"href":"https:\/\/engitech.az\/en\/wp-json\/wp\/v2\/product_cat?post=11101"},{"taxonomy":"product_tag","embeddable":true,"href":"https:\/\/engitech.az\/en\/wp-json\/wp\/v2\/product_tag?post=11101"}],"curies":[{"name":"wp","href":"https:\/\/api.w.org\/{rel}","templated":true}]}}