{"id":11105,"date":"2026-02-16T06:35:06","date_gmt":"2026-02-16T06:35:06","guid":{"rendered":"https:\/\/engitech.az\/?post_type=product&#038;p=11105"},"modified":"2026-02-16T06:35:06","modified_gmt":"2026-02-16T06:35:06","slug":"kiddesafe-1","status":"publish","type":"product","link":"https:\/\/engitech.az\/en\/product\/kiddesafe-1\/","title":{"rendered":"KiddeSafe 1"},"content":{"rendered":"<p>\u2022 <strong data-start=\"43\" data-end=\"51\">Type:<\/strong> Fire Safety \/ Accessory (KiddeSafe seriyas\u0131)<br data-start=\"96\" data-end=\"99\" \/>\u2022 <strong data-start=\"101\" data-end=\"111\" data-is-only-node=\"\">Model:<\/strong> 1<br data-start=\"113\" data-end=\"116\" \/>\u2022 <strong data-start=\"118\" data-end=\"128\">Marka:<\/strong> KiddeSafe<br data-start=\"138\" data-end=\"141\" \/>\u2022 <strong data-start=\"143\" data-end=\"161\">\u018fsas Funksiya:<\/strong> T\u0259hl\u00fck\u0259sizlik aksesuar\u0131 \/ qoruyucu m\u0259hsul<br data-start=\"203\" data-end=\"206\" \/>\u2022 <strong data-start=\"208\" data-end=\"218\">Additional:<\/strong> Sad\u0259 v\u0259 etibarl\u0131 t\u0259hl\u00fck\u0259sizlik istifad\u0259si \u00fc\u00e7\u00fcn n\u0259z\u0259rd\u0259 tutulub<\/p>","protected":false},"excerpt":{"rendered":"<p>\u2022 N\u00f6v: Fire Safety \/ Accessory (KiddeSafe seriyas\u0131)\u2022 Model: 1\u2022  [&#8230;]<\/p>","protected":false},"featured_media":11106,"comment_status":"open","ping_status":"closed","template":"","meta":[],"product_brand":[],"product_cat":[336],"product_tag":[],"class_list":{"0":"post-11105","1":"product","2":"type-product","3":"status-publish","4":"has-post-thumbnail","6":"product_cat-kidde","7":"pa_mehsul-tipi-key-security","9":"first","10":"instock","11":"sold-individually","12":"shipping-taxable","13":"purchasable","14":"product-type-simple"},"_links":{"self":[{"href":"https:\/\/engitech.az\/en\/wp-json\/wp\/v2\/product\/11105","targetHints":{"allow":["GET"]}}],"collection":[{"href":"https:\/\/engitech.az\/en\/wp-json\/wp\/v2\/product"}],"about":[{"href":"https:\/\/engitech.az\/en\/wp-json\/wp\/v2\/types\/product"}],"replies":[{"embeddable":true,"href":"https:\/\/engitech.az\/en\/wp-json\/wp\/v2\/comments?post=11105"}],"wp:featuredmedia":[{"embeddable":true,"href":"https:\/\/engitech.az\/en\/wp-json\/wp\/v2\/media\/11106"}],"wp:attachment":[{"href":"https:\/\/engitech.az\/en\/wp-json\/wp\/v2\/media?parent=11105"}],"wp:term":[{"taxonomy":"product_brand","embeddable":true,"href":"https:\/\/engitech.az\/en\/wp-json\/wp\/v2\/product_brand?post=11105"},{"taxonomy":"product_cat","embeddable":true,"href":"https:\/\/engitech.az\/en\/wp-json\/wp\/v2\/product_cat?post=11105"},{"taxonomy":"product_tag","embeddable":true,"href":"https:\/\/engitech.az\/en\/wp-json\/wp\/v2\/product_tag?post=11105"}],"curies":[{"name":"wp","href":"https:\/\/api.w.org\/{rel}","templated":true}]}}