{"id":11121,"date":"2026-02-16T07:00:13","date_gmt":"2026-02-16T07:00:13","guid":{"rendered":"https:\/\/engitech.az\/?post_type=product&#038;p=11121"},"modified":"2026-02-16T07:00:13","modified_gmt":"2026-02-16T07:00:13","slug":"est4","status":"publish","type":"product","link":"https:\/\/engitech.az\/en\/product\/est4\/","title":{"rendered":"EST4"},"content":{"rendered":"<p data-start=\"63\" data-end=\"336\">\u2022 <strong data-start=\"65\" data-end=\"73\">Type:<\/strong> Fire Alarm Control Panel \/ Detection System<br data-start=\"117\" data-end=\"120\" \/>\u2022 <strong data-start=\"122\" data-end=\"132\">Model:<\/strong> EST4<br data-start=\"137\" data-end=\"140\" \/>\u2022 <strong data-start=\"142\" data-end=\"152\">Marka:<\/strong> Edwards (EST)<br data-start=\"166\" data-end=\"169\" \/>\u2022 <strong data-start=\"171\" data-end=\"189\">\u018fsas Funksiya:<\/strong> Yan\u011f\u0131n siqnalizasiya paneli v\u0259 siqnal\u0131 idar\u0259etm\u0259 sistemi<br data-start=\"246\" data-end=\"249\" \/>\u2022 <strong data-start=\"251\" data-end=\"261\">Additional:<\/strong> Etibarl\u0131, geni\u015f miqyasl\u0131 kommersiya\/s\u0259naye istifad\u0259 \u00fc\u00e7\u00fcn n\u0259z\u0259rd\u0259 tutulub<\/p>","protected":false},"excerpt":{"rendered":"<p>\u2022 N\u00f6v: Fire Alarm Control Panel \/ Detection System\u2022 Model:  [&#8230;]<\/p>","protected":false},"featured_media":11122,"comment_status":"open","ping_status":"closed","template":"","meta":[],"product_brand":[],"product_cat":[198],"product_tag":[],"class_list":{"0":"post-11121","1":"product","2":"type-product","3":"status-publish","4":"has-post-thumbnail","6":"product_cat-edwards","7":"pa_mehsul-tipi-life-safety-panels","9":"first","10":"instock","11":"sold-individually","12":"shipping-taxable","13":"purchasable","14":"product-type-simple"},"_links":{"self":[{"href":"https:\/\/engitech.az\/en\/wp-json\/wp\/v2\/product\/11121","targetHints":{"allow":["GET"]}}],"collection":[{"href":"https:\/\/engitech.az\/en\/wp-json\/wp\/v2\/product"}],"about":[{"href":"https:\/\/engitech.az\/en\/wp-json\/wp\/v2\/types\/product"}],"replies":[{"embeddable":true,"href":"https:\/\/engitech.az\/en\/wp-json\/wp\/v2\/comments?post=11121"}],"wp:featuredmedia":[{"embeddable":true,"href":"https:\/\/engitech.az\/en\/wp-json\/wp\/v2\/media\/11122"}],"wp:attachment":[{"href":"https:\/\/engitech.az\/en\/wp-json\/wp\/v2\/media?parent=11121"}],"wp:term":[{"taxonomy":"product_brand","embeddable":true,"href":"https:\/\/engitech.az\/en\/wp-json\/wp\/v2\/product_brand?post=11121"},{"taxonomy":"product_cat","embeddable":true,"href":"https:\/\/engitech.az\/en\/wp-json\/wp\/v2\/product_cat?post=11121"},{"taxonomy":"product_tag","embeddable":true,"href":"https:\/\/engitech.az\/en\/wp-json\/wp\/v2\/product_tag?post=11121"}],"curies":[{"name":"wp","href":"https:\/\/api.w.org\/{rel}","templated":true}]}}