{"id":11123,"date":"2026-02-16T07:02:28","date_gmt":"2026-02-16T07:02:28","guid":{"rendered":"https:\/\/engitech.az\/?post_type=product&#038;p=11123"},"modified":"2026-02-16T07:02:28","modified_gmt":"2026-02-16T07:02:28","slug":"est3","status":"publish","type":"product","link":"https:\/\/engitech.az\/en\/product\/est3\/","title":{"rendered":"EST3"},"content":{"rendered":"<p>\u2022 <strong data-start=\"65\" data-end=\"73\">Type:<\/strong> Fire Alarm Control Panel \/ A\u015fkarlama v\u0259 \u0130dar\u0259etm\u0259 Sistemi<br data-start=\"131\" data-end=\"134\" \/>\u2022 <strong data-start=\"136\" data-end=\"146\">Model:<\/strong> EST3<br data-start=\"151\" data-end=\"154\" \/>\u2022 <strong data-start=\"156\" data-end=\"166\">Marka:<\/strong> Edwards<br data-start=\"174\" data-end=\"177\" \/>\u2022 <strong data-start=\"179\" data-end=\"197\">\u018fsas Funksiya:<\/strong> Yan\u011f\u0131n siqnalizasiya paneli \u2014 siqnallar\u0131n q\u0259bulu, emal\u0131 v\u0259 idar\u0259 olunmas\u0131<br data-start=\"271\" data-end=\"274\" \/>\u2022 <strong data-start=\"276\" data-end=\"286\">Additional:<\/strong> Y\u00fcks\u0259k etibarl\u0131l\u0131q, kommersiya v\u0259 s\u0259naye obyektl\u0259ri \u00fc\u00e7\u00fcn uy\u011fun<\/p>","protected":false},"excerpt":{"rendered":"<p>\u2022 N\u00f6v: Fire Alarm Control Panel \/ A\u015fkarlama v\u0259 \u0130dar\u0259etm\u0259  [&#8230;]<\/p>","protected":false},"featured_media":11124,"comment_status":"open","ping_status":"closed","template":"","meta":[],"product_brand":[],"product_cat":[198],"product_tag":[],"class_list":{"0":"post-11123","1":"product","2":"type-product","3":"status-publish","4":"has-post-thumbnail","6":"product_cat-edwards","7":"pa_mehsul-tipi-life-safety-panels","9":"first","10":"instock","11":"sold-individually","12":"shipping-taxable","13":"purchasable","14":"product-type-simple"},"_links":{"self":[{"href":"https:\/\/engitech.az\/en\/wp-json\/wp\/v2\/product\/11123","targetHints":{"allow":["GET"]}}],"collection":[{"href":"https:\/\/engitech.az\/en\/wp-json\/wp\/v2\/product"}],"about":[{"href":"https:\/\/engitech.az\/en\/wp-json\/wp\/v2\/types\/product"}],"replies":[{"embeddable":true,"href":"https:\/\/engitech.az\/en\/wp-json\/wp\/v2\/comments?post=11123"}],"wp:featuredmedia":[{"embeddable":true,"href":"https:\/\/engitech.az\/en\/wp-json\/wp\/v2\/media\/11124"}],"wp:attachment":[{"href":"https:\/\/engitech.az\/en\/wp-json\/wp\/v2\/media?parent=11123"}],"wp:term":[{"taxonomy":"product_brand","embeddable":true,"href":"https:\/\/engitech.az\/en\/wp-json\/wp\/v2\/product_brand?post=11123"},{"taxonomy":"product_cat","embeddable":true,"href":"https:\/\/engitech.az\/en\/wp-json\/wp\/v2\/product_cat?post=11123"},{"taxonomy":"product_tag","embeddable":true,"href":"https:\/\/engitech.az\/en\/wp-json\/wp\/v2\/product_tag?post=11123"}],"curies":[{"name":"wp","href":"https:\/\/api.w.org\/{rel}","templated":true}]}}