{"id":11127,"date":"2026-02-16T07:36:48","date_gmt":"2026-02-16T07:36:48","guid":{"rendered":"https:\/\/engitech.az\/?post_type=product&#038;p=11127"},"modified":"2026-02-16T07:36:48","modified_gmt":"2026-02-16T07:36:48","slug":"io-series","status":"publish","type":"product","link":"https:\/\/engitech.az\/en\/product\/io-series\/","title":{"rendered":"iO SERIES"},"content":{"rendered":"<p>\u2022 <strong data-start=\"39\" data-end=\"47\">Type:<\/strong> Fire Alarm System<br data-start=\"65\" data-end=\"68\" \/>\u2022 <strong data-start=\"70\" data-end=\"80\" data-is-only-node=\"\">Model:<\/strong> iO Series<br data-start=\"90\" data-end=\"93\" \/>\u2022 <strong data-start=\"95\" data-end=\"105\">Marka:<\/strong> Edwards<br data-start=\"113\" data-end=\"116\" \/>\u2022 <strong data-start=\"118\" data-end=\"136\">\u018fsas Funksiya:<\/strong> Yan\u011f\u0131n siqnallar\u0131n\u0131n idar\u0259si<br data-start=\"165\" data-end=\"168\" \/>\u2022 <strong data-start=\"170\" data-end=\"180\">Additional:<\/strong> Modul qurulu\u015f, etibarl\u0131 sistem<\/p>","protected":false},"excerpt":{"rendered":"<p>\u2022 N\u00f6v: Fire Alarm System\u2022 Model: iO Series\u2022 Marka: Edwards\u2022  [&#8230;]<\/p>","protected":false},"featured_media":11128,"comment_status":"open","ping_status":"closed","template":"","meta":[],"product_brand":[],"product_cat":[198],"product_tag":[],"class_list":{"0":"post-11127","1":"product","2":"type-product","3":"status-publish","4":"has-post-thumbnail","6":"product_cat-edwards","7":"pa_mehsul-tipi-life-safety-panels","9":"first","10":"instock","11":"sold-individually","12":"shipping-taxable","13":"purchasable","14":"product-type-simple"},"_links":{"self":[{"href":"https:\/\/engitech.az\/en\/wp-json\/wp\/v2\/product\/11127","targetHints":{"allow":["GET"]}}],"collection":[{"href":"https:\/\/engitech.az\/en\/wp-json\/wp\/v2\/product"}],"about":[{"href":"https:\/\/engitech.az\/en\/wp-json\/wp\/v2\/types\/product"}],"replies":[{"embeddable":true,"href":"https:\/\/engitech.az\/en\/wp-json\/wp\/v2\/comments?post=11127"}],"wp:featuredmedia":[{"embeddable":true,"href":"https:\/\/engitech.az\/en\/wp-json\/wp\/v2\/media\/11128"}],"wp:attachment":[{"href":"https:\/\/engitech.az\/en\/wp-json\/wp\/v2\/media?parent=11127"}],"wp:term":[{"taxonomy":"product_brand","embeddable":true,"href":"https:\/\/engitech.az\/en\/wp-json\/wp\/v2\/product_brand?post=11127"},{"taxonomy":"product_cat","embeddable":true,"href":"https:\/\/engitech.az\/en\/wp-json\/wp\/v2\/product_cat?post=11127"},{"taxonomy":"product_tag","embeddable":true,"href":"https:\/\/engitech.az\/en\/wp-json\/wp\/v2\/product_tag?post=11127"}],"curies":[{"name":"wp","href":"https:\/\/api.w.org\/{rel}","templated":true}]}}