{"id":11129,"date":"2026-02-16T07:40:52","date_gmt":"2026-02-16T07:40:52","guid":{"rendered":"https:\/\/engitech.az\/?post_type=product&#038;p=11129"},"modified":"2026-02-16T07:40:53","modified_gmt":"2026-02-16T07:40:53","slug":"optica-duct-smoke-detectors","status":"publish","type":"product","link":"https:\/\/engitech.az\/en\/product\/optica-duct-smoke-detectors\/","title":{"rendered":"Optica Duct Smoke Detectors"},"content":{"rendered":"<p>\u2022 <strong data-start=\"74\" data-end=\"82\">Type:<\/strong> Duct Smoke Detector<br data-start=\"102\" data-end=\"105\" \/>\u2022 <strong data-start=\"107\" data-end=\"117\">Model:<\/strong> Optica<br data-start=\"124\" data-end=\"127\" \/>\u2022 <strong data-start=\"129\" data-end=\"139\">Marka:<\/strong> (\u00fcmumiyy\u0259tl\u0259 sistem markas\u0131 il\u0259 t\u0259chiz olunur)<br data-start=\"186\" data-end=\"189\" \/>\u2022 <strong data-start=\"191\" data-end=\"209\">\u018fsas Funksiya:<\/strong> Havaland\u0131rma kanallar\u0131nda t\u00fcst\u00fc a\u015fkarlanmas\u0131<br data-start=\"254\" data-end=\"257\" \/>\u2022 <strong data-start=\"259\" data-end=\"269\">Additional:<\/strong> HVAC sisteml\u0259rin\u0259 inteqrasiya, erk\u0259n x\u0259b\u0259rdarl\u0131q<\/p>","protected":false},"excerpt":{"rendered":"<p>\u2022 N\u00f6v: Duct Smoke Detector\u2022 Model: Optica\u2022 Marka: (\u00fcmumiyy\u0259tl\u0259 sistem  [&#8230;]<\/p>","protected":false},"featured_media":11135,"comment_status":"open","ping_status":"closed","template":"","meta":[],"product_brand":[],"product_cat":[198],"product_tag":[],"class_list":{"0":"post-11129","1":"product","2":"type-product","3":"status-publish","4":"has-post-thumbnail","6":"product_cat-edwards","7":"pa_mehsul-tipi-initiation-and-detection-devices","9":"first","10":"instock","11":"sold-individually","12":"shipping-taxable","13":"purchasable","14":"product-type-simple"},"_links":{"self":[{"href":"https:\/\/engitech.az\/en\/wp-json\/wp\/v2\/product\/11129","targetHints":{"allow":["GET"]}}],"collection":[{"href":"https:\/\/engitech.az\/en\/wp-json\/wp\/v2\/product"}],"about":[{"href":"https:\/\/engitech.az\/en\/wp-json\/wp\/v2\/types\/product"}],"replies":[{"embeddable":true,"href":"https:\/\/engitech.az\/en\/wp-json\/wp\/v2\/comments?post=11129"}],"wp:featuredmedia":[{"embeddable":true,"href":"https:\/\/engitech.az\/en\/wp-json\/wp\/v2\/media\/11135"}],"wp:attachment":[{"href":"https:\/\/engitech.az\/en\/wp-json\/wp\/v2\/media?parent=11129"}],"wp:term":[{"taxonomy":"product_brand","embeddable":true,"href":"https:\/\/engitech.az\/en\/wp-json\/wp\/v2\/product_brand?post=11129"},{"taxonomy":"product_cat","embeddable":true,"href":"https:\/\/engitech.az\/en\/wp-json\/wp\/v2\/product_cat?post=11129"},{"taxonomy":"product_tag","embeddable":true,"href":"https:\/\/engitech.az\/en\/wp-json\/wp\/v2\/product_tag?post=11129"}],"curies":[{"name":"wp","href":"https:\/\/api.w.org\/{rel}","templated":true}]}}