{"id":11136,"date":"2026-02-16T07:47:46","date_gmt":"2026-02-16T07:47:46","guid":{"rendered":"https:\/\/engitech.az\/?post_type=product&#038;p=11136"},"modified":"2026-02-16T07:47:46","modified_gmt":"2026-02-16T07:47:46","slug":"2-wire-smoke-detector","status":"publish","type":"product","link":"https:\/\/engitech.az\/en\/product\/2-wire-smoke-detector\/","title":{"rendered":"2-Wire Smoke Detector"},"content":{"rendered":"<p data-start=\"66\" data-end=\"288\">\u2022 <strong data-start=\"68\" data-end=\"76\">Type:<\/strong> Smoke Detector<br data-start=\"91\" data-end=\"94\" \/>\u2022 <strong data-start=\"96\" data-end=\"106\">Model:<\/strong> 2-Wire<br data-start=\"113\" data-end=\"116\" data-is-only-node=\"\" \/>\u2022 <strong data-start=\"118\" data-end=\"128\">Marka:<\/strong> Sistem brendin\u0259 g\u00f6r\u0259 d\u0259yi\u015fir<br data-start=\"157\" data-end=\"160\" \/>\u2022 <strong data-start=\"162\" data-end=\"180\">\u018fsas Funksiya:<\/strong> Yan\u011f\u0131n t\u00fcst\u00fcs\u00fcn\u00fc erk\u0259n a\u015fkarlay\u0131r<br data-start=\"214\" data-end=\"217\" \/>\u2022 <strong data-start=\"219\" data-end=\"229\">Additional:<\/strong> 2-wire ba\u011flant\u0131 \u2014 m\u00f6vcud siqnalizasiya sistemin\u0259 qo\u015fulur<\/p>","protected":false},"excerpt":{"rendered":"<p>\u2022 N\u00f6v: Smoke Detector\u2022 Model: 2-Wire\u2022 Marka: Sistem brendin\u0259 g\u00f6r\u0259  [&#8230;]<\/p>","protected":false},"featured_media":11137,"comment_status":"open","ping_status":"closed","template":"","meta":[],"product_brand":[],"product_cat":[198],"product_tag":[],"class_list":{"0":"post-11136","1":"product","2":"type-product","3":"status-publish","4":"has-post-thumbnail","6":"product_cat-edwards","7":"pa_mehsul-tipi-initiation-and-detection-devices","9":"first","10":"instock","11":"sold-individually","12":"shipping-taxable","13":"purchasable","14":"product-type-simple"},"_links":{"self":[{"href":"https:\/\/engitech.az\/en\/wp-json\/wp\/v2\/product\/11136","targetHints":{"allow":["GET"]}}],"collection":[{"href":"https:\/\/engitech.az\/en\/wp-json\/wp\/v2\/product"}],"about":[{"href":"https:\/\/engitech.az\/en\/wp-json\/wp\/v2\/types\/product"}],"replies":[{"embeddable":true,"href":"https:\/\/engitech.az\/en\/wp-json\/wp\/v2\/comments?post=11136"}],"wp:featuredmedia":[{"embeddable":true,"href":"https:\/\/engitech.az\/en\/wp-json\/wp\/v2\/media\/11137"}],"wp:attachment":[{"href":"https:\/\/engitech.az\/en\/wp-json\/wp\/v2\/media?parent=11136"}],"wp:term":[{"taxonomy":"product_brand","embeddable":true,"href":"https:\/\/engitech.az\/en\/wp-json\/wp\/v2\/product_brand?post=11136"},{"taxonomy":"product_cat","embeddable":true,"href":"https:\/\/engitech.az\/en\/wp-json\/wp\/v2\/product_cat?post=11136"},{"taxonomy":"product_tag","embeddable":true,"href":"https:\/\/engitech.az\/en\/wp-json\/wp\/v2\/product_tag?post=11136"}],"curies":[{"name":"wp","href":"https:\/\/api.w.org\/{rel}","templated":true}]}}