{"id":11138,"date":"2026-02-16T07:49:22","date_gmt":"2026-02-16T07:49:22","guid":{"rendered":"https:\/\/engitech.az\/?post_type=product&#038;p=11138"},"modified":"2026-02-16T07:49:22","modified_gmt":"2026-02-16T07:49:22","slug":"conventional-devices","status":"publish","type":"product","link":"https:\/\/engitech.az\/en\/product\/conventional-devices\/","title":{"rendered":"Conventional Devices"},"content":{"rendered":"<p>\u2022 <strong data-start=\"67\" data-end=\"75\">Type:<\/strong> Fire Alarm \/ Detection Devices<br data-start=\"106\" data-end=\"109\" \/>\u2022 <strong data-start=\"111\" data-end=\"121\">Model:<\/strong> Conventional Devices<br data-start=\"142\" data-end=\"145\" data-is-only-node=\"\" \/>\u2022 <strong data-start=\"147\" data-end=\"157\">Marka:<\/strong> Sistem brendin\u0259 g\u00f6r\u0259 d\u0259yi\u015fir<br data-start=\"186\" data-end=\"189\" \/>\u2022 <strong data-start=\"191\" data-end=\"209\">\u018fsas Funksiya:<\/strong> Yan\u011f\u0131n siqnallar\u0131n\u0131 a\u015fkar etm\u0259k v\u0259 \u00f6t\u00fcrm\u0259k<br data-start=\"252\" data-end=\"255\" \/>\u2022 <strong data-start=\"257\" data-end=\"267\">Additional:<\/strong> Klassik (konvensional) siqnalizasiya sisteml\u0259rind\u0259 istifad\u0259 olunur<\/p>","protected":false},"excerpt":{"rendered":"<p>\u2022 N\u00f6v: Fire Alarm \/ Detection Devices\u2022 Model: Conventional Devices\u2022  [&#8230;]<\/p>","protected":false},"featured_media":11139,"comment_status":"open","ping_status":"closed","template":"","meta":[],"product_brand":[],"product_cat":[198],"product_tag":[],"class_list":{"0":"post-11138","1":"product","2":"type-product","3":"status-publish","4":"has-post-thumbnail","6":"product_cat-edwards","7":"pa_mehsul-tipi-initiation-and-detection-devices","9":"first","10":"instock","11":"sold-individually","12":"shipping-taxable","13":"purchasable","14":"product-type-simple"},"_links":{"self":[{"href":"https:\/\/engitech.az\/en\/wp-json\/wp\/v2\/product\/11138","targetHints":{"allow":["GET"]}}],"collection":[{"href":"https:\/\/engitech.az\/en\/wp-json\/wp\/v2\/product"}],"about":[{"href":"https:\/\/engitech.az\/en\/wp-json\/wp\/v2\/types\/product"}],"replies":[{"embeddable":true,"href":"https:\/\/engitech.az\/en\/wp-json\/wp\/v2\/comments?post=11138"}],"wp:featuredmedia":[{"embeddable":true,"href":"https:\/\/engitech.az\/en\/wp-json\/wp\/v2\/media\/11139"}],"wp:attachment":[{"href":"https:\/\/engitech.az\/en\/wp-json\/wp\/v2\/media?parent=11138"}],"wp:term":[{"taxonomy":"product_brand","embeddable":true,"href":"https:\/\/engitech.az\/en\/wp-json\/wp\/v2\/product_brand?post=11138"},{"taxonomy":"product_cat","embeddable":true,"href":"https:\/\/engitech.az\/en\/wp-json\/wp\/v2\/product_cat?post=11138"},{"taxonomy":"product_tag","embeddable":true,"href":"https:\/\/engitech.az\/en\/wp-json\/wp\/v2\/product_tag?post=11138"}],"curies":[{"name":"wp","href":"https:\/\/api.w.org\/{rel}","templated":true}]}}