{"id":11140,"date":"2026-02-16T08:00:03","date_gmt":"2026-02-16T08:00:03","guid":{"rendered":"https:\/\/engitech.az\/?post_type=product&#038;p=11140"},"modified":"2026-02-16T08:00:03","modified_gmt":"2026-02-16T08:00:03","slug":"new-genesis-high-candela","status":"publish","type":"product","link":"https:\/\/engitech.az\/en\/product\/new-genesis-high-candela\/","title":{"rendered":"NEW Genesis High Candela"},"content":{"rendered":"<p>\u2022 <strong data-start=\"71\" data-end=\"79\">Type:<\/strong> High Candela Fire Alarm Notification Device<br data-start=\"123\" data-end=\"126\" \/>\u2022 <strong data-start=\"128\" data-end=\"138\">Model:<\/strong> NEW Genesis High Candela<br data-start=\"163\" data-end=\"166\" \/>\u2022 <strong data-start=\"168\" data-end=\"178\">Marka:<\/strong> Ad\u0259t\u0259n siqnalizasiya sistem markas\u0131 il\u0259 olur<br data-start=\"223\" data-end=\"226\" \/>\u2022 <strong data-start=\"228\" data-end=\"246\">\u018fsas Funksiya:<\/strong> G\u00fccl\u00fc vizual\/audial x\u0259b\u0259rdarl\u0131q<br data-start=\"278\" data-end=\"281\" \/>\u2022 <strong data-start=\"283\" data-end=\"293\">Additional:<\/strong> Y\u00fcks\u0259k parlaql\u0131q\/loud siqnal \u00fc\u00e7\u00fcn n\u0259z\u0259rd\u0259 tutulub<\/p>","protected":false},"excerpt":{"rendered":"<p>\u2022 N\u00f6v: High Candela Fire Alarm Notification Device\u2022 Model: NEW  [&#8230;]<\/p>","protected":false},"featured_media":11146,"comment_status":"open","ping_status":"closed","template":"","meta":[],"product_brand":[],"product_cat":[198],"product_tag":[],"class_list":{"0":"post-11140","1":"product","2":"type-product","3":"status-publish","4":"has-post-thumbnail","6":"product_cat-edwards","7":"pa_mehsul-tipi-notification","9":"first","10":"instock","11":"sold-individually","12":"shipping-taxable","13":"purchasable","14":"product-type-simple"},"_links":{"self":[{"href":"https:\/\/engitech.az\/en\/wp-json\/wp\/v2\/product\/11140","targetHints":{"allow":["GET"]}}],"collection":[{"href":"https:\/\/engitech.az\/en\/wp-json\/wp\/v2\/product"}],"about":[{"href":"https:\/\/engitech.az\/en\/wp-json\/wp\/v2\/types\/product"}],"replies":[{"embeddable":true,"href":"https:\/\/engitech.az\/en\/wp-json\/wp\/v2\/comments?post=11140"}],"wp:featuredmedia":[{"embeddable":true,"href":"https:\/\/engitech.az\/en\/wp-json\/wp\/v2\/media\/11146"}],"wp:attachment":[{"href":"https:\/\/engitech.az\/en\/wp-json\/wp\/v2\/media?parent=11140"}],"wp:term":[{"taxonomy":"product_brand","embeddable":true,"href":"https:\/\/engitech.az\/en\/wp-json\/wp\/v2\/product_brand?post=11140"},{"taxonomy":"product_cat","embeddable":true,"href":"https:\/\/engitech.az\/en\/wp-json\/wp\/v2\/product_cat?post=11140"},{"taxonomy":"product_tag","embeddable":true,"href":"https:\/\/engitech.az\/en\/wp-json\/wp\/v2\/product_tag?post=11140"}],"curies":[{"name":"wp","href":"https:\/\/api.w.org\/{rel}","templated":true}]}}