{"id":11147,"date":"2026-02-16T08:03:41","date_gmt":"2026-02-16T08:03:41","guid":{"rendered":"https:\/\/engitech.az\/?post_type=product&#038;p=11147"},"modified":"2026-02-16T08:03:42","modified_gmt":"2026-02-16T08:03:42","slug":"genesis-mass-notification","status":"publish","type":"product","link":"https:\/\/engitech.az\/en\/product\/genesis-mass-notification\/","title":{"rendered":"Genesis Mass Notification"},"content":{"rendered":"<p>\u2022 <strong data-start=\"72\" data-end=\"80\">Type:<\/strong> Mass Notification Device<br data-start=\"105\" data-end=\"108\" \/>\u2022 <strong data-start=\"110\" data-end=\"120\">Model:<\/strong> Genesis Mass Notification<br data-start=\"146\" data-end=\"149\" \/>\u2022 <strong data-start=\"151\" data-end=\"161\">Marka:<\/strong> (sistem brendin\u0259 g\u00f6r\u0259)<br data-start=\"184\" data-end=\"187\" \/>\u2022 <strong data-start=\"189\" data-end=\"207\">\u018fsas Funksiya:<\/strong> K\u00fctl\u0259vi x\u0259b\u0259rdarl\u0131q siqnallar\u0131<br data-start=\"238\" data-end=\"241\" \/>\u2022 <strong data-start=\"243\" data-end=\"253\">Additional:<\/strong> B\u00f6y\u00fck obyektl\u0259r \u00fc\u00e7\u00fcn s\u0259s\/vizual siqnallar<\/p>","protected":false},"excerpt":{"rendered":"<p>\u2022 N\u00f6v: Mass Notification Device\u2022 Model: Genesis Mass Notification\u2022 Marka:  [&#8230;]<\/p>","protected":false},"featured_media":11148,"comment_status":"open","ping_status":"closed","template":"","meta":[],"product_brand":[],"product_cat":[198],"product_tag":[],"class_list":{"0":"post-11147","1":"product","2":"type-product","3":"status-publish","4":"has-post-thumbnail","6":"product_cat-edwards","7":"pa_mehsul-tipi-notification","9":"first","10":"instock","11":"sold-individually","12":"shipping-taxable","13":"purchasable","14":"product-type-simple"},"_links":{"self":[{"href":"https:\/\/engitech.az\/en\/wp-json\/wp\/v2\/product\/11147","targetHints":{"allow":["GET"]}}],"collection":[{"href":"https:\/\/engitech.az\/en\/wp-json\/wp\/v2\/product"}],"about":[{"href":"https:\/\/engitech.az\/en\/wp-json\/wp\/v2\/types\/product"}],"replies":[{"embeddable":true,"href":"https:\/\/engitech.az\/en\/wp-json\/wp\/v2\/comments?post=11147"}],"wp:featuredmedia":[{"embeddable":true,"href":"https:\/\/engitech.az\/en\/wp-json\/wp\/v2\/media\/11148"}],"wp:attachment":[{"href":"https:\/\/engitech.az\/en\/wp-json\/wp\/v2\/media?parent=11147"}],"wp:term":[{"taxonomy":"product_brand","embeddable":true,"href":"https:\/\/engitech.az\/en\/wp-json\/wp\/v2\/product_brand?post=11147"},{"taxonomy":"product_cat","embeddable":true,"href":"https:\/\/engitech.az\/en\/wp-json\/wp\/v2\/product_cat?post=11147"},{"taxonomy":"product_tag","embeddable":true,"href":"https:\/\/engitech.az\/en\/wp-json\/wp\/v2\/product_tag?post=11147"}],"curies":[{"name":"wp","href":"https:\/\/api.w.org\/{rel}","templated":true}]}}