{"id":11149,"date":"2026-02-16T08:05:20","date_gmt":"2026-02-16T08:05:20","guid":{"rendered":"https:\/\/engitech.az\/?post_type=product&#038;p=11149"},"modified":"2026-02-16T08:05:20","modified_gmt":"2026-02-16T08:05:20","slug":"genesis-led-outdoor-series","status":"publish","type":"product","link":"https:\/\/engitech.az\/en\/product\/genesis-led-outdoor-series\/","title":{"rendered":"Genesis LED Outdoor Series"},"content":{"rendered":"<p data-start=\"71\" data-end=\"313\">\u2022 <strong data-start=\"73\" data-end=\"81\">Type:<\/strong> Outdoor LED Notification Device<br data-start=\"113\" data-end=\"116\" \/>\u2022 <strong data-start=\"118\" data-end=\"128\">Model:<\/strong> Genesis LED Outdoor Series<br data-start=\"155\" data-end=\"158\" \/>\u2022 <strong data-start=\"160\" data-end=\"170\">Marka:<\/strong> (sistem brendin\u0259 g\u00f6r\u0259)<br data-start=\"193\" data-end=\"196\" \/>\u2022 <strong data-start=\"198\" data-end=\"216\">\u018fsas Funksiya:<\/strong> A\u00e7\u0131q sah\u0259 \u00fc\u00e7\u00fcn LED vizual x\u0259b\u0259rdarl\u0131q<br data-start=\"254\" data-end=\"257\" \/>\u2022 <strong data-start=\"259\" data-end=\"269\">Additional:<\/strong> Y\u00fcks\u0259k g\u00f6r\u00fcn\u00fcrl\u00fck, hava \u015f\u0259raitin\u0259 davaml\u0131<\/p>","protected":false},"excerpt":{"rendered":"<p>\u2022 N\u00f6v: Outdoor LED Notification Device\u2022 Model: Genesis LED Outdoor  [&#8230;]<\/p>","protected":false},"featured_media":11150,"comment_status":"open","ping_status":"closed","template":"","meta":[],"product_brand":[],"product_cat":[198],"product_tag":[],"class_list":{"0":"post-11149","1":"product","2":"type-product","3":"status-publish","4":"has-post-thumbnail","6":"product_cat-edwards","7":"pa_mehsul-tipi-notification","9":"first","10":"instock","11":"sold-individually","12":"shipping-taxable","13":"purchasable","14":"product-type-simple"},"_links":{"self":[{"href":"https:\/\/engitech.az\/en\/wp-json\/wp\/v2\/product\/11149","targetHints":{"allow":["GET"]}}],"collection":[{"href":"https:\/\/engitech.az\/en\/wp-json\/wp\/v2\/product"}],"about":[{"href":"https:\/\/engitech.az\/en\/wp-json\/wp\/v2\/types\/product"}],"replies":[{"embeddable":true,"href":"https:\/\/engitech.az\/en\/wp-json\/wp\/v2\/comments?post=11149"}],"wp:featuredmedia":[{"embeddable":true,"href":"https:\/\/engitech.az\/en\/wp-json\/wp\/v2\/media\/11150"}],"wp:attachment":[{"href":"https:\/\/engitech.az\/en\/wp-json\/wp\/v2\/media?parent=11149"}],"wp:term":[{"taxonomy":"product_brand","embeddable":true,"href":"https:\/\/engitech.az\/en\/wp-json\/wp\/v2\/product_brand?post=11149"},{"taxonomy":"product_cat","embeddable":true,"href":"https:\/\/engitech.az\/en\/wp-json\/wp\/v2\/product_cat?post=11149"},{"taxonomy":"product_tag","embeddable":true,"href":"https:\/\/engitech.az\/en\/wp-json\/wp\/v2\/product_tag?post=11149"}],"curies":[{"name":"wp","href":"https:\/\/api.w.org\/{rel}","templated":true}]}}