{"id":11151,"date":"2026-02-16T08:06:46","date_gmt":"2026-02-16T08:06:46","guid":{"rendered":"https:\/\/engitech.az\/?post_type=product&#038;p=11151"},"modified":"2026-02-16T08:06:46","modified_gmt":"2026-02-16T08:06:46","slug":"genesis-led-appliances","status":"publish","type":"product","link":"https:\/\/engitech.az\/en\/product\/genesis-led-appliances\/","title":{"rendered":"Genesis LED Appliances"},"content":{"rendered":"<p>\u2022 <strong data-start=\"69\" data-end=\"77\">Type:<\/strong> LED Notification Appliance<br data-start=\"104\" data-end=\"107\" \/>\u2022 <strong data-start=\"109\" data-end=\"119\">Model:<\/strong> Genesis LED Appliances<br data-start=\"142\" data-end=\"145\" \/>\u2022 <strong data-start=\"147\" data-end=\"157\">Marka:<\/strong> (sistem \/ t\u0259hl\u00fck\u0259sizlik brendi il\u0259 ba\u011fl\u0131 ola bil\u0259r)<br data-start=\"209\" data-end=\"212\" \/>\u2022 <strong data-start=\"214\" data-end=\"232\">\u018fsas Funksiya:<\/strong> Siqnalizasiya \u00fc\u00e7\u00fcn LED vizual x\u0259b\u0259rdarl\u0131q<br data-start=\"274\" data-end=\"277\" \/>\u2022 <strong data-start=\"279\" data-end=\"289\">Additional:<\/strong> Y\u00fcks\u0259k g\u00f6r\u00fcn\u00fcrl\u00fck, enerji q\u0259na\u0259t ed\u0259n LED<\/p>","protected":false},"excerpt":{"rendered":"<p>\u2022 N\u00f6v: LED Notification Appliance\u2022 Model: Genesis LED Appliances\u2022 Marka:  [&#8230;]<\/p>","protected":false},"featured_media":11152,"comment_status":"open","ping_status":"closed","template":"","meta":[],"product_brand":[],"product_cat":[198],"product_tag":[],"class_list":{"0":"post-11151","1":"product","2":"type-product","3":"status-publish","4":"has-post-thumbnail","6":"product_cat-edwards","7":"pa_mehsul-tipi-notification","9":"first","10":"instock","11":"sold-individually","12":"shipping-taxable","13":"purchasable","14":"product-type-simple"},"_links":{"self":[{"href":"https:\/\/engitech.az\/en\/wp-json\/wp\/v2\/product\/11151","targetHints":{"allow":["GET"]}}],"collection":[{"href":"https:\/\/engitech.az\/en\/wp-json\/wp\/v2\/product"}],"about":[{"href":"https:\/\/engitech.az\/en\/wp-json\/wp\/v2\/types\/product"}],"replies":[{"embeddable":true,"href":"https:\/\/engitech.az\/en\/wp-json\/wp\/v2\/comments?post=11151"}],"wp:featuredmedia":[{"embeddable":true,"href":"https:\/\/engitech.az\/en\/wp-json\/wp\/v2\/media\/11152"}],"wp:attachment":[{"href":"https:\/\/engitech.az\/en\/wp-json\/wp\/v2\/media?parent=11151"}],"wp:term":[{"taxonomy":"product_brand","embeddable":true,"href":"https:\/\/engitech.az\/en\/wp-json\/wp\/v2\/product_brand?post=11151"},{"taxonomy":"product_cat","embeddable":true,"href":"https:\/\/engitech.az\/en\/wp-json\/wp\/v2\/product_cat?post=11151"},{"taxonomy":"product_tag","embeddable":true,"href":"https:\/\/engitech.az\/en\/wp-json\/wp\/v2\/product_tag?post=11151"}],"curies":[{"name":"wp","href":"https:\/\/api.w.org\/{rel}","templated":true}]}}