{"id":11153,"date":"2026-02-16T08:08:44","date_gmt":"2026-02-16T08:08:44","guid":{"rendered":"https:\/\/engitech.az\/?post_type=product&#038;p=11153"},"modified":"2026-02-16T08:08:45","modified_gmt":"2026-02-16T08:08:45","slug":"audio-notification-systems","status":"publish","type":"product","link":"https:\/\/engitech.az\/en\/product\/audio-notification-systems\/","title":{"rendered":"Audio Notification Systems"},"content":{"rendered":"<p data-start=\"71\" data-end=\"309\">\u2022 <strong data-start=\"73\" data-end=\"81\">Type:<\/strong> Audio Notification System<br data-start=\"107\" data-end=\"110\" \/>\u2022 <strong data-start=\"112\" data-end=\"122\">Model:<\/strong> Audio Notification Systems<br data-start=\"149\" data-end=\"152\" \/>\u2022 <strong data-start=\"154\" data-end=\"164\">Marka:<\/strong> (sistem\/brend\u0259 g\u00f6r\u0259 d\u0259yi\u015fir)<br data-start=\"193\" data-end=\"196\" \/>\u2022 <strong data-start=\"198\" data-end=\"216\">\u018fsas Funksiya:<\/strong> Siqnalizasiya \u00fc\u00e7\u00fcn s\u0259sli x\u0259b\u0259rdarl\u0131q<br data-start=\"253\" data-end=\"256\" \/>\u2022 <strong data-start=\"258\" data-end=\"268\">Additional:<\/strong> B\u00f6y\u00fck obyektl\u0259rd\u0259 geni\u015f siqnal \u0259hat\u0259si<\/p>","protected":false},"excerpt":{"rendered":"<p>\u2022 N\u00f6v: Audio Notification System\u2022 Model: Audio Notification Systems\u2022 Marka:  [&#8230;]<\/p>","protected":false},"featured_media":11154,"comment_status":"open","ping_status":"closed","template":"","meta":[],"product_brand":[],"product_cat":[198],"product_tag":[],"class_list":{"0":"post-11153","1":"product","2":"type-product","3":"status-publish","4":"has-post-thumbnail","6":"product_cat-edwards","7":"pa_mehsul-tipi-notification","9":"first","10":"instock","11":"sold-individually","12":"shipping-taxable","13":"purchasable","14":"product-type-simple"},"_links":{"self":[{"href":"https:\/\/engitech.az\/en\/wp-json\/wp\/v2\/product\/11153","targetHints":{"allow":["GET"]}}],"collection":[{"href":"https:\/\/engitech.az\/en\/wp-json\/wp\/v2\/product"}],"about":[{"href":"https:\/\/engitech.az\/en\/wp-json\/wp\/v2\/types\/product"}],"replies":[{"embeddable":true,"href":"https:\/\/engitech.az\/en\/wp-json\/wp\/v2\/comments?post=11153"}],"wp:featuredmedia":[{"embeddable":true,"href":"https:\/\/engitech.az\/en\/wp-json\/wp\/v2\/media\/11154"}],"wp:attachment":[{"href":"https:\/\/engitech.az\/en\/wp-json\/wp\/v2\/media?parent=11153"}],"wp:term":[{"taxonomy":"product_brand","embeddable":true,"href":"https:\/\/engitech.az\/en\/wp-json\/wp\/v2\/product_brand?post=11153"},{"taxonomy":"product_cat","embeddable":true,"href":"https:\/\/engitech.az\/en\/wp-json\/wp\/v2\/product_cat?post=11153"},{"taxonomy":"product_tag","embeddable":true,"href":"https:\/\/engitech.az\/en\/wp-json\/wp\/v2\/product_tag?post=11153"}],"curies":[{"name":"wp","href":"https:\/\/api.w.org\/{rel}","templated":true}]}}