{"id":11155,"date":"2026-02-16T08:10:20","date_gmt":"2026-02-16T08:10:20","guid":{"rendered":"https:\/\/engitech.az\/?post_type=product&#038;p=11155"},"modified":"2026-02-16T08:10:20","modified_gmt":"2026-02-16T08:10:20","slug":"hyperspike-speaker-arrays","status":"publish","type":"product","link":"https:\/\/engitech.az\/en\/product\/hyperspike-speaker-arrays\/","title":{"rendered":"HyperSpike\u2122 Speaker Arrays"},"content":{"rendered":"<p>\u2022 <strong data-start=\"73\" data-end=\"81\">Type:<\/strong> High-Output Speaker Array<br data-start=\"107\" data-end=\"110\" \/>\u2022 <strong data-start=\"112\" data-end=\"122\">Model:<\/strong> HyperSpike\u2122 Speaker Arrays<br data-start=\"149\" data-end=\"152\" \/>\u2022 <strong data-start=\"154\" data-end=\"164\">Marka:<\/strong> HyperSpike\u2122 (acoustic solutions)<br data-start=\"197\" data-end=\"200\" \/>\u2022 <strong data-start=\"202\" data-end=\"220\">\u018fsas Funksiya:<\/strong> G\u00fccl\u00fc audio siqnalizasiya v\u0259 x\u0259b\u0259rdarl\u0131q<br data-start=\"261\" data-end=\"264\" \/>\u2022 <strong data-start=\"266\" data-end=\"276\">Additional:<\/strong> A\u00e7\u0131q sah\u0259 \/ f\u00f6vq\u0259lad\u0259 v\u0259ziyy\u0259t elanlar\u0131 \u00fc\u00e7\u00fcn n\u0259z\u0259rd\u0259 tutulub<\/p>","protected":false},"excerpt":{"rendered":"<p>\u2022 N\u00f6v: High-Output Speaker Array\u2022 Model: HyperSpike\u2122 Speaker Arrays\u2022 Marka:  [&#8230;]<\/p>","protected":false},"featured_media":11156,"comment_status":"open","ping_status":"closed","template":"","meta":[],"product_brand":[],"product_cat":[198],"product_tag":[],"class_list":{"0":"post-11155","1":"product","2":"type-product","3":"status-publish","4":"has-post-thumbnail","6":"product_cat-edwards","7":"pa_mehsul-tipi-notification","9":"first","10":"instock","11":"sold-individually","12":"shipping-taxable","13":"purchasable","14":"product-type-simple"},"_links":{"self":[{"href":"https:\/\/engitech.az\/en\/wp-json\/wp\/v2\/product\/11155","targetHints":{"allow":["GET"]}}],"collection":[{"href":"https:\/\/engitech.az\/en\/wp-json\/wp\/v2\/product"}],"about":[{"href":"https:\/\/engitech.az\/en\/wp-json\/wp\/v2\/types\/product"}],"replies":[{"embeddable":true,"href":"https:\/\/engitech.az\/en\/wp-json\/wp\/v2\/comments?post=11155"}],"wp:featuredmedia":[{"embeddable":true,"href":"https:\/\/engitech.az\/en\/wp-json\/wp\/v2\/media\/11156"}],"wp:attachment":[{"href":"https:\/\/engitech.az\/en\/wp-json\/wp\/v2\/media?parent=11155"}],"wp:term":[{"taxonomy":"product_brand","embeddable":true,"href":"https:\/\/engitech.az\/en\/wp-json\/wp\/v2\/product_brand?post=11155"},{"taxonomy":"product_cat","embeddable":true,"href":"https:\/\/engitech.az\/en\/wp-json\/wp\/v2\/product_cat?post=11155"},{"taxonomy":"product_tag","embeddable":true,"href":"https:\/\/engitech.az\/en\/wp-json\/wp\/v2\/product_tag?post=11155"}],"curies":[{"name":"wp","href":"https:\/\/api.w.org\/{rel}","templated":true}]}}