{"id":11157,"date":"2026-02-16T08:22:03","date_gmt":"2026-02-16T08:22:03","guid":{"rendered":"https:\/\/engitech.az\/?post_type=product&#038;p=11157"},"modified":"2026-02-16T08:22:03","modified_gmt":"2026-02-16T08:22:03","slug":"distributed-antenna-systems-das","status":"publish","type":"product","link":"https:\/\/engitech.az\/en\/product\/distributed-antenna-systems-das\/","title":{"rendered":"DISTRIBUTED ANTENNA SYSTEMS (DAS)"},"content":{"rendered":"<p data-start=\"78\" data-end=\"341\">\u2022 <strong data-start=\"80\" data-end=\"88\">Type:<\/strong> Distributed Antenna System (DAS)<br data-start=\"121\" data-end=\"124\" \/>\u2022 <strong data-start=\"126\" data-end=\"136\">Model:<\/strong> DAS<br data-start=\"140\" data-end=\"143\" \/>\u2022 <strong data-start=\"145\" data-end=\"155\">Marka:<\/strong> (\u015f\u0259b\u0259k\u0259 \/ kommunikasiya t\u0259chizat\u00e7\u0131lar\u0131na g\u00f6r\u0259)<br data-start=\"202\" data-end=\"205\" \/>\u2022 <strong data-start=\"207\" data-end=\"225\">\u018fsas Funksiya:<\/strong> Mobil \/ RF siqnallar\u0131n\u0131 geni\u015f \u0259raziy\u0259 paylama<br data-start=\"271\" data-end=\"274\" \/>\u2022 <strong data-start=\"276\" data-end=\"286\">Additional:<\/strong> Bina i\u00e7i siqnal g\u00fccl\u0259ndirm\u0259 v\u0259 \u0259laq\u0259 keyfiyy\u0259ti \u00fc\u00e7\u00fcn<\/p>","protected":false},"excerpt":{"rendered":"<p>\u2022 N\u00f6v: Distributed Antenna System (DAS)\u2022 Model: DAS\u2022 Marka: (\u015f\u0259b\u0259k\u0259  [&#8230;]<\/p>","protected":false},"featured_media":11163,"comment_status":"open","ping_status":"closed","template":"","meta":[],"product_brand":[],"product_cat":[198],"product_tag":[],"class_list":{"0":"post-11157","1":"product","2":"type-product","3":"status-publish","4":"has-post-thumbnail","6":"product_cat-edwards","7":"pa_mehsul-tipi-emergency-responder-communication-enhancement-systems-erces","9":"first","10":"instock","11":"sold-individually","12":"shipping-taxable","13":"purchasable","14":"product-type-simple"},"_links":{"self":[{"href":"https:\/\/engitech.az\/en\/wp-json\/wp\/v2\/product\/11157","targetHints":{"allow":["GET"]}}],"collection":[{"href":"https:\/\/engitech.az\/en\/wp-json\/wp\/v2\/product"}],"about":[{"href":"https:\/\/engitech.az\/en\/wp-json\/wp\/v2\/types\/product"}],"replies":[{"embeddable":true,"href":"https:\/\/engitech.az\/en\/wp-json\/wp\/v2\/comments?post=11157"}],"wp:featuredmedia":[{"embeddable":true,"href":"https:\/\/engitech.az\/en\/wp-json\/wp\/v2\/media\/11163"}],"wp:attachment":[{"href":"https:\/\/engitech.az\/en\/wp-json\/wp\/v2\/media?parent=11157"}],"wp:term":[{"taxonomy":"product_brand","embeddable":true,"href":"https:\/\/engitech.az\/en\/wp-json\/wp\/v2\/product_brand?post=11157"},{"taxonomy":"product_cat","embeddable":true,"href":"https:\/\/engitech.az\/en\/wp-json\/wp\/v2\/product_cat?post=11157"},{"taxonomy":"product_tag","embeddable":true,"href":"https:\/\/engitech.az\/en\/wp-json\/wp\/v2\/product_tag?post=11157"}],"curies":[{"name":"wp","href":"https:\/\/api.w.org\/{rel}","templated":true}]}}