{"id":11164,"date":"2026-02-16T08:23:59","date_gmt":"2026-02-16T08:23:59","guid":{"rendered":"https:\/\/engitech.az\/?post_type=product&#038;p=11164"},"modified":"2026-02-16T08:23:59","modified_gmt":"2026-02-16T08:23:59","slug":"repeaters","status":"publish","type":"product","link":"https:\/\/engitech.az\/en\/product\/repeaters\/","title":{"rendered":"REPEATERS"},"content":{"rendered":"<p data-start=\"54\" data-end=\"298\">\u2022 <strong data-start=\"56\" data-end=\"64\">Type:<\/strong> Signal Repeater<br data-start=\"80\" data-end=\"83\" \/>\u2022 <strong data-start=\"85\" data-end=\"95\">Model:<\/strong> Repeaters<br data-start=\"105\" data-end=\"108\" \/>\u2022 <strong data-start=\"110\" data-end=\"120\">Marka:<\/strong> (telekommunikasiya \/ siqnal sistem brendi)<br data-start=\"163\" data-end=\"166\" \/>\u2022 <strong data-start=\"168\" data-end=\"186\">\u018fsas Funksiya:<\/strong> Siqnal\u0131 g\u00fccl\u0259ndirir v\u0259 geni\u015f \u0259raziy\u0259 \u00f6t\u00fcr\u00fcr<br data-start=\"230\" data-end=\"233\" \/>\u2022 <strong data-start=\"235\" data-end=\"245\">Additional:<\/strong> Mobil\/ RF\/ emergency siqnallar\u0131n t\u0259krar emal\u0131 \u00fc\u00e7\u00fcn<\/p>","protected":false},"excerpt":{"rendered":"<p>\u2022 N\u00f6v: Signal Repeater\u2022 Model: Repeaters\u2022 Marka: (telekommunikasiya \/ siqnal  [&#8230;]<\/p>","protected":false},"featured_media":11165,"comment_status":"open","ping_status":"closed","template":"","meta":[],"product_brand":[],"product_cat":[198],"product_tag":[],"class_list":{"0":"post-11164","1":"product","2":"type-product","3":"status-publish","4":"has-post-thumbnail","6":"product_cat-edwards","7":"pa_mehsul-tipi-emergency-responder-communication-enhancement-systems-erces","9":"first","10":"instock","11":"sold-individually","12":"shipping-taxable","13":"purchasable","14":"product-type-simple"},"_links":{"self":[{"href":"https:\/\/engitech.az\/en\/wp-json\/wp\/v2\/product\/11164","targetHints":{"allow":["GET"]}}],"collection":[{"href":"https:\/\/engitech.az\/en\/wp-json\/wp\/v2\/product"}],"about":[{"href":"https:\/\/engitech.az\/en\/wp-json\/wp\/v2\/types\/product"}],"replies":[{"embeddable":true,"href":"https:\/\/engitech.az\/en\/wp-json\/wp\/v2\/comments?post=11164"}],"wp:featuredmedia":[{"embeddable":true,"href":"https:\/\/engitech.az\/en\/wp-json\/wp\/v2\/media\/11165"}],"wp:attachment":[{"href":"https:\/\/engitech.az\/en\/wp-json\/wp\/v2\/media?parent=11164"}],"wp:term":[{"taxonomy":"product_brand","embeddable":true,"href":"https:\/\/engitech.az\/en\/wp-json\/wp\/v2\/product_brand?post=11164"},{"taxonomy":"product_cat","embeddable":true,"href":"https:\/\/engitech.az\/en\/wp-json\/wp\/v2\/product_cat?post=11164"},{"taxonomy":"product_tag","embeddable":true,"href":"https:\/\/engitech.az\/en\/wp-json\/wp\/v2\/product_tag?post=11164"}],"curies":[{"name":"wp","href":"https:\/\/api.w.org\/{rel}","templated":true}]}}