{"id":11166,"date":"2026-02-16T08:26:30","date_gmt":"2026-02-16T08:26:30","guid":{"rendered":"https:\/\/engitech.az\/?post_type=product&#038;p=11166"},"modified":"2026-02-16T08:26:31","modified_gmt":"2026-02-16T08:26:31","slug":"antenna","status":"publish","type":"product","link":"https:\/\/engitech.az\/en\/product\/antenna\/","title":{"rendered":"ANTENNA"},"content":{"rendered":"<p>\u2022 <strong data-start=\"107\" data-end=\"115\">Type:<\/strong> Antenna<br data-start=\"123\" data-end=\"126\" \/>\u2022 <strong data-start=\"128\" data-end=\"138\">Model:<\/strong> Antenna<br data-start=\"146\" data-end=\"149\" \/>\u2022 <strong data-start=\"151\" data-end=\"161\">Marka:<\/strong> <strong data-start=\"162\" data-end=\"173\">Edwards<\/strong><br data-start=\"173\" data-end=\"176\" \/>\u2022 <strong data-start=\"178\" data-end=\"196\">\u018fsas Funksiya:<\/strong> Siqnal\/kommunikasiya siqnallar\u0131n\u0131 q\u0259bul v\u0259 \u00f6t\u00fcrm\u0259<br data-start=\"246\" data-end=\"249\" \/>\u2022 <strong data-start=\"251\" data-end=\"261\">Additional:<\/strong> Fire alarm v\u0259 dieks ma\u015f\u0131nlar\u0131 sisteml\u0259ri il\u0259 inteqrasiya \u00fc\u00e7\u00fcn uy\u011fundur<\/p>","protected":false},"excerpt":{"rendered":"<p>\u2022 N\u00f6v: Antenna\u2022 Model: Antenna\u2022 Marka: Edwards\u2022 \u018fsas Funksiya: Siqnal\/kommunikasiya  [&#8230;]<\/p>","protected":false},"featured_media":11167,"comment_status":"open","ping_status":"closed","template":"","meta":[],"product_brand":[],"product_cat":[198],"product_tag":[],"class_list":{"0":"post-11166","1":"product","2":"type-product","3":"status-publish","4":"has-post-thumbnail","6":"product_cat-edwards","8":"first","9":"instock","10":"sold-individually","11":"shipping-taxable","12":"purchasable","13":"product-type-simple"},"_links":{"self":[{"href":"https:\/\/engitech.az\/en\/wp-json\/wp\/v2\/product\/11166","targetHints":{"allow":["GET"]}}],"collection":[{"href":"https:\/\/engitech.az\/en\/wp-json\/wp\/v2\/product"}],"about":[{"href":"https:\/\/engitech.az\/en\/wp-json\/wp\/v2\/types\/product"}],"replies":[{"embeddable":true,"href":"https:\/\/engitech.az\/en\/wp-json\/wp\/v2\/comments?post=11166"}],"wp:featuredmedia":[{"embeddable":true,"href":"https:\/\/engitech.az\/en\/wp-json\/wp\/v2\/media\/11167"}],"wp:attachment":[{"href":"https:\/\/engitech.az\/en\/wp-json\/wp\/v2\/media?parent=11166"}],"wp:term":[{"taxonomy":"product_brand","embeddable":true,"href":"https:\/\/engitech.az\/en\/wp-json\/wp\/v2\/product_brand?post=11166"},{"taxonomy":"product_cat","embeddable":true,"href":"https:\/\/engitech.az\/en\/wp-json\/wp\/v2\/product_cat?post=11166"},{"taxonomy":"product_tag","embeddable":true,"href":"https:\/\/engitech.az\/en\/wp-json\/wp\/v2\/product_tag?post=11166"}],"curies":[{"name":"wp","href":"https:\/\/api.w.org\/{rel}","templated":true}]}}