{"id":11168,"date":"2026-02-16T08:28:54","date_gmt":"2026-02-16T08:28:54","guid":{"rendered":"https:\/\/engitech.az\/?post_type=product&#038;p=11168"},"modified":"2026-02-16T08:28:55","modified_gmt":"2026-02-16T08:28:55","slug":"passive-components","status":"publish","type":"product","link":"https:\/\/engitech.az\/en\/product\/passive-components\/","title":{"rendered":"PASSIVE COMPONENTS"},"content":{"rendered":"<p>\u2022 <strong data-start=\"85\" data-end=\"93\">Type:<\/strong> Passive Components<br data-start=\"112\" data-end=\"115\" \/>\u2022 <strong data-start=\"117\" data-end=\"127\" data-is-only-node=\"\">Model:<\/strong> Passive Components<br data-start=\"146\" data-end=\"149\" \/>\u2022 <strong data-start=\"151\" data-end=\"161\">Marka:<\/strong> <strong data-start=\"162\" data-end=\"203\"><span class=\"hover:entity-accent entity-underline inline cursor-pointer align-baseline\"><span class=\"whitespace-normal\">Edwards<\/span><\/span><\/strong><br data-start=\"203\" data-end=\"206\" \/>\u2022 <strong data-start=\"208\" data-end=\"226\">\u018fsas Funksiya:<\/strong> Siqnal\u0131n paylanmas\u0131 v\u0259 y\u00f6nl\u0259ndirilm\u0259si<br data-start=\"265\" data-end=\"268\" \/>\u2022 <strong data-start=\"270\" data-end=\"280\">Additional:<\/strong> Fire alarm v\u0259 kommunikasiya sisteml\u0259ri \u00fc\u00e7\u00fcn<\/p>","protected":false},"excerpt":{"rendered":"<p>\u2022 N\u00f6v: Passive Components\u2022 Model: Passive Components\u2022 Marka: Edwards\u2022 \u018fsas  [&#8230;]<\/p>","protected":false},"featured_media":11169,"comment_status":"open","ping_status":"closed","template":"","meta":[],"product_brand":[],"product_cat":[198],"product_tag":[],"class_list":{"0":"post-11168","1":"product","2":"type-product","3":"status-publish","4":"has-post-thumbnail","6":"product_cat-edwards","7":"pa_mehsul-tipi-emergency-responder-communication-enhancement-systems-erces","9":"first","10":"instock","11":"sold-individually","12":"shipping-taxable","13":"purchasable","14":"product-type-simple"},"_links":{"self":[{"href":"https:\/\/engitech.az\/en\/wp-json\/wp\/v2\/product\/11168","targetHints":{"allow":["GET"]}}],"collection":[{"href":"https:\/\/engitech.az\/en\/wp-json\/wp\/v2\/product"}],"about":[{"href":"https:\/\/engitech.az\/en\/wp-json\/wp\/v2\/types\/product"}],"replies":[{"embeddable":true,"href":"https:\/\/engitech.az\/en\/wp-json\/wp\/v2\/comments?post=11168"}],"wp:featuredmedia":[{"embeddable":true,"href":"https:\/\/engitech.az\/en\/wp-json\/wp\/v2\/media\/11169"}],"wp:attachment":[{"href":"https:\/\/engitech.az\/en\/wp-json\/wp\/v2\/media?parent=11168"}],"wp:term":[{"taxonomy":"product_brand","embeddable":true,"href":"https:\/\/engitech.az\/en\/wp-json\/wp\/v2\/product_brand?post=11168"},{"taxonomy":"product_cat","embeddable":true,"href":"https:\/\/engitech.az\/en\/wp-json\/wp\/v2\/product_cat?post=11168"},{"taxonomy":"product_tag","embeddable":true,"href":"https:\/\/engitech.az\/en\/wp-json\/wp\/v2\/product_tag?post=11168"}],"curies":[{"name":"wp","href":"https:\/\/api.w.org\/{rel}","templated":true}]}}