{"id":11170,"date":"2026-02-16T10:55:00","date_gmt":"2026-02-16T10:55:00","guid":{"rendered":"https:\/\/engitech.az\/?post_type=product&#038;p=11170"},"modified":"2026-02-16T10:55:01","modified_gmt":"2026-02-16T10:55:01","slug":"keyless-entry-virtual-keys","status":"publish","type":"product","link":"https:\/\/engitech.az\/en\/product\/keyless-entry-virtual-keys\/","title":{"rendered":"Keyless Entry &#038; Virtual Keys"},"content":{"rendered":"<p>\u2022 <strong data-start=\"51\" data-end=\"59\">Type:<\/strong> Keyless Entry &amp; Virtual Keys<br data-start=\"88\" data-end=\"91\" \/>\u2022 <strong data-start=\"93\" data-end=\"103\" data-is-only-node=\"\">Marka:<\/strong> <strong data-start=\"104\" data-end=\"145\"><span class=\"hover:entity-accent entity-underline inline cursor-pointer align-baseline\"><span class=\"whitespace-normal\">ASSA ABLOY<\/span><\/span><\/strong><br data-start=\"145\" data-end=\"148\" \/>\u2022 <strong data-start=\"150\" data-end=\"164\">A\u00e7ar Tipi:<\/strong> Fiziki a\u00e7ars\u0131z giri\u015f (mobil \/ r\u0259q\u0259msal a\u00e7ar)<br data-start=\"209\" data-end=\"212\" \/>\u2022 <strong data-start=\"214\" data-end=\"228\">Management:<\/strong> Mobil t\u0259tbiq v\u0259 bulud \u00fcz\u0259rind\u0259n<br data-start=\"260\" data-end=\"263\" \/>\u2022 <strong data-start=\"265\" data-end=\"285\">Giri\u015f Metodlar\u0131:<\/strong> Telefon, PIN, kart, biometrik (model\u0259 g\u00f6r\u0259)<br data-start=\"329\" data-end=\"332\" \/>\u2022 <strong data-start=\"334\" data-end=\"352\">Security:<\/strong> \u015eifr\u0259l\u0259nmi\u015f giri\u015f, real-time icaz\u0259 n\u0259zar\u0259ti<br data-start=\"396\" data-end=\"399\" \/>\u2022 <strong data-start=\"401\" data-end=\"411\">Additional:<\/strong> Virtual a\u00e7ar payla\u015f\u0131m\u0131, giri\u015f tarix\u00e7\u0259si, uzaqdan bloklama<\/p>","protected":false},"excerpt":{"rendered":"<p>\u2022 N\u00f6v: Keyless Entry &amp; Virtual Keys\u2022 Marka: ASSA ABLOY\u2022  [&#8230;]<\/p>","protected":false},"featured_media":11181,"comment_status":"open","ping_status":"closed","template":"","meta":[],"product_brand":[],"product_cat":[357],"product_tag":[],"class_list":{"0":"post-11170","1":"product","2":"type-product","3":"status-publish","4":"has-post-thumbnail","6":"product_cat-assa-abloy","7":"pa_mehsul-tipi-access-control","9":"first","10":"instock","11":"sold-individually","12":"shipping-taxable","13":"purchasable","14":"product-type-simple"},"_links":{"self":[{"href":"https:\/\/engitech.az\/en\/wp-json\/wp\/v2\/product\/11170","targetHints":{"allow":["GET"]}}],"collection":[{"href":"https:\/\/engitech.az\/en\/wp-json\/wp\/v2\/product"}],"about":[{"href":"https:\/\/engitech.az\/en\/wp-json\/wp\/v2\/types\/product"}],"replies":[{"embeddable":true,"href":"https:\/\/engitech.az\/en\/wp-json\/wp\/v2\/comments?post=11170"}],"wp:featuredmedia":[{"embeddable":true,"href":"https:\/\/engitech.az\/en\/wp-json\/wp\/v2\/media\/11181"}],"wp:attachment":[{"href":"https:\/\/engitech.az\/en\/wp-json\/wp\/v2\/media?parent=11170"}],"wp:term":[{"taxonomy":"product_brand","embeddable":true,"href":"https:\/\/engitech.az\/en\/wp-json\/wp\/v2\/product_brand?post=11170"},{"taxonomy":"product_cat","embeddable":true,"href":"https:\/\/engitech.az\/en\/wp-json\/wp\/v2\/product_cat?post=11170"},{"taxonomy":"product_tag","embeddable":true,"href":"https:\/\/engitech.az\/en\/wp-json\/wp\/v2\/product_tag?post=11170"}],"curies":[{"name":"wp","href":"https:\/\/api.w.org\/{rel}","templated":true}]}}