{"id":11182,"date":"2026-02-16T11:31:10","date_gmt":"2026-02-16T11:31:10","guid":{"rendered":"https:\/\/engitech.az\/?post_type=product&#038;p=11182"},"modified":"2026-02-16T11:31:10","modified_gmt":"2026-02-16T11:31:10","slug":"aperio-h100-electronic-handle","status":"publish","type":"product","link":"https:\/\/engitech.az\/en\/product\/aperio-h100-electronic-handle\/","title":{"rendered":"Aperio H100 Electronic Handle"},"content":{"rendered":"<p>\u2022 <strong data-start=\"101\" data-end=\"109\">Type:<\/strong> Access control oxuyucu<br data-start=\"132\" data-end=\"135\" \/>\u2022 <strong data-start=\"137\" data-end=\"147\" data-is-only-node=\"\">Model:<\/strong> Aperio H100<br data-start=\"159\" data-end=\"162\" \/>\u2022 <strong data-start=\"164\" data-end=\"177\">Function:<\/strong> Simsiz qap\u0131 giri\u015f n\u0259zar\u0259ti<br data-start=\"204\" data-end=\"207\" \/>\u2022 <strong data-start=\"209\" data-end=\"225\">Texnologiya:<\/strong> RFID \/ BLE<br data-start=\"236\" data-end=\"239\" \/>\u2022 <strong data-start=\"241\" data-end=\"252\">Energy:<\/strong> Batareya il\u0259 i\u015fl\u0259yir<br data-start=\"273\" data-end=\"276\" \/>\u2022 <strong data-start=\"278\" data-end=\"288\">Additional:<\/strong> Kabel t\u0259l\u0259b etmir, m\u00f6vcud qap\u0131lara asan qura\u015fd\u0131rma<\/p>","protected":false},"excerpt":{"rendered":"<p>\u2022 N\u00f6v: Access control oxuyucu\u2022 Model: Aperio H100\u2022 Funksiya: Simsiz  [&#8230;]<\/p>","protected":false},"featured_media":11183,"comment_status":"open","ping_status":"closed","template":"","meta":[],"product_brand":[],"product_cat":[357],"product_tag":[],"class_list":{"0":"post-11182","1":"product","2":"type-product","3":"status-publish","4":"has-post-thumbnail","6":"product_cat-assa-abloy","7":"pa_mehsul-tipi-access-control","9":"first","10":"instock","11":"sold-individually","12":"shipping-taxable","13":"purchasable","14":"product-type-simple"},"_links":{"self":[{"href":"https:\/\/engitech.az\/en\/wp-json\/wp\/v2\/product\/11182","targetHints":{"allow":["GET"]}}],"collection":[{"href":"https:\/\/engitech.az\/en\/wp-json\/wp\/v2\/product"}],"about":[{"href":"https:\/\/engitech.az\/en\/wp-json\/wp\/v2\/types\/product"}],"replies":[{"embeddable":true,"href":"https:\/\/engitech.az\/en\/wp-json\/wp\/v2\/comments?post=11182"}],"wp:featuredmedia":[{"embeddable":true,"href":"https:\/\/engitech.az\/en\/wp-json\/wp\/v2\/media\/11183"}],"wp:attachment":[{"href":"https:\/\/engitech.az\/en\/wp-json\/wp\/v2\/media?parent=11182"}],"wp:term":[{"taxonomy":"product_brand","embeddable":true,"href":"https:\/\/engitech.az\/en\/wp-json\/wp\/v2\/product_brand?post=11182"},{"taxonomy":"product_cat","embeddable":true,"href":"https:\/\/engitech.az\/en\/wp-json\/wp\/v2\/product_cat?post=11182"},{"taxonomy":"product_tag","embeddable":true,"href":"https:\/\/engitech.az\/en\/wp-json\/wp\/v2\/product_tag?post=11182"}],"curies":[{"name":"wp","href":"https:\/\/api.w.org\/{rel}","templated":true}]}}