{"id":11184,"date":"2026-02-16T11:34:35","date_gmt":"2026-02-16T11:34:35","guid":{"rendered":"https:\/\/engitech.az\/?post_type=product&#038;p=11184"},"modified":"2026-02-16T11:34:35","modified_gmt":"2026-02-16T11:34:35","slug":"shine-access-control-glass-door","status":"publish","type":"product","link":"https:\/\/engitech.az\/en\/product\/shine-access-control-glass-door\/","title":{"rendered":"shine\u2122 &#8211; Access Control ( Glass Door)"},"content":{"rendered":"<p>\u2022 <strong data-start=\"101\" data-end=\"109\">Type:<\/strong> Access Control Oxuyucu (\u015e\u00fc\u015f\u0259 qap\u0131 \u00fc\u00e7\u00fcn)<br data-start=\"149\" data-end=\"152\" \/>\u2022 <strong data-start=\"154\" data-end=\"164\">Model:<\/strong> Shine\u2122<br data-start=\"171\" data-end=\"174\" \/>\u2022 <strong data-start=\"176\" data-end=\"186\">Marka:<\/strong> <strong data-start=\"187\" data-end=\"228\"><span class=\"hover:entity-accent entity-underline inline cursor-pointer align-baseline\"><span class=\"whitespace-normal\">ASSA ABLOY<\/span><\/span><\/strong><br data-start=\"228\" data-end=\"231\" \/>\u2022 <strong data-start=\"233\" data-end=\"246\">Function:<\/strong> \u015e\u00fc\u015f\u0259 qap\u0131lar \u00fc\u00e7\u00fcn simsiz giri\u015f n\u0259zar\u0259ti<br data-start=\"286\" data-end=\"289\" \/>\u2022 <strong data-start=\"291\" data-end=\"307\">Texnologiya:<\/strong> RFID\/BLE\/NFC d\u0259st\u0259yi<br data-start=\"328\" data-end=\"331\" \/>\u2022 <strong data-start=\"333\" data-end=\"344\">Energy:<\/strong> Batareya il\u0259 v\u0259 ya daxili enerjid\u0259n<br data-start=\"380\" data-end=\"383\" \/>\u2022 <strong data-start=\"385\" data-end=\"395\">Additional:<\/strong> Kabelsiz qura\u015fd\u0131rma, mobil giri\u015f d\u0259st\u0259yi<\/p>","protected":false},"excerpt":{"rendered":"<p>\u2022 N\u00f6v: Access Control Oxuyucu (\u015e\u00fc\u015f\u0259 qap\u0131 \u00fc\u00e7\u00fcn)\u2022 Model: Shine\u2122\u2022  [&#8230;]<\/p>","protected":false},"featured_media":11185,"comment_status":"open","ping_status":"closed","template":"","meta":[],"product_brand":[],"product_cat":[357],"product_tag":[],"class_list":{"0":"post-11184","1":"product","2":"type-product","3":"status-publish","4":"has-post-thumbnail","6":"product_cat-assa-abloy","7":"pa_mehsul-tipi-access-control","9":"first","10":"instock","11":"sold-individually","12":"shipping-taxable","13":"purchasable","14":"product-type-simple"},"_links":{"self":[{"href":"https:\/\/engitech.az\/en\/wp-json\/wp\/v2\/product\/11184","targetHints":{"allow":["GET"]}}],"collection":[{"href":"https:\/\/engitech.az\/en\/wp-json\/wp\/v2\/product"}],"about":[{"href":"https:\/\/engitech.az\/en\/wp-json\/wp\/v2\/types\/product"}],"replies":[{"embeddable":true,"href":"https:\/\/engitech.az\/en\/wp-json\/wp\/v2\/comments?post=11184"}],"wp:featuredmedia":[{"embeddable":true,"href":"https:\/\/engitech.az\/en\/wp-json\/wp\/v2\/media\/11185"}],"wp:attachment":[{"href":"https:\/\/engitech.az\/en\/wp-json\/wp\/v2\/media?parent=11184"}],"wp:term":[{"taxonomy":"product_brand","embeddable":true,"href":"https:\/\/engitech.az\/en\/wp-json\/wp\/v2\/product_brand?post=11184"},{"taxonomy":"product_cat","embeddable":true,"href":"https:\/\/engitech.az\/en\/wp-json\/wp\/v2\/product_cat?post=11184"},{"taxonomy":"product_tag","embeddable":true,"href":"https:\/\/engitech.az\/en\/wp-json\/wp\/v2\/product_tag?post=11184"}],"curies":[{"name":"wp","href":"https:\/\/api.w.org\/{rel}","templated":true}]}}