{"id":11186,"date":"2026-02-16T11:39:31","date_gmt":"2026-02-16T11:39:31","guid":{"rendered":"https:\/\/engitech.az\/?post_type=product&#038;p=11186"},"modified":"2026-02-16T11:39:32","modified_gmt":"2026-02-16T11:39:32","slug":"aperio-c100-cylinder","status":"publish","type":"product","link":"https:\/\/engitech.az\/en\/product\/aperio-c100-cylinder\/","title":{"rendered":"Aperio C100 Cylinder"},"content":{"rendered":"<p>\u2022 <strong data-start=\"110\" data-end=\"118\">Type:<\/strong> Electronic Cylinder Lock<br data-start=\"143\" data-end=\"146\" \/>\u2022 <strong data-start=\"148\" data-end=\"158\">Model:<\/strong> Aperio C100<br data-start=\"170\" data-end=\"173\" \/>\u2022 <strong data-start=\"175\" data-end=\"188\">Function:<\/strong> Qap\u0131 \u00fc\u00e7\u00fcn simsiz giri\u015f n\u0259zar\u0259t silindri<br data-start=\"228\" data-end=\"231\" \/>\u2022 <strong data-start=\"233\" data-end=\"249\">Texnologiya:<\/strong> RFID \/ BLE (Bluetooth Low Energy)<br data-start=\"283\" data-end=\"286\" \/>\u2022 <strong data-start=\"288\" data-end=\"299\">Energy:<\/strong> Daxili batareya<br data-start=\"315\" data-end=\"318\" \/>\u2022 <strong data-start=\"320\" data-end=\"331\">Assembly:<\/strong> Standart qap\u0131 silindrin\u0259 uy\u011fun<br data-start=\"362\" data-end=\"365\" \/>\u2022 <strong data-start=\"367\" data-end=\"377\">Additional:<\/strong> Kabelsiz ba\u011flant\u0131, mobil giri\u015f d\u0259st\u0259yi, audit trail<\/p>","protected":false},"excerpt":{"rendered":"<p>\u2022 N\u00f6v: Electronic Cylinder Lock\u2022 Model: Aperio C100\u2022 Funksiya: Qap\u0131  [&#8230;]<\/p>","protected":false},"featured_media":11187,"comment_status":"open","ping_status":"closed","template":"","meta":[],"product_brand":[],"product_cat":[357],"product_tag":[],"class_list":{"0":"post-11186","1":"product","2":"type-product","3":"status-publish","4":"has-post-thumbnail","6":"product_cat-assa-abloy","7":"pa_mehsul-tipi-access-control","9":"first","10":"instock","11":"sold-individually","12":"shipping-taxable","13":"purchasable","14":"product-type-simple"},"_links":{"self":[{"href":"https:\/\/engitech.az\/en\/wp-json\/wp\/v2\/product\/11186","targetHints":{"allow":["GET"]}}],"collection":[{"href":"https:\/\/engitech.az\/en\/wp-json\/wp\/v2\/product"}],"about":[{"href":"https:\/\/engitech.az\/en\/wp-json\/wp\/v2\/types\/product"}],"replies":[{"embeddable":true,"href":"https:\/\/engitech.az\/en\/wp-json\/wp\/v2\/comments?post=11186"}],"wp:featuredmedia":[{"embeddable":true,"href":"https:\/\/engitech.az\/en\/wp-json\/wp\/v2\/media\/11187"}],"wp:attachment":[{"href":"https:\/\/engitech.az\/en\/wp-json\/wp\/v2\/media?parent=11186"}],"wp:term":[{"taxonomy":"product_brand","embeddable":true,"href":"https:\/\/engitech.az\/en\/wp-json\/wp\/v2\/product_brand?post=11186"},{"taxonomy":"product_cat","embeddable":true,"href":"https:\/\/engitech.az\/en\/wp-json\/wp\/v2\/product_cat?post=11186"},{"taxonomy":"product_tag","embeddable":true,"href":"https:\/\/engitech.az\/en\/wp-json\/wp\/v2\/product_tag?post=11186"}],"curies":[{"name":"wp","href":"https:\/\/api.w.org\/{rel}","templated":true}]}}