{"id":11188,"date":"2026-02-16T11:41:54","date_gmt":"2026-02-16T11:41:54","guid":{"rendered":"https:\/\/engitech.az\/?post_type=product&#038;p=11188"},"modified":"2026-02-16T11:41:54","modified_gmt":"2026-02-16T11:41:54","slug":"aperio-e100-escutcheon","status":"publish","type":"product","link":"https:\/\/engitech.az\/en\/product\/aperio-e100-escutcheon\/","title":{"rendered":"Aperio E100 Escutcheon"},"content":{"rendered":"<p data-start=\"83\" data-end=\"504\">\u2022 <strong data-start=\"85\" data-end=\"93\">Type:<\/strong> Electronic Escutcheon (giri\u015f n\u0259zar\u0259t paneli)<br data-start=\"138\" data-end=\"141\" \/>\u2022 <strong data-start=\"143\" data-end=\"153\">Model:<\/strong> Aperio E100<br data-start=\"165\" data-end=\"168\" \/>\u2022 <strong data-start=\"170\" data-end=\"180\">Marka:<\/strong> <strong data-start=\"181\" data-end=\"195\">ASSA ABLOY<\/strong><br data-start=\"195\" data-end=\"198\" \/>\u2022 <strong data-start=\"200\" data-end=\"213\">Function:<\/strong> Qap\u0131 \u00fcz\u0259rind\u0259 simsiz giri\u015f n\u0259zar\u0259ti \u00fc\u00e7\u00fcn elektron kilid l\u00f6vh\u0259si<br data-start=\"277\" data-end=\"280\" \/>\u2022 <strong data-start=\"282\" data-end=\"298\">Texnologiya:<\/strong> RFID \/ BLE (Bluetooth Low Energy)<br data-start=\"332\" data-end=\"335\" \/>\u2022 <strong data-start=\"337\" data-end=\"348\">Energy:<\/strong> Daxili batareya il\u0259 i\u015fl\u0259yir<br data-start=\"376\" data-end=\"379\" \/>\u2022 <strong data-start=\"381\" data-end=\"392\">Assembly:<\/strong> Standart qap\u0131 escutcheon sah\u0259sin\u0259 uy\u011fundur<br data-start=\"435\" data-end=\"438\" \/>\u2022 <strong data-start=\"440\" data-end=\"450\">Additional:<\/strong> Mobil giri\u015f, audit trail d\u0259st\u0259yi, kabelsiz ba\u011flant\u0131<\/p>","protected":false},"excerpt":{"rendered":"<p>\u2022 N\u00f6v: Electronic Escutcheon (giri\u015f n\u0259zar\u0259t paneli)\u2022 Model: Aperio E100\u2022  [&#8230;]<\/p>","protected":false},"featured_media":11189,"comment_status":"open","ping_status":"closed","template":"","meta":[],"product_brand":[],"product_cat":[357],"product_tag":[],"class_list":{"0":"post-11188","1":"product","2":"type-product","3":"status-publish","4":"has-post-thumbnail","6":"product_cat-assa-abloy","7":"pa_mehsul-tipi-access-control","9":"first","10":"instock","11":"sold-individually","12":"shipping-taxable","13":"purchasable","14":"product-type-simple"},"_links":{"self":[{"href":"https:\/\/engitech.az\/en\/wp-json\/wp\/v2\/product\/11188","targetHints":{"allow":["GET"]}}],"collection":[{"href":"https:\/\/engitech.az\/en\/wp-json\/wp\/v2\/product"}],"about":[{"href":"https:\/\/engitech.az\/en\/wp-json\/wp\/v2\/types\/product"}],"replies":[{"embeddable":true,"href":"https:\/\/engitech.az\/en\/wp-json\/wp\/v2\/comments?post=11188"}],"wp:featuredmedia":[{"embeddable":true,"href":"https:\/\/engitech.az\/en\/wp-json\/wp\/v2\/media\/11189"}],"wp:attachment":[{"href":"https:\/\/engitech.az\/en\/wp-json\/wp\/v2\/media?parent=11188"}],"wp:term":[{"taxonomy":"product_brand","embeddable":true,"href":"https:\/\/engitech.az\/en\/wp-json\/wp\/v2\/product_brand?post=11188"},{"taxonomy":"product_cat","embeddable":true,"href":"https:\/\/engitech.az\/en\/wp-json\/wp\/v2\/product_cat?post=11188"},{"taxonomy":"product_tag","embeddable":true,"href":"https:\/\/engitech.az\/en\/wp-json\/wp\/v2\/product_tag?post=11188"}],"curies":[{"name":"wp","href":"https:\/\/api.w.org\/{rel}","templated":true}]}}