{"id":11190,"date":"2026-02-16T11:43:55","date_gmt":"2026-02-16T11:43:55","guid":{"rendered":"https:\/\/engitech.az\/?post_type=product&#038;p=11190"},"modified":"2026-02-16T11:43:55","modified_gmt":"2026-02-16T11:43:55","slug":"aperio-l100-electronic-lock","status":"publish","type":"product","link":"https:\/\/engitech.az\/en\/product\/aperio-l100-electronic-lock\/","title":{"rendered":"Aperio L100 Electronic Lock"},"content":{"rendered":"<p>\u2022 <strong data-start=\"90\" data-end=\"98\">Type:<\/strong> Electronic Lock<br data-start=\"114\" data-end=\"117\" \/>\u2022 <strong data-start=\"119\" data-end=\"129\">Model:<\/strong> Aperio L100<br data-start=\"141\" data-end=\"144\" \/>\u2022 <strong data-start=\"146\" data-end=\"156\">Marka:<\/strong> <strong data-start=\"157\" data-end=\"171\">ASSA ABLOY<\/strong><br data-start=\"171\" data-end=\"174\" \/>\u2022 <strong data-start=\"176\" data-end=\"189\">Function:<\/strong> Qap\u0131 giri\u015f n\u0259zar\u0259ti \u00fc\u00e7\u00fcn simli\/simsiz elektron kilid<br data-start=\"242\" data-end=\"245\" \/>\u2022 <strong data-start=\"247\" data-end=\"263\">Texnologiya:<\/strong> RFID \/ BLE (Bluetooth Low Energy) d\u0259st\u0259yi<br data-start=\"305\" data-end=\"308\" \/>\u2022 <strong data-start=\"310\" data-end=\"321\">Energy:<\/strong> Daxili batareya il\u0259 i\u015fl\u0259yir<br data-start=\"349\" data-end=\"352\" \/>\u2022 <strong data-start=\"354\" data-end=\"365\">Assembly:<\/strong> \u018fsas qap\u0131 kilid n\u00f6qt\u0259sin\u0259 uy\u011fun<br data-start=\"397\" data-end=\"400\" \/>\u2022 <strong data-start=\"402\" data-end=\"412\">Additional:<\/strong> Mobil giri\u015f d\u0259st\u0259yi, audit trail, kabelsiz inteqrasiya<\/p>","protected":false},"excerpt":{"rendered":"<p>\u2022 N\u00f6v: Electronic Lock\u2022 Model: Aperio L100\u2022 Marka: ASSA ABLOY\u2022  [&#8230;]<\/p>","protected":false},"featured_media":11191,"comment_status":"open","ping_status":"closed","template":"","meta":[],"product_brand":[],"product_cat":[357],"product_tag":[],"class_list":{"0":"post-11190","1":"product","2":"type-product","3":"status-publish","4":"has-post-thumbnail","6":"product_cat-assa-abloy","7":"pa_mehsul-tipi-access-control","9":"first","10":"instock","11":"sold-individually","12":"shipping-taxable","13":"purchasable","14":"product-type-simple"},"_links":{"self":[{"href":"https:\/\/engitech.az\/en\/wp-json\/wp\/v2\/product\/11190","targetHints":{"allow":["GET"]}}],"collection":[{"href":"https:\/\/engitech.az\/en\/wp-json\/wp\/v2\/product"}],"about":[{"href":"https:\/\/engitech.az\/en\/wp-json\/wp\/v2\/types\/product"}],"replies":[{"embeddable":true,"href":"https:\/\/engitech.az\/en\/wp-json\/wp\/v2\/comments?post=11190"}],"wp:featuredmedia":[{"embeddable":true,"href":"https:\/\/engitech.az\/en\/wp-json\/wp\/v2\/media\/11191"}],"wp:attachment":[{"href":"https:\/\/engitech.az\/en\/wp-json\/wp\/v2\/media?parent=11190"}],"wp:term":[{"taxonomy":"product_brand","embeddable":true,"href":"https:\/\/engitech.az\/en\/wp-json\/wp\/v2\/product_brand?post=11190"},{"taxonomy":"product_cat","embeddable":true,"href":"https:\/\/engitech.az\/en\/wp-json\/wp\/v2\/product_cat?post=11190"},{"taxonomy":"product_tag","embeddable":true,"href":"https:\/\/engitech.az\/en\/wp-json\/wp\/v2\/product_tag?post=11190"}],"curies":[{"name":"wp","href":"https:\/\/api.w.org\/{rel}","templated":true}]}}