{"id":11192,"date":"2026-02-16T11:45:44","date_gmt":"2026-02-16T11:45:44","guid":{"rendered":"https:\/\/engitech.az\/?post_type=product&#038;p=11192"},"modified":"2026-02-16T11:45:45","modified_gmt":"2026-02-16T11:45:45","slug":"aperio-kl100-locker-cabinet-lock","status":"publish","type":"product","link":"https:\/\/engitech.az\/en\/product\/aperio-kl100-locker-cabinet-lock\/","title":{"rendered":"Aperio KL100 Locker &#8211; Cabinet Lock"},"content":{"rendered":"<p>\u2022 <strong data-start=\"124\" data-end=\"132\">Type:<\/strong> Electronic Locker \/ Cabinet Lock<br data-start=\"165\" data-end=\"168\" \/>\u2022 <strong data-start=\"170\" data-end=\"180\">Model:<\/strong> Aperio KL100<br data-start=\"193\" data-end=\"196\" data-is-only-node=\"\" \/>\u2022 <strong data-start=\"198\" data-end=\"211\">Function:<\/strong> Skaf, dolab v\u0259 kabinet qap\u0131lar\u0131 \u00fc\u00e7\u00fcn simsiz giri\u015f n\u0259zar\u0259ti<br data-start=\"270\" data-end=\"273\" \/>\u2022 <strong data-start=\"275\" data-end=\"291\">Texnologiya:<\/strong> RFID \/ BLE (Bluetooth Low Energy)<br data-start=\"325\" data-end=\"328\" \/>\u2022 <strong data-start=\"330\" data-end=\"341\">Energy:<\/strong> Daxili batareya il\u0259 i\u015fl\u0259yir<br data-start=\"369\" data-end=\"372\" \/>\u2022 <strong data-start=\"374\" data-end=\"385\">Assembly:<\/strong> Dolab\/locker qap\u0131s\u0131na uy\u011fun<br data-start=\"413\" data-end=\"416\" \/>\u2022 <strong data-start=\"418\" data-end=\"428\">Additional:<\/strong> Mobil a\u00e7ar d\u0259st\u0259yi, audit trail funksiyas\u0131, kabelsiz inteqrasiya<\/p>","protected":false},"excerpt":{"rendered":"<p>\u2022 N\u00f6v: Electronic Locker \/ Cabinet Lock\u2022 Model: Aperio KL100\u2022  [&#8230;]<\/p>","protected":false},"featured_media":11193,"comment_status":"open","ping_status":"closed","template":"","meta":[],"product_brand":[],"product_cat":[357],"product_tag":[],"class_list":{"0":"post-11192","1":"product","2":"type-product","3":"status-publish","4":"has-post-thumbnail","6":"product_cat-assa-abloy","7":"pa_mehsul-tipi-access-control","9":"first","10":"instock","11":"sold-individually","12":"shipping-taxable","13":"purchasable","14":"product-type-simple"},"_links":{"self":[{"href":"https:\/\/engitech.az\/en\/wp-json\/wp\/v2\/product\/11192","targetHints":{"allow":["GET"]}}],"collection":[{"href":"https:\/\/engitech.az\/en\/wp-json\/wp\/v2\/product"}],"about":[{"href":"https:\/\/engitech.az\/en\/wp-json\/wp\/v2\/types\/product"}],"replies":[{"embeddable":true,"href":"https:\/\/engitech.az\/en\/wp-json\/wp\/v2\/comments?post=11192"}],"wp:featuredmedia":[{"embeddable":true,"href":"https:\/\/engitech.az\/en\/wp-json\/wp\/v2\/media\/11193"}],"wp:attachment":[{"href":"https:\/\/engitech.az\/en\/wp-json\/wp\/v2\/media?parent=11192"}],"wp:term":[{"taxonomy":"product_brand","embeddable":true,"href":"https:\/\/engitech.az\/en\/wp-json\/wp\/v2\/product_brand?post=11192"},{"taxonomy":"product_cat","embeddable":true,"href":"https:\/\/engitech.az\/en\/wp-json\/wp\/v2\/product_cat?post=11192"},{"taxonomy":"product_tag","embeddable":true,"href":"https:\/\/engitech.az\/en\/wp-json\/wp\/v2\/product_tag?post=11192"}],"curies":[{"name":"wp","href":"https:\/\/api.w.org\/{rel}","templated":true}]}}