{"id":11194,"date":"2026-02-16T11:47:26","date_gmt":"2026-02-16T11:47:26","guid":{"rendered":"https:\/\/engitech.az\/?post_type=product&#038;p=11194"},"modified":"2026-02-16T11:47:26","modified_gmt":"2026-02-16T11:47:26","slug":"aperio-ks100-server-cabinet-lock","status":"publish","type":"product","link":"https:\/\/engitech.az\/en\/product\/aperio-ks100-server-cabinet-lock\/","title":{"rendered":"Aperio KS100 Server Cabinet Lock"},"content":{"rendered":"<p data-start=\"333\" data-end=\"701\">\u2022 <strong data-start=\"335\" data-end=\"343\">Type:<\/strong> Electronic Server Cabinet Lock<br data-start=\"374\" data-end=\"377\" \/>\u2022 <strong data-start=\"379\" data-end=\"389\">Model:<\/strong> Aperio KS100<br data-start=\"402\" data-end=\"405\" \/>\u2022 <strong data-start=\"407\" data-end=\"420\">Function:<\/strong> Server kabinet\/qur\u011fu rack qap\u0131lar\u0131 \u00fc\u00e7\u00fcn simsiz giri\u015f kilidi<br data-start=\"480\" data-end=\"483\" \/>\u2022 <strong data-start=\"485\" data-end=\"501\">Texnologiya:<\/strong> RFID \/ Bluetooth Low Energy (BLE)<br data-start=\"535\" data-end=\"538\" \/>\u2022 <strong data-start=\"540\" data-end=\"551\">Energy:<\/strong> Daxili batareya il\u0259 i\u015fl\u0259yir<br data-start=\"579\" data-end=\"582\" \/>\u2022 <strong data-start=\"584\" data-end=\"595\">Assembly:<\/strong> Rack\/server kabinet qap\u0131s\u0131na uy\u011fun<br data-start=\"630\" data-end=\"633\" \/>\u2022 <strong data-start=\"635\" data-end=\"645\">Additional:<\/strong> Mobil a\u00e7ar d\u0259st\u0259yi, audit trail, kabelsiz inteqrasiya<\/p>","protected":false},"excerpt":{"rendered":"<p>\u2022 N\u00f6v: Electronic Server Cabinet Lock\u2022 Model: Aperio KS100\u2022 Funksiya:  [&#8230;]<\/p>","protected":false},"featured_media":11195,"comment_status":"open","ping_status":"closed","template":"","meta":[],"product_brand":[],"product_cat":[357],"product_tag":[],"class_list":{"0":"post-11194","1":"product","2":"type-product","3":"status-publish","4":"has-post-thumbnail","6":"product_cat-assa-abloy","7":"pa_mehsul-tipi-access-control","9":"first","10":"instock","11":"sold-individually","12":"shipping-taxable","13":"purchasable","14":"product-type-simple"},"_links":{"self":[{"href":"https:\/\/engitech.az\/en\/wp-json\/wp\/v2\/product\/11194","targetHints":{"allow":["GET"]}}],"collection":[{"href":"https:\/\/engitech.az\/en\/wp-json\/wp\/v2\/product"}],"about":[{"href":"https:\/\/engitech.az\/en\/wp-json\/wp\/v2\/types\/product"}],"replies":[{"embeddable":true,"href":"https:\/\/engitech.az\/en\/wp-json\/wp\/v2\/comments?post=11194"}],"wp:featuredmedia":[{"embeddable":true,"href":"https:\/\/engitech.az\/en\/wp-json\/wp\/v2\/media\/11195"}],"wp:attachment":[{"href":"https:\/\/engitech.az\/en\/wp-json\/wp\/v2\/media?parent=11194"}],"wp:term":[{"taxonomy":"product_brand","embeddable":true,"href":"https:\/\/engitech.az\/en\/wp-json\/wp\/v2\/product_brand?post=11194"},{"taxonomy":"product_cat","embeddable":true,"href":"https:\/\/engitech.az\/en\/wp-json\/wp\/v2\/product_cat?post=11194"},{"taxonomy":"product_tag","embeddable":true,"href":"https:\/\/engitech.az\/en\/wp-json\/wp\/v2\/product_tag?post=11194"}],"curies":[{"name":"wp","href":"https:\/\/api.w.org\/{rel}","templated":true}]}}