{"id":11196,"date":"2026-02-16T11:54:18","date_gmt":"2026-02-16T11:54:18","guid":{"rendered":"https:\/\/engitech.az\/?post_type=product&#038;p=11196"},"modified":"2026-02-16T11:54:19","modified_gmt":"2026-02-16T11:54:19","slug":"aperio-communication-hubs","status":"publish","type":"product","link":"https:\/\/engitech.az\/en\/product\/aperio-communication-hubs\/","title":{"rendered":"Aperio Communication Hubs"},"content":{"rendered":"<p>\u2022 <strong data-start=\"274\" data-end=\"282\">Type:<\/strong> Communication Hub \/ Gateway<br data-start=\"310\" data-end=\"313\" \/>\u2022 <strong data-start=\"315\" data-end=\"325\">Model:<\/strong> Aperio Communication Hub<br data-start=\"350\" data-end=\"353\" \/>\u2022 <strong data-start=\"355\" data-end=\"365\">Marka:<\/strong> ASSA ABLOY Aperio<br data-start=\"383\" data-end=\"386\" \/>\u2022 <strong data-start=\"388\" data-end=\"401\">Function:<\/strong> Aperio cihazlar\u0131n\u0131 <strong data-start=\"421\" data-end=\"463\">access control sistemin\u0259 \u0259laq\u0259l\u0259ndirir<\/strong><br data-start=\"463\" data-end=\"466\" \/>\u2022 <strong data-start=\"468\" data-end=\"481\">Link:<\/strong> Ethernet \/ TCP\/IP \/ Wireless (modeld\u0259n as\u0131l\u0131)<br data-start=\"527\" data-end=\"530\" \/>\u2022 <strong data-start=\"532\" data-end=\"542\">Additional:<\/strong><br data-start=\"542\" data-end=\"545\" \/>\u2013 Aperio oxuyucular v\u0259 kilidl\u0259r \u00fc\u00e7\u00fcn m\u0259lumat m\u0259rk\u0259zi<br data-start=\"599\" data-end=\"602\" \/>\u2013 Mobil a\u00e7ar v\u0259 audit trail d\u0259st\u0259yi<br data-start=\"639\" data-end=\"642\" \/>\u2013 On-line \/ off-line rejiml\u0259r<\/p>","protected":false},"excerpt":{"rendered":"<p>\u2022 N\u00f6v: Communication Hub \/ Gateway\u2022 Model: Aperio Communication Hub\u2022  [&#8230;]<\/p>","protected":false},"featured_media":11197,"comment_status":"open","ping_status":"closed","template":"","meta":[],"product_brand":[],"product_cat":[357],"product_tag":[],"class_list":{"0":"post-11196","1":"product","2":"type-product","3":"status-publish","4":"has-post-thumbnail","6":"product_cat-assa-abloy","7":"pa_mehsul-tipi-access-control","9":"first","10":"instock","11":"sold-individually","12":"shipping-taxable","13":"purchasable","14":"product-type-simple"},"_links":{"self":[{"href":"https:\/\/engitech.az\/en\/wp-json\/wp\/v2\/product\/11196","targetHints":{"allow":["GET"]}}],"collection":[{"href":"https:\/\/engitech.az\/en\/wp-json\/wp\/v2\/product"}],"about":[{"href":"https:\/\/engitech.az\/en\/wp-json\/wp\/v2\/types\/product"}],"replies":[{"embeddable":true,"href":"https:\/\/engitech.az\/en\/wp-json\/wp\/v2\/comments?post=11196"}],"wp:featuredmedia":[{"embeddable":true,"href":"https:\/\/engitech.az\/en\/wp-json\/wp\/v2\/media\/11197"}],"wp:attachment":[{"href":"https:\/\/engitech.az\/en\/wp-json\/wp\/v2\/media?parent=11196"}],"wp:term":[{"taxonomy":"product_brand","embeddable":true,"href":"https:\/\/engitech.az\/en\/wp-json\/wp\/v2\/product_brand?post=11196"},{"taxonomy":"product_cat","embeddable":true,"href":"https:\/\/engitech.az\/en\/wp-json\/wp\/v2\/product_cat?post=11196"},{"taxonomy":"product_tag","embeddable":true,"href":"https:\/\/engitech.az\/en\/wp-json\/wp\/v2\/product_tag?post=11196"}],"curies":[{"name":"wp","href":"https:\/\/api.w.org\/{rel}","templated":true}]}}