{"id":11198,"date":"2026-02-16T11:56:13","date_gmt":"2026-02-16T11:56:13","guid":{"rendered":"https:\/\/engitech.az\/?post_type=product&#038;p=11198"},"modified":"2026-02-16T11:56:14","modified_gmt":"2026-02-16T11:56:14","slug":"smartair-cabinet-lock","status":"publish","type":"product","link":"https:\/\/engitech.az\/en\/product\/smartair-cabinet-lock\/","title":{"rendered":"SMARTair Cabinet Lock"},"content":{"rendered":"<p data-start=\"82\" data-end=\"514\">\u2022 <strong data-start=\"84\" data-end=\"92\">Type:<\/strong> Electronic Cabinet \/ Locker Lock<br data-start=\"125\" data-end=\"128\" \/>\u2022 <strong data-start=\"130\" data-end=\"140\">Model:<\/strong> SMARTair Cabinet Lock<br data-start=\"162\" data-end=\"165\" \/>\u2022 <strong data-start=\"167\" data-end=\"177\">Marka:<\/strong> <strong data-start=\"178\" data-end=\"219\"><span class=\"hover:entity-accent entity-underline inline cursor-pointer align-baseline\"><span class=\"whitespace-normal\">ASSA ABLOY<\/span><\/span><\/strong><br data-start=\"219\" data-end=\"222\" \/>\u2022 <strong data-start=\"224\" data-end=\"237\">Function:<\/strong> Elektron giri\u015f n\u0259zar\u0259ti \u2014 kabinet v\u0259 dolab qap\u0131lar\u0131 \u00fc\u00e7\u00fcn<br data-start=\"294\" data-end=\"297\" \/>\u2022 <strong data-start=\"299\" data-end=\"315\">Texnologiya:<\/strong> RFID \/ BLE (Bluetooth Low Energy)<br data-start=\"349\" data-end=\"352\" \/>\u2022 <strong data-start=\"354\" data-end=\"365\">Energy:<\/strong> Daxili batareya il\u0259 i\u015fl\u0259yir<br data-start=\"393\" data-end=\"396\" \/>\u2022 <strong data-start=\"398\" data-end=\"409\">Assembly:<\/strong> Kabinet v\u0259 locker qap\u0131lar\u0131na uy\u011fun<br data-start=\"444\" data-end=\"447\" \/>\u2022 <strong data-start=\"449\" data-end=\"459\">Additional:<\/strong> Mobil giri\u015f d\u0259st\u0259yi, audit trail, simsiz inteqrasiya<\/p>","protected":false},"excerpt":{"rendered":"<p>\u2022 N\u00f6v: Electronic Cabinet \/ Locker Lock\u2022 Model: SMARTair Cabinet  [&#8230;]<\/p>","protected":false},"featured_media":11199,"comment_status":"open","ping_status":"closed","template":"","meta":[],"product_brand":[],"product_cat":[357],"product_tag":[],"class_list":{"0":"post-11198","1":"product","2":"type-product","3":"status-publish","4":"has-post-thumbnail","6":"product_cat-assa-abloy","7":"pa_mehsul-tipi-access-control","9":"first","10":"instock","11":"sold-individually","12":"shipping-taxable","13":"purchasable","14":"product-type-simple"},"_links":{"self":[{"href":"https:\/\/engitech.az\/en\/wp-json\/wp\/v2\/product\/11198","targetHints":{"allow":["GET"]}}],"collection":[{"href":"https:\/\/engitech.az\/en\/wp-json\/wp\/v2\/product"}],"about":[{"href":"https:\/\/engitech.az\/en\/wp-json\/wp\/v2\/types\/product"}],"replies":[{"embeddable":true,"href":"https:\/\/engitech.az\/en\/wp-json\/wp\/v2\/comments?post=11198"}],"wp:featuredmedia":[{"embeddable":true,"href":"https:\/\/engitech.az\/en\/wp-json\/wp\/v2\/media\/11199"}],"wp:attachment":[{"href":"https:\/\/engitech.az\/en\/wp-json\/wp\/v2\/media?parent=11198"}],"wp:term":[{"taxonomy":"product_brand","embeddable":true,"href":"https:\/\/engitech.az\/en\/wp-json\/wp\/v2\/product_brand?post=11198"},{"taxonomy":"product_cat","embeddable":true,"href":"https:\/\/engitech.az\/en\/wp-json\/wp\/v2\/product_cat?post=11198"},{"taxonomy":"product_tag","embeddable":true,"href":"https:\/\/engitech.az\/en\/wp-json\/wp\/v2\/product_tag?post=11198"}],"curies":[{"name":"wp","href":"https:\/\/api.w.org\/{rel}","templated":true}]}}