{"id":11202,"date":"2026-02-16T12:11:31","date_gmt":"2026-02-16T12:11:31","guid":{"rendered":"https:\/\/engitech.az\/?post_type=product&#038;p=11202"},"modified":"2026-02-16T12:11:32","modified_gmt":"2026-02-16T12:11:32","slug":"code-handle","status":"publish","type":"product","link":"https:\/\/engitech.az\/en\/product\/code-handle\/","title":{"rendered":"Code Handle"},"content":{"rendered":"<p>\u2022 <strong data-start=\"117\" data-end=\"125\">Type:<\/strong> Electronic Code Handle \/ Keyless Entry<br data-start=\"164\" data-end=\"167\" \/>\u2022 <strong data-start=\"169\" data-end=\"179\">Model:<\/strong> Code Handle<br data-start=\"191\" data-end=\"194\" \/>\u2022 <strong data-start=\"196\" data-end=\"206\">Marka:<\/strong> <strong data-start=\"207\" data-end=\"221\">ASSA ABLOY<\/strong><br data-start=\"221\" data-end=\"224\" \/>\u2022 <strong data-start=\"226\" data-end=\"239\">Function:<\/strong> Qap\u0131 \u00fc\u00e7\u00fcn <strong data-start=\"250\" data-end=\"276\">kodlu elektron tutacaq<\/strong><br data-start=\"276\" data-end=\"279\" \/>\u2022 <strong data-start=\"281\" data-end=\"297\">Texnologiya:<\/strong> PIN kod giri\u015f sistemi<br data-start=\"319\" data-end=\"322\" \/>\u2022 <strong data-start=\"324\" data-end=\"335\">Energy:<\/strong> Daxili batareya il\u0259 i\u015fl\u0259yir<br data-start=\"363\" data-end=\"366\" \/>\u2022 <strong data-start=\"368\" data-end=\"379\">Assembly:<\/strong> Qap\u0131 \u00fcz\u0259rin\u0259 sad\u0259 qura\u015fd\u0131rma<\/p>","protected":false},"excerpt":{"rendered":"<p>\u2022 N\u00f6v: Electronic Code Handle \/ Keyless Entry\u2022 Model: Code  [&#8230;]<\/p>","protected":false},"featured_media":11203,"comment_status":"open","ping_status":"closed","template":"","meta":[],"product_brand":[],"product_cat":[357],"product_tag":[],"class_list":{"0":"post-11202","1":"product","2":"type-product","3":"status-publish","4":"has-post-thumbnail","6":"product_cat-assa-abloy","7":"pa_mehsul-tipi-access-control","9":"first","10":"instock","11":"sold-individually","12":"shipping-taxable","13":"purchasable","14":"product-type-simple"},"_links":{"self":[{"href":"https:\/\/engitech.az\/en\/wp-json\/wp\/v2\/product\/11202","targetHints":{"allow":["GET"]}}],"collection":[{"href":"https:\/\/engitech.az\/en\/wp-json\/wp\/v2\/product"}],"about":[{"href":"https:\/\/engitech.az\/en\/wp-json\/wp\/v2\/types\/product"}],"replies":[{"embeddable":true,"href":"https:\/\/engitech.az\/en\/wp-json\/wp\/v2\/comments?post=11202"}],"wp:featuredmedia":[{"embeddable":true,"href":"https:\/\/engitech.az\/en\/wp-json\/wp\/v2\/media\/11203"}],"wp:attachment":[{"href":"https:\/\/engitech.az\/en\/wp-json\/wp\/v2\/media?parent=11202"}],"wp:term":[{"taxonomy":"product_brand","embeddable":true,"href":"https:\/\/engitech.az\/en\/wp-json\/wp\/v2\/product_brand?post=11202"},{"taxonomy":"product_cat","embeddable":true,"href":"https:\/\/engitech.az\/en\/wp-json\/wp\/v2\/product_cat?post=11202"},{"taxonomy":"product_tag","embeddable":true,"href":"https:\/\/engitech.az\/en\/wp-json\/wp\/v2\/product_tag?post=11202"}],"curies":[{"name":"wp","href":"https:\/\/api.w.org\/{rel}","templated":true}]}}