{"id":11204,"date":"2026-02-16T12:12:37","date_gmt":"2026-02-16T12:12:37","guid":{"rendered":"https:\/\/engitech.az\/?post_type=product&#038;p=11204"},"modified":"2026-02-16T12:12:37","modified_gmt":"2026-02-16T12:12:37","slug":"digital-locker-lock","status":"publish","type":"product","link":"https:\/\/engitech.az\/en\/product\/digital-locker-lock\/","title":{"rendered":"Digital Locker Lock"},"content":{"rendered":"<p>\u2022 <strong data-start=\"129\" data-end=\"137\">Type:<\/strong> Electronic Locker \/ Cabinet Lock<br data-start=\"170\" data-end=\"173\" \/>\u2022 <strong data-start=\"175\" data-end=\"185\">Model:<\/strong> Digital Locker Lock<br data-start=\"205\" data-end=\"208\" \/>\u2022 <strong data-start=\"210\" data-end=\"220\">Marka:<\/strong> <strong data-start=\"221\" data-end=\"235\">ASSA ABLOY<\/strong><br data-start=\"235\" data-end=\"238\" \/>\u2022 <strong data-start=\"240\" data-end=\"253\">Function:<\/strong> Kabinet, dolab v\u0259 skaflara <strong data-start=\"281\" data-end=\"308\">r\u0259q\u0259msal giri\u015f n\u0259zar\u0259ti<\/strong><br data-start=\"308\" data-end=\"311\" \/>\u2022 <strong data-start=\"313\" data-end=\"329\">Texnologiya:<\/strong> RFID \/ BLE (Bluetooth Low Energy)<br data-start=\"363\" data-end=\"366\" \/>\u2022 <strong data-start=\"368\" data-end=\"379\">Energy:<\/strong> Daxili batareya il\u0259 i\u015fl\u0259yir<br data-start=\"407\" data-end=\"410\" \/>\u2022 <strong data-start=\"412\" data-end=\"423\">Assembly:<\/strong> Dolab v\u0259 locker qap\u0131lar\u0131na uy\u011fun<br data-start=\"456\" data-end=\"459\" \/>\u2022 <strong data-start=\"461\" data-end=\"471\">Additional:<\/strong> Mobil giri\u015f, PIN \/ kart \/ telefon d\u0259st\u0259yi<\/p>","protected":false},"excerpt":{"rendered":"<p>\u2022 N\u00f6v: Electronic Locker \/ Cabinet Lock\u2022 Model: Digital Locker  [&#8230;]<\/p>","protected":false},"featured_media":11205,"comment_status":"open","ping_status":"closed","template":"","meta":[],"product_brand":[],"product_cat":[357],"product_tag":[],"class_list":{"0":"post-11204","1":"product","2":"type-product","3":"status-publish","4":"has-post-thumbnail","6":"product_cat-assa-abloy","7":"pa_mehsul-tipi-access-control","9":"first","10":"instock","11":"sold-individually","12":"shipping-taxable","13":"purchasable","14":"product-type-simple"},"_links":{"self":[{"href":"https:\/\/engitech.az\/en\/wp-json\/wp\/v2\/product\/11204","targetHints":{"allow":["GET"]}}],"collection":[{"href":"https:\/\/engitech.az\/en\/wp-json\/wp\/v2\/product"}],"about":[{"href":"https:\/\/engitech.az\/en\/wp-json\/wp\/v2\/types\/product"}],"replies":[{"embeddable":true,"href":"https:\/\/engitech.az\/en\/wp-json\/wp\/v2\/comments?post=11204"}],"wp:featuredmedia":[{"embeddable":true,"href":"https:\/\/engitech.az\/en\/wp-json\/wp\/v2\/media\/11205"}],"wp:attachment":[{"href":"https:\/\/engitech.az\/en\/wp-json\/wp\/v2\/media?parent=11204"}],"wp:term":[{"taxonomy":"product_brand","embeddable":true,"href":"https:\/\/engitech.az\/en\/wp-json\/wp\/v2\/product_brand?post=11204"},{"taxonomy":"product_cat","embeddable":true,"href":"https:\/\/engitech.az\/en\/wp-json\/wp\/v2\/product_cat?post=11204"},{"taxonomy":"product_tag","embeddable":true,"href":"https:\/\/engitech.az\/en\/wp-json\/wp\/v2\/product_tag?post=11204"}],"curies":[{"name":"wp","href":"https:\/\/api.w.org\/{rel}","templated":true}]}}