{"id":11206,"date":"2026-02-16T12:25:11","date_gmt":"2026-02-16T12:25:11","guid":{"rendered":"https:\/\/engitech.az\/?post_type=product&#038;p=11206"},"modified":"2026-02-16T12:25:11","modified_gmt":"2026-02-16T12:25:11","slug":"powershield-fire-doors","status":"publish","type":"product","link":"https:\/\/engitech.az\/en\/product\/powershield-fire-doors\/","title":{"rendered":"Powershield Fire Doors"},"content":{"rendered":"<p data-start=\"181\" data-end=\"542\">\u2022 <strong data-start=\"183\" data-end=\"191\">Type:<\/strong> Fire Rated Door \/ Safety Door<br data-start=\"221\" data-end=\"224\" \/>\u2022 <strong data-start=\"226\" data-end=\"236\">Model:<\/strong> Powershield<br data-start=\"248\" data-end=\"251\" \/>\u2022 <strong data-start=\"253\" data-end=\"263\">Marka:<\/strong> <strong data-start=\"264\" data-end=\"278\">ASSA ABLOY<\/strong><br data-start=\"278\" data-end=\"281\" \/>\u2022 <strong data-start=\"283\" data-end=\"296\">Function:<\/strong> Yan\u011f\u0131na qar\u015f\u0131 davaml\u0131 qap\u0131 sistemi<br data-start=\"331\" data-end=\"334\" \/>\u2022 <strong data-start=\"336\" data-end=\"348\">Reytinq:<\/strong> FD60, FD90 v\u0259 ya dig\u0259r standartlara uy\u011fun<br data-start=\"390\" data-end=\"393\" \/>\u2022 <strong data-start=\"395\" data-end=\"408\">Material:<\/strong> Y\u00fcks\u0259k keyfiyy\u0259tli polad v\u0259 izolyasiya materiallar\u0131<br data-start=\"460\" data-end=\"463\" \/>\u2022 <strong data-start=\"465\" data-end=\"475\">Additional:<\/strong> Smoke seal, latching hardware v\u0259 inteqrasiya olunmu\u015f aksesuarlar<\/p>","protected":false},"excerpt":{"rendered":"<p>\u2022 N\u00f6v: Fire Rated Door \/ Safety Door\u2022 Model: Powershield\u2022  [&#8230;]<\/p>","protected":false},"featured_media":11215,"comment_status":"open","ping_status":"closed","template":"","meta":[],"product_brand":[],"product_cat":[357],"product_tag":[],"class_list":{"0":"post-11206","1":"product","2":"type-product","3":"status-publish","4":"has-post-thumbnail","6":"product_cat-assa-abloy","7":"pa_mehsul-tipi-fire-doors","9":"first","10":"instock","11":"sold-individually","12":"shipping-taxable","13":"purchasable","14":"product-type-simple"},"_links":{"self":[{"href":"https:\/\/engitech.az\/en\/wp-json\/wp\/v2\/product\/11206","targetHints":{"allow":["GET"]}}],"collection":[{"href":"https:\/\/engitech.az\/en\/wp-json\/wp\/v2\/product"}],"about":[{"href":"https:\/\/engitech.az\/en\/wp-json\/wp\/v2\/types\/product"}],"replies":[{"embeddable":true,"href":"https:\/\/engitech.az\/en\/wp-json\/wp\/v2\/comments?post=11206"}],"wp:featuredmedia":[{"embeddable":true,"href":"https:\/\/engitech.az\/en\/wp-json\/wp\/v2\/media\/11215"}],"wp:attachment":[{"href":"https:\/\/engitech.az\/en\/wp-json\/wp\/v2\/media?parent=11206"}],"wp:term":[{"taxonomy":"product_brand","embeddable":true,"href":"https:\/\/engitech.az\/en\/wp-json\/wp\/v2\/product_brand?post=11206"},{"taxonomy":"product_cat","embeddable":true,"href":"https:\/\/engitech.az\/en\/wp-json\/wp\/v2\/product_cat?post=11206"},{"taxonomy":"product_tag","embeddable":true,"href":"https:\/\/engitech.az\/en\/wp-json\/wp\/v2\/product_tag?post=11206"}],"curies":[{"name":"wp","href":"https:\/\/api.w.org\/{rel}","templated":true}]}}